{"id":89,"date":"2016-07-12T16:18:57","date_gmt":"2016-07-12T14:18:57","guid":{"rendered":"https:\/\/www.icepower.com\/si\/?page_id=89"},"modified":"2020-10-21T14:14:30","modified_gmt":"2020-10-21T12:14:30","slug":"ice-power-pri-sportnih-dejavnostih","status":"publish","type":"page","link":"https:\/\/www.icepower.com\/si\/uporaba\/ice-power-pri-sportnih-dejavnostih\/","title":{"rendered":"Ice Power pri \u0161portnih dejavnostih"},"content":{"rendered":"<h1>Ice Power \u2013 hitro laj\u0161anje bole\u010din<\/h1>\n<p>Hladilni izdelki Ice Power se uporabljajo kot prva pomo\u010d pri akutnih po\u0161kodbah ter za pospe\u0161itev okrevanja po po\u0161kodbah. So zelo primerni za hitro pripravo \u0161portnikov pred fizi\u010dnimi napori in po njih. Hladilni u\u010dinek zmanj\u0161uje vnetne procese, prepre\u010duje otekanje in bla\u017ei bole\u010dine.<\/p>\n","protected":false},"excerpt":{"rendered":"<p>Izdelki Ice Power se pogosto uporabljajo v razli\u010dnih \u0161portih, saj omogo\u010dajo odli\u010dno sprostitev pred in po telesnih naporih<\/p>\n","protected":false},"author":1,"featured_media":0,"parent":74,"menu_order":0,"comment_status":"closed","ping_status":"closed","template":"blocks_tpl.php","meta":{"_acf_changed":false,"_exactmetrics_skip_tracking":false,"_exactmetrics_sitenote_active":false,"_exactmetrics_sitenote_note":"","_exactmetrics_sitenote_category":0,"footnotes":""},"class_list":["post-89","page","type-page","status-publish","hentry"],"acf":[],"_links":{"self":[{"href":"https:\/\/www.icepower.com\/si\/wp-json\/wp\/v2\/pages\/89","targetHints":{"allow":["GET"]}}],"collection":[{"href":"https:\/\/www.icepower.com\/si\/wp-json\/wp\/v2\/pages"}],"about":[{"href":"https:\/\/www.icepower.com\/si\/wp-json\/wp\/v2\/types\/page"}],"author":[{"embeddable":true,"href":"https:\/\/www.icepower.com\/si\/wp-json\/wp\/v2\/users\/1"}],"replies":[{"embeddable":true,"href":"https:\/\/www.icepower.com\/si\/wp-json\/wp\/v2\/comments?post=89"}],"version-history":[{"count":7,"href":"https:\/\/www.icepower.com\/si\/wp-json\/wp\/v2\/pages\/89\/revisions"}],"predecessor-version":[{"id":680,"href":"https:\/\/www.icepower.com\/si\/wp-json\/wp\/v2\/pages\/89\/revisions\/680"}],"up":[{"embeddable":true,"href":"https:\/\/www.icepower.com\/si\/wp-json\/wp\/v2\/pages\/74"}],"wp:attachment":[{"href":"https:\/\/www.icepower.com\/si\/wp-json\/wp\/v2\/media?parent=89"}],"curies":[{"name":"wp","href":"https:\/\/api.w.org\/{rel}","templated":true}]}}