{"id":84,"date":"2016-07-12T16:18:50","date_gmt":"2016-07-12T14:18:50","guid":{"rendered":"https:\/\/www.icepower.com\/si\/?page_id=84"},"modified":"2022-11-29T07:02:43","modified_gmt":"2022-11-29T06:02:43","slug":"ice-power-za-misice","status":"publish","type":"page","link":"https:\/\/www.icepower.com\/si\/uporaba\/ice-power-za-misice\/","title":{"rendered":"Ice Power za mi\u0161ice"},"content":{"rendered":"<h1>Ice Power \u2013 hitro laj\u0161anje bole\u010din v mi\u0161icah<\/h1>\n<p>Hladilni izdelki Ice Power hitro in u\u010dinkovito laj\u0161ajo bole\u010dine v mi\u0161icah in delujejo protivnetno. Hladilni gel Ice Power je klini\u010dno testiran izdelek, ki ne vsebuje zdravil in je varen za uporabo. Omogo\u010da hiter in dolgotrajen hladilni u\u010dinek, prav tako pa \u017ee v nekaj minutah zni\u017ea temperaturo ko\u017ee za pribli\u017eno 5 do 7 stopinj.<\/p>\n<p>&nbsp;<\/p>\n","protected":false},"excerpt":{"rendered":"<p>Hitro in u\u010dinkovito laj\u0161a bole\u010dine v mi\u0161icah in deluje protivnetno<\/p>\n","protected":false},"author":1,"featured_media":0,"parent":74,"menu_order":0,"comment_status":"closed","ping_status":"closed","template":"blocks_tpl.php","meta":{"_acf_changed":false,"_exactmetrics_skip_tracking":false,"_exactmetrics_sitenote_active":false,"_exactmetrics_sitenote_note":"","_exactmetrics_sitenote_category":0,"footnotes":""},"class_list":["post-84","page","type-page","status-publish","hentry"],"acf":[],"_links":{"self":[{"href":"https:\/\/www.icepower.com\/si\/wp-json\/wp\/v2\/pages\/84","targetHints":{"allow":["GET"]}}],"collection":[{"href":"https:\/\/www.icepower.com\/si\/wp-json\/wp\/v2\/pages"}],"about":[{"href":"https:\/\/www.icepower.com\/si\/wp-json\/wp\/v2\/types\/page"}],"author":[{"embeddable":true,"href":"https:\/\/www.icepower.com\/si\/wp-json\/wp\/v2\/users\/1"}],"replies":[{"embeddable":true,"href":"https:\/\/www.icepower.com\/si\/wp-json\/wp\/v2\/comments?post=84"}],"version-history":[{"count":12,"href":"https:\/\/www.icepower.com\/si\/wp-json\/wp\/v2\/pages\/84\/revisions"}],"predecessor-version":[{"id":705,"href":"https:\/\/www.icepower.com\/si\/wp-json\/wp\/v2\/pages\/84\/revisions\/705"}],"up":[{"embeddable":true,"href":"https:\/\/www.icepower.com\/si\/wp-json\/wp\/v2\/pages\/74"}],"wp:attachment":[{"href":"https:\/\/www.icepower.com\/si\/wp-json\/wp\/v2\/media?parent=84"}],"curies":[{"name":"wp","href":"https:\/\/api.w.org\/{rel}","templated":true}]}}