{"id":79,"date":"2016-07-12T16:18:43","date_gmt":"2016-07-12T14:18:43","guid":{"rendered":"https:\/\/www.icepower.com\/si\/?page_id=79"},"modified":"2022-11-29T07:22:20","modified_gmt":"2022-11-29T06:22:20","slug":"ice-power-za-bolecine-v-sklepih","status":"publish","type":"page","link":"https:\/\/www.icepower.com\/si\/uporaba\/ice-power-za-bolecine-v-sklepih\/","title":{"rendered":"Ice Power za bole\u010dine v sklepih"},"content":{"rendered":"<h1>Ice Power \u2013 hitro laj\u0161anje bole\u010din v sklepih<\/h1>\n<p>Hladilni izdelki Ice Power bla\u017eijo otekanje in bole\u010dine v sklepih ter varno izbolj\u0161ujejo gibljivost sklepov, saj ne vsebujejo zdravil. Krema za sklepe Ice Power Arthro je edinstvena hladilna krema za bole\u010de in otekle sklepe.<\/p>\n","protected":false},"excerpt":{"rendered":"<p>Izdelki Ice Power hitro bla\u017eijo razli\u010dne te\u017eave s sklepi ter izbolj\u0161ujejo gibljivost sklepov<\/p>\n","protected":false},"author":1,"featured_media":0,"parent":74,"menu_order":0,"comment_status":"closed","ping_status":"closed","template":"blocks_tpl.php","meta":{"_acf_changed":false,"_exactmetrics_skip_tracking":false,"_exactmetrics_sitenote_active":false,"_exactmetrics_sitenote_note":"","_exactmetrics_sitenote_category":0,"footnotes":""},"class_list":["post-79","page","type-page","status-publish","hentry"],"acf":[],"_links":{"self":[{"href":"https:\/\/www.icepower.com\/si\/wp-json\/wp\/v2\/pages\/79","targetHints":{"allow":["GET"]}}],"collection":[{"href":"https:\/\/www.icepower.com\/si\/wp-json\/wp\/v2\/pages"}],"about":[{"href":"https:\/\/www.icepower.com\/si\/wp-json\/wp\/v2\/types\/page"}],"author":[{"embeddable":true,"href":"https:\/\/www.icepower.com\/si\/wp-json\/wp\/v2\/users\/1"}],"replies":[{"embeddable":true,"href":"https:\/\/www.icepower.com\/si\/wp-json\/wp\/v2\/comments?post=79"}],"version-history":[{"count":7,"href":"https:\/\/www.icepower.com\/si\/wp-json\/wp\/v2\/pages\/79\/revisions"}],"predecessor-version":[{"id":706,"href":"https:\/\/www.icepower.com\/si\/wp-json\/wp\/v2\/pages\/79\/revisions\/706"}],"up":[{"embeddable":true,"href":"https:\/\/www.icepower.com\/si\/wp-json\/wp\/v2\/pages\/74"}],"wp:attachment":[{"href":"https:\/\/www.icepower.com\/si\/wp-json\/wp\/v2\/media?parent=79"}],"curies":[{"name":"wp","href":"https:\/\/api.w.org\/{rel}","templated":true}]}}