{"id":503,"date":"2015-09-03T14:32:03","date_gmt":"2015-09-03T11:32:03","guid":{"rendered":"https:\/\/www.icepower.com\/fi\/?page_id=503&#038;lang=sv"},"modified":"2022-11-25T12:30:57","modified_gmt":"2022-11-25T11:30:57","slug":"ice-power-for-lederna","status":"publish","type":"page","link":"https:\/\/www.icepower.com\/se\/anvandning\/ice-power-for-lederna\/","title":{"rendered":"Ice Power f\u00f6r lederna"},"content":{"rendered":"<p style=\"margin: 0in;font-family: Aaux next;font-size: 10pt;color: black;text-align: justify\">Ice Power kylterapiprodukter \u00e4r ett l\u00e4kemedelsfritt alternativ f\u00f6r ledv\u00e4rk, som minskar svullnad och lindrar sm\u00e4rta i lederna.<\/p>\n<p style=\"margin: 0in;font-family: Aaux next;font-size: 10pt;color: black;text-align: justify\">Arthro Creme \u00e4r en unik kylkr\u00e4m f\u00f6r behandling av olika ledproblem.\u00a0Arthro Creme ger snabb sm\u00e4rtlindring och \u00e4r v\u00e4l bepr\u00f6vad som en effektiv ledkr\u00e4m. Enligt studierna lindrar Arthro Creme avsev\u00e4rt m\u00e5ttlig sm\u00e4rta i lederna och \u00f6kar r\u00f6rligheten i lederna.<\/p>\n","protected":false},"excerpt":{"rendered":"<p>Ice Power kylterapiprodukter \u00e4r ett l\u00e4kemedelsfritt alternativ f\u00f6r ledv\u00e4rk, som minskar svullnad och lindrar sm\u00e4rta i lederna.<\/p>\n","protected":false},"author":1,"featured_media":678,"parent":464,"menu_order":0,"comment_status":"open","ping_status":"open","template":"blocks_tpl.php","meta":{"_acf_changed":false,"_exactmetrics_skip_tracking":false,"_exactmetrics_sitenote_active":false,"_exactmetrics_sitenote_note":"","_exactmetrics_sitenote_category":0,"footnotes":""},"class_list":["post-503","page","type-page","status-publish","has-post-thumbnail","hentry"],"acf":[],"_links":{"self":[{"href":"https:\/\/www.icepower.com\/se\/wp-json\/wp\/v2\/pages\/503","targetHints":{"allow":["GET"]}}],"collection":[{"href":"https:\/\/www.icepower.com\/se\/wp-json\/wp\/v2\/pages"}],"about":[{"href":"https:\/\/www.icepower.com\/se\/wp-json\/wp\/v2\/types\/page"}],"author":[{"embeddable":true,"href":"https:\/\/www.icepower.com\/se\/wp-json\/wp\/v2\/users\/1"}],"replies":[{"embeddable":true,"href":"https:\/\/www.icepower.com\/se\/wp-json\/wp\/v2\/comments?post=503"}],"version-history":[{"count":9,"href":"https:\/\/www.icepower.com\/se\/wp-json\/wp\/v2\/pages\/503\/revisions"}],"predecessor-version":[{"id":1335,"href":"https:\/\/www.icepower.com\/se\/wp-json\/wp\/v2\/pages\/503\/revisions\/1335"}],"up":[{"embeddable":true,"href":"https:\/\/www.icepower.com\/se\/wp-json\/wp\/v2\/pages\/464"}],"wp:featuredmedia":[{"embeddable":true,"href":"https:\/\/www.icepower.com\/se\/wp-json\/wp\/v2\/media\/678"}],"wp:attachment":[{"href":"https:\/\/www.icepower.com\/se\/wp-json\/wp\/v2\/media?parent=503"}],"curies":[{"name":"wp","href":"https:\/\/api.w.org\/{rel}","templated":true}]}}