{"id":476,"date":"2015-09-03T12:48:12","date_gmt":"2015-09-03T09:48:12","guid":{"rendered":"https:\/\/www.icepower.com\/fi\/?page_id=476&#038;lang=sv"},"modified":"2022-02-07T10:24:48","modified_gmt":"2022-02-07T09:24:48","slug":"ice-power-mot-muskelsmartor","status":"publish","type":"page","link":"https:\/\/www.icepower.com\/se\/anvandning\/ice-power-mot-muskelsmartor\/","title":{"rendered":"Ice Power mot muskelsm\u00e4rtor"},"content":{"rendered":"<p>Ice Power kylterapi erbjuder en snabb och l\u00e5ngvarig lindring av sm\u00e4rta och v\u00e4rk. Den reducerar\u00a0 \u00e4ven\u00a0 svullnad i mjukv\u00e4vnader och lindrar led-skador\/-besv\u00e4r, bidrar till anti-inflammatorisk process och stimulerar kroppens egen l\u00e4kningskraft. Ice Power kylande gel minskar muskelsp\u00e4nning och p\u00e5skyndar muskel\u00e5terh\u00e4mtning efter tr\u00e4ning. Ice Power kylande gel kan anv\u00e4ndas av barn och under graviditet. \u00a0Ice Power kylande gel har vetenskaplig bevisad effekt.<\/p>\n","protected":false},"excerpt":{"rendered":"<p> Ice Power kylterapiprodukter minskar muskelsp\u00e4nning och p\u00e5skyndar muskel\u00e5terh\u00e4mtning efter tr\u00e4ning. Kan ocks\u00e5 anv\u00e4ndas av barn.<\/p>\n","protected":false},"author":1,"featured_media":0,"parent":464,"menu_order":0,"comment_status":"open","ping_status":"open","template":"blocks_tpl.php","meta":{"_acf_changed":false,"_exactmetrics_skip_tracking":false,"_exactmetrics_sitenote_active":false,"_exactmetrics_sitenote_note":"","_exactmetrics_sitenote_category":0,"footnotes":""},"class_list":["post-476","page","type-page","status-publish","hentry"],"acf":[],"_links":{"self":[{"href":"https:\/\/www.icepower.com\/se\/wp-json\/wp\/v2\/pages\/476","targetHints":{"allow":["GET"]}}],"collection":[{"href":"https:\/\/www.icepower.com\/se\/wp-json\/wp\/v2\/pages"}],"about":[{"href":"https:\/\/www.icepower.com\/se\/wp-json\/wp\/v2\/types\/page"}],"author":[{"embeddable":true,"href":"https:\/\/www.icepower.com\/se\/wp-json\/wp\/v2\/users\/1"}],"replies":[{"embeddable":true,"href":"https:\/\/www.icepower.com\/se\/wp-json\/wp\/v2\/comments?post=476"}],"version-history":[{"count":19,"href":"https:\/\/www.icepower.com\/se\/wp-json\/wp\/v2\/pages\/476\/revisions"}],"predecessor-version":[{"id":1308,"href":"https:\/\/www.icepower.com\/se\/wp-json\/wp\/v2\/pages\/476\/revisions\/1308"}],"up":[{"embeddable":true,"href":"https:\/\/www.icepower.com\/se\/wp-json\/wp\/v2\/pages\/464"}],"wp:attachment":[{"href":"https:\/\/www.icepower.com\/se\/wp-json\/wp\/v2\/media?parent=476"}],"curies":[{"name":"wp","href":"https:\/\/api.w.org\/{rel}","templated":true}]}}