{"id":470,"date":"2015-09-03T12:36:14","date_gmt":"2015-09-03T09:36:14","guid":{"rendered":"https:\/\/www.icepower.com\/fi\/?page_id=470&#038;lang=sv"},"modified":"2020-10-21T11:59:41","modified_gmt":"2020-10-21T09:59:41","slug":"ice-power-for-idrottare","status":"publish","type":"page","link":"https:\/\/www.icepower.com\/se\/anvandning\/ice-power-for-idrottare\/","title":{"rendered":"Ice Power f\u00f6r idrottare"},"content":{"rendered":"<p>Kylterapi anv\u00e4nds ofta vid akuta skador. Kylterapi \u00e4r ocks\u00e5 en utm\u00e4rkt muskelv\u00e5rd efter h\u00e5rd tr\u00e4ning eller t\u00e4vling. Kyla minskar inflammation och p\u00e5skyndar \u00e5terh\u00e4mtning eller tillfriskning.\u00a0 Kylmetoder som man anv\u00e4nder \u00e4r vatten, kylpackningar, is, sn\u00f6, kylande gel och kylsprayer.<\/p>\n","protected":false},"excerpt":{"rendered":"<p>Ice Power kylterapiprodukter passar t.ex. f\u00f6r anv\u00e4ndning vid akut trauma och vid \u00e5terh\u00e4mtning efter fysisk anstr\u00e4ngning.<\/p>\n","protected":false},"author":1,"featured_media":1088,"parent":464,"menu_order":0,"comment_status":"open","ping_status":"open","template":"blocks_tpl.php","meta":{"_acf_changed":false,"_exactmetrics_skip_tracking":false,"_exactmetrics_sitenote_active":false,"_exactmetrics_sitenote_note":"","_exactmetrics_sitenote_category":0,"footnotes":""},"class_list":["post-470","page","type-page","status-publish","has-post-thumbnail","hentry"],"acf":[],"_links":{"self":[{"href":"https:\/\/www.icepower.com\/se\/wp-json\/wp\/v2\/pages\/470","targetHints":{"allow":["GET"]}}],"collection":[{"href":"https:\/\/www.icepower.com\/se\/wp-json\/wp\/v2\/pages"}],"about":[{"href":"https:\/\/www.icepower.com\/se\/wp-json\/wp\/v2\/types\/page"}],"author":[{"embeddable":true,"href":"https:\/\/www.icepower.com\/se\/wp-json\/wp\/v2\/users\/1"}],"replies":[{"embeddable":true,"href":"https:\/\/www.icepower.com\/se\/wp-json\/wp\/v2\/comments?post=470"}],"version-history":[{"count":6,"href":"https:\/\/www.icepower.com\/se\/wp-json\/wp\/v2\/pages\/470\/revisions"}],"predecessor-version":[{"id":1292,"href":"https:\/\/www.icepower.com\/se\/wp-json\/wp\/v2\/pages\/470\/revisions\/1292"}],"up":[{"embeddable":true,"href":"https:\/\/www.icepower.com\/se\/wp-json\/wp\/v2\/pages\/464"}],"wp:featuredmedia":[{"embeddable":true,"href":"https:\/\/www.icepower.com\/se\/wp-json\/wp\/v2\/media\/1088"}],"wp:attachment":[{"href":"https:\/\/www.icepower.com\/se\/wp-json\/wp\/v2\/media?parent=470"}],"curies":[{"name":"wp","href":"https:\/\/api.w.org\/{rel}","templated":true}]}}