{"id":452,"date":"2015-09-03T12:18:50","date_gmt":"2015-09-03T09:18:50","guid":{"rendered":"https:\/\/www.icepower.com\/fi\/?page_id=452&#038;lang=sv"},"modified":"2016-04-07T13:09:24","modified_gmt":"2016-04-07T11:09:24","slug":"kontakt","status":"publish","type":"page","link":"https:\/\/www.icepower.com\/se\/kontakt\/","title":{"rendered":"Kontakt"},"content":{"rendered":"<h3>Fysioline Sweden AB<\/h3>\n<p>Fysioline Sweden AB<br \/>\nV\u00e4stberga All\u00e9 9, Plan 8<br \/>\n12630 H\u00e4gersten<br \/>\nTel.08-760 6100<br \/>\nFax.08-760 6110<br \/>\n<a href=\"mailto:info@fysioline.se\" target=\"_self\">info@fysioline.se<\/a><\/p>\n<p>&nbsp;<\/p>\n<h3><a id=\"eztoc8454_0_0_2\" name=\"eztoc8454_0_0_2\"><\/a><\/h3>\n<h3>Fysioline Oy, Pharma<\/h3>\n<p>Arvionkatu 2<br \/>\n33840 TAMPERE<br \/>\nFINLAND<br \/>\n<a href=\"http:\/\/www.fysioline.fi\/\" target=\"_blank\">www.fysioline.fi<\/a><br \/>\n<a href=\"http:\/\/www.icepower.fi\/\" target=\"_self\">www.icepower.fi<\/a><\/p>\n<p>Tel. +358 (0)3 2330 300<br \/>\nFax. +358 (0)3 2350 777<br \/>\n<a href=\"mailto:info@fysioline.fi\" target=\"_self\">info@fysioline.fi<\/a><\/p>\n<p>&nbsp;<\/p>\n<p>&nbsp;<\/p>\n\n<div class=\"wpcf7 no-js\" id=\"wpcf7-f735-o1\" lang=\"fi\" dir=\"ltr\" data-wpcf7-id=\"735\">\n<div class=\"screen-reader-response\"><p role=\"status\" aria-live=\"polite\" aria-atomic=\"true\"><\/p> <ul><\/ul><\/div>\n<form action=\"\/se\/wp-json\/wp\/v2\/pages\/452#wpcf7-f735-o1\" method=\"post\" class=\"wpcf7-form init\" aria-label=\"Yhteydenottolomake\" novalidate=\"novalidate\" data-status=\"init\">\n<fieldset class=\"hidden-fields-container\"><input type=\"hidden\" name=\"_wpcf7\" value=\"735\" \/><input type=\"hidden\" name=\"_wpcf7_version\" value=\"6.1\" \/><input type=\"hidden\" name=\"_wpcf7_locale\" value=\"fi\" \/><input type=\"hidden\" name=\"_wpcf7_unit_tag\" value=\"wpcf7-f735-o1\" \/><input type=\"hidden\" name=\"_wpcf7_container_post\" value=\"0\" \/><input type=\"hidden\" name=\"_wpcf7_posted_data_hash\" value=\"\" \/><input type=\"hidden\" name=\"_wpcf7_recaptcha_response\" value=\"\" \/>\n<\/fieldset>\n<p>F\u00f6rnamn*\n<\/p>\n<p><span class=\"wpcf7-form-control-wrap\" data-name=\"firstname\"><input size=\"40\" maxlength=\"400\" class=\"wpcf7-form-control wpcf7-text wpcf7-validates-as-required\" aria-required=\"true\" aria-invalid=\"false\" value=\"\" type=\"text\" name=\"firstname\" \/><\/span>\n<\/p>\n<p>Efternamn*\n<\/p>\n<p><span class=\"wpcf7-form-control-wrap\" data-name=\"lastname\"><input size=\"40\" maxlength=\"400\" class=\"wpcf7-form-control wpcf7-text wpcf7-validates-as-required\" aria-required=\"true\" aria-invalid=\"false\" value=\"\" type=\"text\" name=\"lastname\" \/><\/span>\n<\/p>\n<p>F\u00f6retag*\n<\/p>\n<p><span class=\"wpcf7-form-control-wrap\" data-name=\"company\"><input size=\"40\" maxlength=\"400\" class=\"wpcf7-form-control wpcf7-text wpcf7-validates-as-required\" aria-required=\"true\" aria-invalid=\"false\" value=\"\" type=\"text\" name=\"company\" \/><\/span>\n<\/p>\n<p>e-mail*\n<\/p>\n<p><span class=\"wpcf7-form-control-wrap\" data-name=\"your-email\"><input size=\"40\" maxlength=\"400\" class=\"wpcf7-form-control wpcf7-email wpcf7-validates-as-required wpcf7-text wpcf7-validates-as-email\" aria-required=\"true\" aria-invalid=\"false\" value=\"\" type=\"email\" name=\"your-email\" \/><\/span>\n<\/p>\n<p>Telefonnummer\n<\/p>\n<p><span class=\"wpcf7-form-control-wrap\" data-name=\"phonenumber\"><input size=\"40\" maxlength=\"400\" class=\"wpcf7-form-control wpcf7-text\" aria-invalid=\"false\" value=\"\" type=\"text\" name=\"phonenumber\" \/><\/span>\n<\/p>\n<p>\u00c4mne*\n<\/p>\n<p><span class=\"wpcf7-form-control-wrap\" data-name=\"your-subject\"><input size=\"40\" maxlength=\"400\" class=\"wpcf7-form-control wpcf7-text wpcf7-validates-as-required\" aria-required=\"true\" aria-invalid=\"false\" value=\"\" type=\"text\" name=\"your-subject\" \/><\/span>\n<\/p>\n<p>Meddelande*\n<\/p>\n<p><span class=\"wpcf7-form-control-wrap\" data-name=\"your-message\"><textarea cols=\"40\" rows=\"10\" maxlength=\"2000\" class=\"wpcf7-form-control wpcf7-textarea wpcf7-validates-as-required\" aria-required=\"true\" aria-invalid=\"false\" name=\"your-message\"><\/textarea><\/span>\n<\/p>\n<p>\n\n<\/p>\n<p><input class=\"wpcf7-form-control wpcf7-submit has-spinner\" type=\"submit\" value=\"Skicka\" \/>\n<\/p><div class=\"wpcf7-response-output\" aria-hidden=\"true\"><\/div>\n<\/form>\n<\/div>\n\n<p>&nbsp;<\/p>\n","protected":false},"excerpt":{"rendered":"<p>Fysioline Sweden AB Fysioline Sweden AB V\u00e4stberga All\u00e9 9, Plan 8 12630 H\u00e4gersten Tel.08-760 6100 Fax.08-760 6110 info@fysioline.se &nbsp; Fysioline Oy, Pharma Arvionkatu 2 33840 TAMPERE FINLAND www.fysioline.fi www.icepower.fi Tel. +358 (0)3 2330 300 Fax. +358 (0)3 2350 777 info@fysioline.fi &nbsp; &nbsp; &nbsp;<\/p>\n","protected":false},"author":1,"featured_media":0,"parent":0,"menu_order":0,"comment_status":"closed","ping_status":"open","template":"","meta":{"_acf_changed":false,"_exactmetrics_skip_tracking":false,"_exactmetrics_sitenote_active":false,"_exactmetrics_sitenote_note":"","_exactmetrics_sitenote_category":0,"footnotes":""},"class_list":["post-452","page","type-page","status-publish","hentry"],"acf":[],"_links":{"self":[{"href":"https:\/\/www.icepower.com\/se\/wp-json\/wp\/v2\/pages\/452","targetHints":{"allow":["GET"]}}],"collection":[{"href":"https:\/\/www.icepower.com\/se\/wp-json\/wp\/v2\/pages"}],"about":[{"href":"https:\/\/www.icepower.com\/se\/wp-json\/wp\/v2\/types\/page"}],"author":[{"embeddable":true,"href":"https:\/\/www.icepower.com\/se\/wp-json\/wp\/v2\/users\/1"}],"replies":[{"embeddable":true,"href":"https:\/\/www.icepower.com\/se\/wp-json\/wp\/v2\/comments?post=452"}],"version-history":[{"count":5,"href":"https:\/\/www.icepower.com\/se\/wp-json\/wp\/v2\/pages\/452\/revisions"}],"predecessor-version":[{"id":1131,"href":"https:\/\/www.icepower.com\/se\/wp-json\/wp\/v2\/pages\/452\/revisions\/1131"}],"wp:attachment":[{"href":"https:\/\/www.icepower.com\/se\/wp-json\/wp\/v2\/media?parent=452"}],"curies":[{"name":"wp","href":"https:\/\/api.w.org\/{rel}","templated":true}]}}