{"id":398,"date":"2015-09-02T15:05:13","date_gmt":"2015-09-02T12:05:13","guid":{"rendered":"https:\/\/www.icepower.com\/fi\/?page_id=398&#038;lang=sv"},"modified":"2015-09-29T12:30:56","modified_gmt":"2015-09-29T10:30:56","slug":"ice-power-kylande-gel-for-fysioterapi","status":"publish","type":"page","link":"https:\/\/www.icepower.com\/se\/ice-power-kylande-gel-for-fysioterapi\/","title":{"rendered":"Ice Power kylande gel f\u00f6r fysioterapi"},"content":{"rendered":"<h3 style=\"text-align: justify\">Ice Power kylande gel f\u00f6r fysioterapi<\/h3>\n<div class=\"description clearfix\">\n<div class=\"object-right\" style=\"text-align: justify\">\n<div class=\"content-view-embed\">\n<div class=\"class-image\">\n<div class=\"attribute-image highlight\"><img loading=\"lazy\" decoding=\"async\" class=\"size-medium wp-image-107 alignright\" src=\"\/se\/wp-content\/uploads\/sites\/21\/2015\/08\/icepower_plus_kuva1-300x225.jpg\" alt=\"icepower_plus_kuva\" width=\"300\" height=\"225\" srcset=\"https:\/\/www.icepower.com\/se\/wp-content\/uploads\/sites\/21\/2015\/08\/icepower_plus_kuva1-300x225.jpg 300w, https:\/\/www.icepower.com\/se\/wp-content\/uploads\/sites\/21\/2015\/08\/icepower_plus_kuva1-1024x768.jpg 1024w\" sizes=\"auto, (max-width: 300px) 100vw, 300px\" \/><\/div>\n<\/div>\n<\/div>\n<\/div>\n<p style=\"text-align: justify\">Ice Power \u00e4r ett l\u00e4kemedelsfritt alternativ f\u00f6r muskel- och ledv\u00e4rk. Anv\u00e4ndning av Ice Power \u00e4r en del av fysioterapin som tillsamnnas med eventuella l\u00e4kemedel kan f\u00f6rb\u00e4ttra rehabilteringsresultatet v\u00e4sentligt.\u00a0Verknings effekten av Ice Power baserar sig p\u00e5 menthol och eteriska oljor, vilka s\u00e4nkar hudtemperaturen ca 7\u00ba C. Nyligen identifierades menthol (CMR1) \u2013reseptorn<br \/>\ns starkar effekt. Denna reseptor h\u00f6r till de temperaturreglerande reseptorerna. Genom menthol \u2013reseptorns effekt riktas \u00e4ven till djupare v\u00e4vnader och p\u00e5 s\u00e5 s\u00e4ttet begr\u00e4nsar skadeytan. Ansamling av v\u00e4vnadsv\u00e4tska och blod minskar, vilken f\u00f6rhindrar svullnad. Ju tidigare Ice Power kylgel anv\u00e4nds, desto b\u00e4ttre \u00e4r resultatet. Ice Power kylgel behandling \u00e4r l\u00e4tt att genomf\u00f6ra regelbundet och dess effekt \u00e4r l\u00e5ngvarig.<\/p>\n<p style=\"text-align: justify\">Ice Power kylande gel effekt \u00e4r vetenskaplig bevisad. Det minskar sm\u00e4rta och p\u00e5skyndar tillfriskande av mjukv\u00e4vnads skador. Studie av kylgel utf\u00f6rades i Kuopio universitet i samarbete med universitetssjukhuset i Tammerfors, Helsingfors och \u00c5bo. Olavi Airaksinen ledde studien, d\u00e4r Ice Power deltog. En f\u00f6rkortad version av studien har publicerat bl.a. i American Academy of physical Medicine &amp; Rehabilitation.\u00a0Kliniska studien bevisade att Ice Power kylgel b\u00f6rjar att verka direkt vid hudkontakt och regelbunden anv\u00e4ndning lindrade sm\u00e4rtan till h\u00e4lften, p\u00e5 1 vecka.<\/p>\n<ul style=\"text-align: justify\">\n<li>Behandling av nacke och skuldra kan intensifieras och behandlingstiden kan kortas vid behandling med Ice Power gel. Vid behandling av inflammation med ultraljud inom fysioterapin kan Ice Power ers\u00e4tta ultraljudsgel. Patienten kan enkelt sj\u00e4lv anv\u00e4nda Ice Power vid behov.<\/li>\n<\/ul>\n<ul style=\"text-align: justify\">\n<li>Vid behandling av arbetsrelaterade muskel- och ledv\u00e4rk \u00e4r Ice Power l\u00e4tt och effektiv att anv\u00e4nda f\u00f6r eget v\u00e5rd p\u00e5 jobbet och hemma.<\/li>\n<\/ul>\n<ul style=\"text-align: justify\">\n<li>Reumatisk v\u00e4rk kan f\u00f6rsv\u00e5ra och begr\u00e4nsa livet. Daglig anv\u00e4ndning av Ice Power gelen sm\u00e4rtlindrar och patienten kan p\u00e5 ett b\u00e4ttre s\u00e4tt tillgodog\u00f6ra sig fysioterapi och d\u00e4rmed f\u00f6rb\u00e4ttras r\u00f6relrsef\u00f6rm\u00e5gan.<\/li>\n<\/ul>\n<ul style=\"text-align: justify\">\n<li>Anv\u00e4ndning av Ice Power vid kontrakturer, som uppkommit efter stroke eller frakturer, \u00e4r en effektiv kylbehandlingsmetod i kombination med fysioterapi. Ice Power \u00f6kar ROM (r\u00f6relsef\u00f6rm\u00e5gan) i leder och \u00e4r muskelavslappnande.<\/li>\n<\/ul>\n<ul style=\"text-align: justify\">\n<li>Ice Power \u00e4r utm\u00e4rkt att anv\u00e4nda vid post-operativ v\u00e5rd. Kyl Gelen minskar v\u00e4sentligt uppkommen svullnad och g\u00f6r rehabiliteringen fullst\u00e4ndigt m\u00f6jligt redan fr\u00e5n b\u00f6rjan.<\/li>\n<\/ul>\n<ul style=\"text-align: justify\">\n<li>D\u00e5 Ice Power \u00e4r l\u00e4kemedelsfri passar den bra \u00e4ven f\u00f6r havande och ammande kvinnor vid behandling av l\u00e4ndryggssm\u00e4rta och svullnad i benen.<\/li>\n<\/ul>\n<ul style=\"text-align: justify\">\n<li>Barns v\u00e4xtv\u00e4rk kan f\u00f6rbyggas och behandlas med Ice Power, vilket \u00f6kar blodcirkulationen och lindrar d\u00e4rmed v\u00e4rken.<\/li>\n<\/ul>\n<ul>\n<li style=\"text-align: justify\">Vid akut trauma, som str\u00e4ckning, bristning, idrottskad och bl\u00e5m\u00e4rke \u00e4r anv\u00e4ndning av Ice Power kylgel effektiv. Kan anv\u00e4ndas s\u00e5v\u00e4l proffessionellt och f\u00f6r egen v\u00e5rd. Tillsammans med kylkompress f\u00e5r man temperaturfall under en l\u00e4ngre period, vilket p\u00e5skyndar tillfrisknad.<\/li>\n<\/ul>\n<\/div>\n","protected":false},"excerpt":{"rendered":"<p>Ice Power kylande gel f\u00f6r fysioterapi Ice Power \u00e4r ett l\u00e4kemedelsfritt alternativ f\u00f6r muskel- och ledv\u00e4rk. Anv\u00e4ndning av Ice Power \u00e4r en del av fysioterapin som tillsamnnas med eventuella l\u00e4kemedel kan f\u00f6rb\u00e4ttra rehabilteringsresultatet v\u00e4sentligt.\u00a0Verknings effekten av Ice Power baserar sig p\u00e5 menthol och eteriska oljor, vilka s\u00e4nkar hudtemperaturen ca 7\u00ba C. Nyligen identifierades menthol (CMR1) [&hellip;]<\/p>\n","protected":false},"author":1,"featured_media":0,"parent":0,"menu_order":0,"comment_status":"closed","ping_status":"open","template":"","meta":{"_acf_changed":false,"_exactmetrics_skip_tracking":false,"_exactmetrics_sitenote_active":false,"_exactmetrics_sitenote_note":"","_exactmetrics_sitenote_category":0,"footnotes":""},"class_list":["post-398","page","type-page","status-publish","hentry"],"acf":[],"_links":{"self":[{"href":"https:\/\/www.icepower.com\/se\/wp-json\/wp\/v2\/pages\/398","targetHints":{"allow":["GET"]}}],"collection":[{"href":"https:\/\/www.icepower.com\/se\/wp-json\/wp\/v2\/pages"}],"about":[{"href":"https:\/\/www.icepower.com\/se\/wp-json\/wp\/v2\/types\/page"}],"author":[{"embeddable":true,"href":"https:\/\/www.icepower.com\/se\/wp-json\/wp\/v2\/users\/1"}],"replies":[{"embeddable":true,"href":"https:\/\/www.icepower.com\/se\/wp-json\/wp\/v2\/comments?post=398"}],"version-history":[{"count":4,"href":"https:\/\/www.icepower.com\/se\/wp-json\/wp\/v2\/pages\/398\/revisions"}],"predecessor-version":[{"id":1070,"href":"https:\/\/www.icepower.com\/se\/wp-json\/wp\/v2\/pages\/398\/revisions\/1070"}],"wp:attachment":[{"href":"https:\/\/www.icepower.com\/se\/wp-json\/wp\/v2\/media?parent=398"}],"curies":[{"name":"wp","href":"https:\/\/api.w.org\/{rel}","templated":true}]}}