{"id":308,"date":"2015-09-02T08:36:13","date_gmt":"2015-09-02T05:36:13","guid":{"rendered":"https:\/\/www.icepower.com\/fi\/?page_id=308&#038;lang=sv"},"modified":"2015-09-22T13:53:07","modified_gmt":"2015-09-22T11:53:07","slug":"msm","status":"publish","type":"page","link":"https:\/\/www.icepower.com\/se\/msm\/","title":{"rendered":"MSM"},"content":{"rendered":"<h1>Vad \u00e4r MSM?<\/h1>\n<div class=\"description clearfix\">\n<p>MSM (metylsulfonylmetan) \u00e4r en sm\u00e5molekyl\u00e4r svavelf\u00f6rening som finns naturligt i vissa livsmedel, bl.a. kaffe, te och gr\u00f6nsaker samt i m\u00e4nniskoorganismens olika proteiner. Svavel \u00e4r ett livsviktigt mineral\u00e4mne f\u00f6r m\u00e4nniskan och det finns en hel rad av svavelf\u00f6reningar i v\u00e5ra celler. Normalt utg\u00f6r olika mineral\u00e4mnen cirka 4 % av m\u00e4nniskans vikt. Svavel ing\u00e5r som byggnadsmaterial f\u00f6r olika proteiner, bl.a. i kreatin, ocks\u00e5 inneh\u00e5ller flera enzymer svavel. MSM tros f\u00f6rekomma \u00e4ven i muskler samt i leder och hud. bindv\u00e4vnader. Svavelf\u00f6reningar som finns i MSM \u00e4r l\u00e4ttillg\u00e4ngliga f\u00f6r organismer. Svavelhalten i leder minskar p\u00e5 grund av inflammationer.<\/p>\n<ul>\n<li>MSM hj\u00e4lper att bek\u00e4mpa inflammationer, forcerar musklers \u00e5terh\u00e4mtning efter belastning och f\u00f6rebygger sm\u00e4rta i muskler.<\/li>\n<li>N\u00e5gon allergiframkallande p\u00e5verkan \u00e4r inte k\u00e4nd f\u00f6r MSM.<\/li>\n<li>Svavlet \u00e4r livsviktigt f\u00f6r kollagensyntes. Kollagen \u00e4r huvudingrediens f\u00f6r benstomme och fibrill \u2013 v\u00e4vnaden som f\u00f6rbinder ryggkotorna.<\/li>\n<li>Svavlet spelar en viktig roll i v\u00e4vnaders andningsprocess, d\u00e4r syre och \u00f6vriga \u00e4mnen anv\u00e4nds f\u00f6r att bygga upp celler och frig\u00f6ra energi.<\/li>\n<li>MSM har under l\u00e5ng tid anv\u00e4nts f\u00f6r behandling av ledbesv\u00e4r som artros, ledinflammationer och senskideinflammationer.<\/li>\n<\/ul>\n<\/div>\n","protected":false},"excerpt":{"rendered":"<p>Vad \u00e4r MSM? MSM (metylsulfonylmetan) \u00e4r en sm\u00e5molekyl\u00e4r svavelf\u00f6rening som finns naturligt i vissa livsmedel, bl.a. kaffe, te och gr\u00f6nsaker samt i m\u00e4nniskoorganismens olika proteiner. Svavel \u00e4r ett livsviktigt mineral\u00e4mne f\u00f6r m\u00e4nniskan och det finns en hel rad av svavelf\u00f6reningar i v\u00e5ra celler. Normalt utg\u00f6r olika mineral\u00e4mnen cirka 4 % av m\u00e4nniskans vikt. Svavel ing\u00e5r [&hellip;]<\/p>\n","protected":false},"author":1,"featured_media":0,"parent":0,"menu_order":0,"comment_status":"closed","ping_status":"open","template":"","meta":{"_acf_changed":false,"_exactmetrics_skip_tracking":false,"_exactmetrics_sitenote_active":false,"_exactmetrics_sitenote_note":"","_exactmetrics_sitenote_category":0,"footnotes":""},"class_list":["post-308","page","type-page","status-publish","hentry"],"acf":[],"_links":{"self":[{"href":"https:\/\/www.icepower.com\/se\/wp-json\/wp\/v2\/pages\/308","targetHints":{"allow":["GET"]}}],"collection":[{"href":"https:\/\/www.icepower.com\/se\/wp-json\/wp\/v2\/pages"}],"about":[{"href":"https:\/\/www.icepower.com\/se\/wp-json\/wp\/v2\/types\/page"}],"author":[{"embeddable":true,"href":"https:\/\/www.icepower.com\/se\/wp-json\/wp\/v2\/users\/1"}],"replies":[{"embeddable":true,"href":"https:\/\/www.icepower.com\/se\/wp-json\/wp\/v2\/comments?post=308"}],"version-history":[{"count":1,"href":"https:\/\/www.icepower.com\/se\/wp-json\/wp\/v2\/pages\/308\/revisions"}],"predecessor-version":[{"id":843,"href":"https:\/\/www.icepower.com\/se\/wp-json\/wp\/v2\/pages\/308\/revisions\/843"}],"wp:attachment":[{"href":"https:\/\/www.icepower.com\/se\/wp-json\/wp\/v2\/media?parent=308"}],"curies":[{"name":"wp","href":"https:\/\/api.w.org\/{rel}","templated":true}]}}