{"id":37,"date":"2017-05-02T18:01:56","date_gmt":"2017-05-02T15:01:56","guid":{"rendered":"https:\/\/www.icepower.com\/pl\/?page_id=37"},"modified":"2020-10-22T10:11:12","modified_gmt":"2020-10-22T07:11:12","slug":"ice-power-w-sporcie","status":"publish","type":"page","link":"https:\/\/www.icepower.com\/pl\/jak-uzywac\/ice-power-w-sporcie\/","title":{"rendered":"Ice Power w sporcie"},"content":{"rendered":"<h1>Ice Power dla szybkiego zmniejszenia b\u00f3lu<\/h1>\n<p>Ice Power Cold Therapy jest odpowiednim produktem jako pierwsza pomoc w ostrych urazach, a tak\u017ce przyspiesza powr\u00f3t do sprawno\u015bci po urazach. Jest doskona\u0142ym przygotowaniem dla sportowc\u00f3w przed fizycznym wysi\u0142kiem i po nim. Wp\u0142yw zimna zmniejsza proces zapalny, zapobiega obrz\u0119kom, zmniejsza kr\u0105\u017cenie krwi i \u0142agodzi b\u00f3l.<\/p>\n","protected":false},"excerpt":{"rendered":"<p>Produkty Ice Power s\u0105 szeroko stosowane w sporcie i oferuj\u0105 doskona\u0142\u0105 ulg\u0119 przed i po wysi\u0142ku fizycznym<\/p>\n","protected":false},"author":1,"featured_media":0,"parent":31,"menu_order":0,"comment_status":"closed","ping_status":"closed","template":"blocks_tpl.php","meta":{"_acf_changed":false,"_exactmetrics_skip_tracking":false,"_exactmetrics_sitenote_active":false,"_exactmetrics_sitenote_note":"","_exactmetrics_sitenote_category":0,"footnotes":""},"class_list":["post-37","page","type-page","status-publish","hentry"],"acf":[],"_links":{"self":[{"href":"https:\/\/www.icepower.com\/pl\/wp-json\/wp\/v2\/pages\/37","targetHints":{"allow":["GET"]}}],"collection":[{"href":"https:\/\/www.icepower.com\/pl\/wp-json\/wp\/v2\/pages"}],"about":[{"href":"https:\/\/www.icepower.com\/pl\/wp-json\/wp\/v2\/types\/page"}],"author":[{"embeddable":true,"href":"https:\/\/www.icepower.com\/pl\/wp-json\/wp\/v2\/users\/1"}],"replies":[{"embeddable":true,"href":"https:\/\/www.icepower.com\/pl\/wp-json\/wp\/v2\/comments?post=37"}],"version-history":[{"count":4,"href":"https:\/\/www.icepower.com\/pl\/wp-json\/wp\/v2\/pages\/37\/revisions"}],"predecessor-version":[{"id":282,"href":"https:\/\/www.icepower.com\/pl\/wp-json\/wp\/v2\/pages\/37\/revisions\/282"}],"up":[{"embeddable":true,"href":"https:\/\/www.icepower.com\/pl\/wp-json\/wp\/v2\/pages\/31"}],"wp:attachment":[{"href":"https:\/\/www.icepower.com\/pl\/wp-json\/wp\/v2\/media?parent=37"}],"curies":[{"name":"wp","href":"https:\/\/api.w.org\/{rel}","templated":true}]}}