{"id":35,"date":"2017-05-02T17:57:55","date_gmt":"2017-05-02T14:57:55","guid":{"rendered":"https:\/\/www.icepower.com\/pl\/?page_id=35"},"modified":"2022-11-29T12:38:40","modified_gmt":"2022-11-29T10:38:40","slug":"ice-power-dla-miesni","status":"publish","type":"page","link":"https:\/\/www.icepower.com\/pl\/jak-uzywac\/ice-power-dla-miesni\/","title":{"rendered":"Ice Power dla mi\u0119\u015bni"},"content":{"rendered":"<h1>Ice Power &#8211; szybka redukcja b\u00f3lu mi\u0119\u015bni<\/h1>\n<p>Produkty Ice Power Cold Therapy zmniejasza b\u00f3l i stany zapalne w mi\u0119\u015bniach szybko i skutecznie. Ice Power Cold Gel jest przetestowany klinicznie (nie zawiera lek\u00f3w), bezpieczny w u\u017cyciu. Efekt ch\u0142odzenia jest szybki i d\u0142ugotrwa\u0142y, zmniejsza temperatur\u0119 sk\u00f3ry o ok. 5-7 stopni w ci\u0105gu zaledwie kilku minut.<\/p>\n<p>&nbsp;<\/p>\n","protected":false},"excerpt":{"rendered":"<p>Szybko i skutecznie \u0142agodzi b\u00f3l i stan zapalny w mi\u0119\u015bniach<\/p>\n","protected":false},"author":1,"featured_media":0,"parent":31,"menu_order":0,"comment_status":"closed","ping_status":"closed","template":"blocks_tpl.php","meta":{"_acf_changed":false,"_exactmetrics_skip_tracking":false,"_exactmetrics_sitenote_active":false,"_exactmetrics_sitenote_note":"","_exactmetrics_sitenote_category":0,"footnotes":""},"class_list":["post-35","page","type-page","status-publish","hentry"],"acf":[],"_links":{"self":[{"href":"https:\/\/www.icepower.com\/pl\/wp-json\/wp\/v2\/pages\/35","targetHints":{"allow":["GET"]}}],"collection":[{"href":"https:\/\/www.icepower.com\/pl\/wp-json\/wp\/v2\/pages"}],"about":[{"href":"https:\/\/www.icepower.com\/pl\/wp-json\/wp\/v2\/types\/page"}],"author":[{"embeddable":true,"href":"https:\/\/www.icepower.com\/pl\/wp-json\/wp\/v2\/users\/1"}],"replies":[{"embeddable":true,"href":"https:\/\/www.icepower.com\/pl\/wp-json\/wp\/v2\/comments?post=35"}],"version-history":[{"count":4,"href":"https:\/\/www.icepower.com\/pl\/wp-json\/wp\/v2\/pages\/35\/revisions"}],"predecessor-version":[{"id":320,"href":"https:\/\/www.icepower.com\/pl\/wp-json\/wp\/v2\/pages\/35\/revisions\/320"}],"up":[{"embeddable":true,"href":"https:\/\/www.icepower.com\/pl\/wp-json\/wp\/v2\/pages\/31"}],"wp:attachment":[{"href":"https:\/\/www.icepower.com\/pl\/wp-json\/wp\/v2\/media?parent=35"}],"curies":[{"name":"wp","href":"https:\/\/api.w.org\/{rel}","templated":true}]}}