{"id":33,"date":"2017-05-02T17:59:48","date_gmt":"2017-05-02T14:59:48","guid":{"rendered":"https:\/\/www.icepower.com\/pl\/?page_id=33"},"modified":"2022-11-29T08:54:57","modified_gmt":"2022-11-29T06:54:57","slug":"ice-power-dla-stawow","status":"publish","type":"page","link":"https:\/\/www.icepower.com\/pl\/jak-uzywac\/ice-power-dla-stawow\/","title":{"rendered":"Ice Power Dla staw\u00f3w"},"content":{"rendered":"<h1>Ice Power- Szybkie \u0142agodzenie b\u00f3l\u00f3w stawowych<\/h1>\n<p>Ice Power Cold Therapy zmniejsza obrz\u0119k i b\u00f3l staw\u00f3w oraz zwi\u0119ksza mobilno\u015b\u0107 staw\u00f3w bez u\u017cycia lek\u00f3w. Ice Creme Arthro Joint krem jest unikalnym kremem ch\u0142odz\u0105cym na bol\u0105ce i spuchni\u0119te stawy<\/p>\n","protected":false},"excerpt":{"rendered":"<p>Ice Power przynosi szybk\u0105 ulg\u0119 w r\u00f3\u017cnych problemach stawowych i pomaga poprawi\u0107 mobilno\u015b\u0107 staw\u00f3w<\/p>\n","protected":false},"author":1,"featured_media":0,"parent":31,"menu_order":0,"comment_status":"closed","ping_status":"closed","template":"blocks_tpl.php","meta":{"_acf_changed":false,"_exactmetrics_skip_tracking":false,"_exactmetrics_sitenote_active":false,"_exactmetrics_sitenote_note":"","_exactmetrics_sitenote_category":0,"footnotes":""},"class_list":["post-33","page","type-page","status-publish","hentry"],"acf":[],"_links":{"self":[{"href":"https:\/\/www.icepower.com\/pl\/wp-json\/wp\/v2\/pages\/33","targetHints":{"allow":["GET"]}}],"collection":[{"href":"https:\/\/www.icepower.com\/pl\/wp-json\/wp\/v2\/pages"}],"about":[{"href":"https:\/\/www.icepower.com\/pl\/wp-json\/wp\/v2\/types\/page"}],"author":[{"embeddable":true,"href":"https:\/\/www.icepower.com\/pl\/wp-json\/wp\/v2\/users\/1"}],"replies":[{"embeddable":true,"href":"https:\/\/www.icepower.com\/pl\/wp-json\/wp\/v2\/comments?post=33"}],"version-history":[{"count":6,"href":"https:\/\/www.icepower.com\/pl\/wp-json\/wp\/v2\/pages\/33\/revisions"}],"predecessor-version":[{"id":316,"href":"https:\/\/www.icepower.com\/pl\/wp-json\/wp\/v2\/pages\/33\/revisions\/316"}],"up":[{"embeddable":true,"href":"https:\/\/www.icepower.com\/pl\/wp-json\/wp\/v2\/pages\/31"}],"wp:attachment":[{"href":"https:\/\/www.icepower.com\/pl\/wp-json\/wp\/v2\/media?parent=33"}],"curies":[{"name":"wp","href":"https:\/\/api.w.org\/{rel}","templated":true}]}}