{"id":23,"date":"2017-05-02T15:15:09","date_gmt":"2017-05-02T12:15:09","guid":{"rendered":"https:\/\/www.icepower.com\/pl\/?page_id=23"},"modified":"2019-02-21T13:57:47","modified_gmt":"2019-02-21T11:57:47","slug":"ice-power-pomaga-w-zlagodzeniu-bolow-wzrostowych","status":"publish","type":"page","link":"https:\/\/www.icepower.com\/pl\/ice-power-pomaga-w-zlagodzeniu-bolow-wzrostowych\/","title":{"rendered":"Ice Power pomaga w z\u0142agodzeniu b\u00f3l\u00f3w wzrostowych"},"content":{"rendered":"<h1>Ice Power pomaga w z\u0142agodzeniu b\u00f3l\u00f3w wzrostowych<\/h1>\n<div class=\"description clearfix\">\n<p>\u017bel Ice Power Cold Gel jest idealnym produktem zapobiegaj\u0105cym i \u0142agodz\u0105cym b\u00f3le wzrostowe u dzieci. Dzieje si\u0119 tak dzi\u0119ki jego w\u0142a\u015bciwo\u015bciom pobudzaj\u0105cym kr\u0105\u017cenie i rozlu\u017aniaj\u0105cym mi\u0119\u015bnie.<\/p>\n<p><a id=\"eztoc3556_0_0_1\" name=\"eztoc3556_0_0_1\"><\/a><\/p>\n<h3>Bezpieczny dla dzieci<\/h3>\n<p>Istnieje wiele powod\u00f3w b\u00f3lu ko\u0144czyn dolnych odczuwanego przez dzieci, najcz\u0119stszym jednak s\u0105 b\u00f3le wzrostowe. Uwa\u017ca si\u0119, \u017ce b\u00f3le wzrostowe powstaj\u0105 na skutek r\u00f3\u017cnych czas\u00f3w wzrostu tkanki kostnej i tkanek otaczaj\u0105cych. Zazwyczaj b\u00f3le wzrostowe pojawiaj\u0105 si\u0119 u dzieci w wieku od 3 do 12 lat i odczuwalne s\u0105 wieczorem i w nocy. B\u00f3l wzrostowy najcz\u0119\u015bciej zlokalizowany jest w obszarze piszczela, cz\u0119sto w obydwu nogach. U dziecka nie pojawiaj\u0105 si\u0119 inne objawy, jego zdrowie nie jest zagro\u017cone. Jednak\u017ce b\u00f3l jest wystarczaj\u0105co silny aby dziecko cierpia\u0142o i nie mog\u0142o spa\u0107. Ice Power Cold Gel mo\u017ce pom\u00f3c w zapobieganiu i leczeniu b\u00f3l\u00f3w wzrostowych. Jego naturalne sk\u0142adniki &#8211; mentol i olejki eteryczne zmniejszaj\u0105 b\u00f3l, poprawiaj\u0105 kr\u0105\u017cenie w miejscu uszkodzenia oraz zmniejszaj\u0105 napi\u0119cie mi\u0119\u015bni. Co wi\u0119cej efekt ch\u0142odzenia odczuwalny na sk\u00f3rze i w tkankach g\u0142\u0119bokich przyniesie ulg\u0119 nogom dziecka i za\u0142agodzi cierpienie jakie cz\u0119sto towarzyszy odczuwaniu b\u00f3lu.<\/p>\n<p><a id=\"eztoc3556_0_0_2\" name=\"eztoc3556_0_0_2\"><\/a><\/p>\n<h3>Zapobieganie przyspiesza regeneracj\u0119<\/h3>\n<p>Obci\u0105\u017cenie fizyczne dziecka mo\u017ce by\u0107 po\u0142\u0105czone z wyst\u0119powaniem b\u00f3l\u00f3w wzrostowych. Z tego powodu dziecko cierpi\u0105ce w ich wyniku powinno codziennie wykonywa\u0107 odpowiedni\u0105 ilo\u015b\u0107 \u0107wicze\u0144 fizycznych. W przypadku dzieci cierpi\u0105cych z powodu b\u00f3l\u00f3w wzrostowych dobrym pomys\u0142em jest u\u017cywanie Ice Power po wysi\u0142ku fizycznym, a tak\u017ce przed p\u00f3j\u015bciem do \u0142\u00f3\u017cka. Przyspieszy to regeneracj\u0119 mi\u0119\u015bni, a tak\u017ce zapobiegnie ewentualnym objawom b\u00f3lu wzrostowego pojawiaj\u0105cego si\u0119 w nocy.<\/p>\n<p><a id=\"eztoc3556_0_0_3\" name=\"eztoc3556_0_0_3\"><\/a><\/p>\n<h3>Wskaz\u00f3wki dotycz\u0105ce leczenia<\/h3>\n<p>Ice Power Cold Gel nale\u017cy rozprowadzi\u0107 na obszarze piszczeli dziecka cierpi\u0105cego na b\u00f3le wzrostowe, zar\u00f3wno w przypadku wyst\u0119powania objaw\u00f3w lub prewencyjnie przed po\u0142o\u017ceniem si\u0119 do \u0142\u00f3\u017cka. Je\u017celi objawy pojawi\u0105 si\u0119 w nocy, czynno\u015b\u0107 nale\u017cy powt\u00f3rzy\u0107. Dzi\u0119ki Ice Power Roll dzieci mog\u0105 same rozprowadzi\u0107 \u017cel ch\u0142odz\u0105cy. Je\u017celi b\u00f3l jest nadzwyczaj silny w\u00f3wczas mo\u017cna u\u017cy\u0107 ma\u0142ej dawki \u015brodka przeciwb\u00f3lowego aby wzm\u00f3c dzia\u0142anie \u017celu ch\u0142odz\u0105cego.<\/p>\n<p>Ice Power Gel mo\u017ce by\u0107 alternatywnym \u015brodkiem przeciwb\u00f3lowym, dost\u0119pnym bez recepty, stosowanym w przypadku b\u00f3l\u00f3w tkanki mi\u0119kkiej i staw\u00f3w. U\u017cywanie \u017celu jako cz\u0119\u015b\u0107 fizjoterapii, obok \u015brodka przeciwb\u00f3lowego, znacznie poprawi rezultaty.<\/p>\n<\/div>\n","protected":false},"excerpt":{"rendered":"<p>Ice Power pomaga w z\u0142agodzeniu b\u00f3l\u00f3w wzrostowych \u017bel Ice Power Cold Gel jest idealnym produktem zapobiegaj\u0105cym i \u0142agodz\u0105cym b\u00f3le wzrostowe u dzieci. Dzieje si\u0119 tak dzi\u0119ki jego w\u0142a\u015bciwo\u015bciom pobudzaj\u0105cym kr\u0105\u017cenie i rozlu\u017aniaj\u0105cym mi\u0119\u015bnie. Bezpieczny dla dzieci Istnieje wiele powod\u00f3w b\u00f3lu ko\u0144czyn dolnych odczuwanego przez dzieci, najcz\u0119stszym jednak s\u0105 b\u00f3le wzrostowe. Uwa\u017ca si\u0119, \u017ce b\u00f3le wzrostowe [&hellip;]<\/p>\n","protected":false},"author":1,"featured_media":0,"parent":0,"menu_order":0,"comment_status":"closed","ping_status":"closed","template":"","meta":{"_acf_changed":false,"_exactmetrics_skip_tracking":false,"_exactmetrics_sitenote_active":false,"_exactmetrics_sitenote_note":"","_exactmetrics_sitenote_category":0,"footnotes":""},"class_list":["post-23","page","type-page","status-publish","hentry"],"acf":[],"_links":{"self":[{"href":"https:\/\/www.icepower.com\/pl\/wp-json\/wp\/v2\/pages\/23","targetHints":{"allow":["GET"]}}],"collection":[{"href":"https:\/\/www.icepower.com\/pl\/wp-json\/wp\/v2\/pages"}],"about":[{"href":"https:\/\/www.icepower.com\/pl\/wp-json\/wp\/v2\/types\/page"}],"author":[{"embeddable":true,"href":"https:\/\/www.icepower.com\/pl\/wp-json\/wp\/v2\/users\/1"}],"replies":[{"embeddable":true,"href":"https:\/\/www.icepower.com\/pl\/wp-json\/wp\/v2\/comments?post=23"}],"version-history":[{"count":1,"href":"https:\/\/www.icepower.com\/pl\/wp-json\/wp\/v2\/pages\/23\/revisions"}],"predecessor-version":[{"id":77,"href":"https:\/\/www.icepower.com\/pl\/wp-json\/wp\/v2\/pages\/23\/revisions\/77"}],"wp:attachment":[{"href":"https:\/\/www.icepower.com\/pl\/wp-json\/wp\/v2\/media?parent=23"}],"curies":[{"name":"wp","href":"https:\/\/api.w.org\/{rel}","templated":true}]}}