{"id":204,"date":"2017-09-13T15:12:47","date_gmt":"2017-09-13T12:12:47","guid":{"rendered":"https:\/\/www.icepower.com\/pl\/?page_id=204"},"modified":"2022-02-09T09:43:49","modified_gmt":"2022-02-09T07:43:49","slug":"sklepy-specjalistycznego-zaopatrzenia-medycznego-pofam-poznan-sp-z-o-o","status":"publish","type":"page","link":"https:\/\/www.icepower.com\/pl\/sklepy-specjalistycznego-zaopatrzenia-medycznego-pofam-poznan-sp-z-o-o\/","title":{"rendered":"Sklepy Specjalistycznego Zaopatrzenia Medycznego Pofam-Pozna\u0144 Sp. z o.o.:"},"content":{"rendered":"<p>&nbsp;<\/p>\n<table style=\"height: 2875px;\" width=\"658\">\n<tbody>\n<tr>\n<td width=\"337\"><strong>ADRES<\/strong><\/td>\n<td width=\"186\"><strong>TELEFON<\/strong><\/td>\n<\/tr>\n<tr>\n<td width=\"337\">\n<table style=\"height: 50px;\" width=\"281\">\n<tbody>\n<tr>\n<td width=\"337\"><strong>SKLEPY POFAM \u2013 POZNA\u0143\u00a0Sp. z.o.o.<br \/>\ne-shop: <a href=\"https:\/\/eur02.safelinks.protection.outlook.com\/?url=https%3A%2F%2Fsklep.pofam.pl%2F&amp;data=04%7C01%7CLaura.Jokinen%40fysioline.fi%7C914520d4fadf432c959408d8d3402221%7C7c3243a4f77646738da1d4cc7801bb43%7C0%7C0%7C637491619709999684%7CUnknown%7CTWFpbGZsb3d8eyJWIjoiMC4wLjAwMDAiLCJQIjoiV2luMzIiLCJBTiI6Ik1haWwiLCJXVCI6Mn0%3D%7C1000&amp;sdata=dVipyEuwVbiVCLizGBNl0oG%2FPpAUwFf7pyepmMO1Ye0%3D&amp;reserved=0\">https:\/\/sklep.pofam.pl\/<\/a><br \/>\n<\/strong><\/td>\n<\/tr>\n<\/tbody>\n<\/table>\n<\/td>\n<td width=\"186\"><\/td>\n<\/tr>\n<tr>\n<td width=\"337\"><strong>BE\u0141CHAT\u00d3W,<\/strong>\u00a097-400, Wojska Polskiego 51<\/td>\n<td width=\"186\">Tel.\/fax. 44 633 18 92<\/td>\n<\/tr>\n<tr>\n<td width=\"337\"><strong>BIA\u0141A PODLASKA<\/strong> 21-500, ul. Terebelska 60B\/20<\/td>\n<td width=\"186\">Tel.\/fax. 83 345 04 30<\/td>\n<\/tr>\n<tr>\n<td width=\"337\"><strong>BIA\u0141OGARD<\/strong> 78-200, ul. Chopina 29<\/td>\n<td width=\"186\">Tel.\/fax. 94 312-00-20<\/td>\n<\/tr>\n<tr>\n<td width=\"337\"><strong>BIA\u0141YSTOK<\/strong> 15-077, ul. Warszawska 38<\/td>\n<td width=\"186\">Tel.\/fax. 85 732-80-70<\/td>\n<\/tr>\n<tr>\n<td width=\"337\"><strong>BIELSKO BIA\u0141A<\/strong> 43-300, ul. 11 Listopada 34<\/td>\n<td width=\"186\">Tel.\/fax. 33 81-40-241<\/td>\n<\/tr>\n<tr>\n<td width=\"337\"><strong>CHRZAN\u00d3W<\/strong>\u00a0 32- 500, ul. Topolowa 16<\/td>\n<td width=\"186\">Tel.\/fax. 32 625-81-27<\/td>\n<\/tr>\n<tr>\n<td width=\"337\"><strong>CHE\u0141M<\/strong>, 22-100, ul.Lwowska 45A<\/td>\n<td width=\"186\">Tel.\/fax. 82 56-56-283<\/td>\n<\/tr>\n<tr>\n<td width=\"337\"><strong>CZ\u0118STOCHOWA<\/strong>, 42-202, ul. Katedralna 3\/5<\/td>\n<td width=\"186\">Tel.\/fax\u00a0 34 310 31 00<\/td>\n<\/tr>\n<tr>\n<td width=\"337\"><strong>D\u0104BROWA G\u00d3RNICZA<\/strong>\u00a0 41-300, ul. D\u0105browskiego 18<\/td>\n<td width=\"186\">Tel.\/fax. 32 764-15-15<\/td>\n<\/tr>\n<tr>\n<td width=\"337\"><strong>D\u0104BROWA G\u00d3RNICZA<\/strong> 41-300, ul. Szpitalna 13<\/td>\n<td width=\"186\">Tel.\/fax. 32 261-71-28<\/td>\n<\/tr>\n<tr>\n<td width=\"337\"><strong>GLIWICE<\/strong> 44-100, ul. Daszy\u0144skiego 26<\/td>\n<td width=\"186\">Tel.\/fax. 32 232-04-16<\/td>\n<\/tr>\n<tr>\n<td width=\"337\"><strong>GORZ\u00d3W WLKP.<\/strong>\u00a0 66-400, ul. Pi\u0142sudskiego 1A<\/td>\n<td width=\"186\">Tel.\/fax. 95 725-86-41<\/td>\n<\/tr>\n<tr>\n<td width=\"337\"><strong>GORZ\u00d3W WLKP.<\/strong>\u00a0 66-400,\u00a0ul. 30 Stycznia 15a\/4<\/td>\n<td width=\"186\">Tel.\/fax. 539 671 937<\/td>\n<\/tr>\n<tr>\n<td width=\"337\"><strong>GR\u00d3JEC<\/strong> 05- 600, ul. Piotra Skargi 10<\/td>\n<td width=\"186\">Tel.\/fax. 48 664-75 -28<\/td>\n<\/tr>\n<tr>\n<td width=\"337\"><strong>JAN\u00d3W LUBELSKI<\/strong> 23-300, ul. Zamoyskiego 149<\/td>\n<td width=\"186\">Tel.\/fax. 15 872- 38- 88<\/td>\n<\/tr>\n<tr>\n<td width=\"337\"><strong>JAROS\u0141AW<\/strong>\u00a0 37-500,\u00a0 ul. 3-go Maja 3<\/td>\n<td width=\"186\">Tel.\/fax. 16 621-66-55<\/td>\n<\/tr>\n<tr>\n<td width=\"337\"><strong>JELENIA G\u00d3RA<\/strong> \u00a0\u00a058-560,\u00a0 ul. Wolno\u015bci 11a<\/td>\n<td width=\"186\">Tel.\/fax. 75 753-29-18<\/td>\n<\/tr>\n<tr>\n<td width=\"337\"><strong>KALISZ<\/strong> 62-800, ul. Pozna\u0144ska 58<\/td>\n<td width=\"186\">Tel.\/fax 62 760-10-22<\/td>\n<\/tr>\n<tr>\n<td width=\"337\"><strong>KATOWICE<\/strong> 40-040, Ul. Powsta\u0144c\u00f3w 2<\/td>\n<td width=\"186\">Tel. 32 251-76-62<\/td>\n<\/tr>\n<tr>\n<td width=\"337\"><strong>K\u0118PNO<\/strong> 63-600, ul. Ks.P.Wawrzyniaka 42<\/td>\n<td width=\"186\">Tel.\/fax. 62 782-02-19<\/td>\n<\/tr>\n<tr>\n<td width=\"337\"><strong>KIELCE<\/strong> 25-734, ul.Jagiello\u0144ska 69<\/td>\n<td width=\"186\">Tel.\/fax. 41\u00a0\u00a0 345-82-58<\/td>\n<\/tr>\n<tr>\n<td width=\"337\"><strong>KO\u0141OBRZEG<\/strong> 78-100, ul. \u0141opuskiego 17a\/4<\/td>\n<td width=\"186\">Tel.\/fax. 94 352-10-13<\/td>\n<\/tr>\n<tr>\n<td width=\"337\"><strong>KONIN<\/strong> \u00a062-500,\u00a0 ul. Szpitalna 45<\/td>\n<td width=\"186\">Tel.\/fax. 63 244-46-76<\/td>\n<\/tr>\n<tr>\n<td width=\"337\"><strong>KOSZALIN<\/strong>\u00a0\u00a0 75 &#8211; 601, ul. Zwyci\u0119stwa 190-192<\/td>\n<td width=\"186\">Tel.\/fax. 94 347-11-94<\/td>\n<\/tr>\n<tr>\n<td width=\"337\"><strong>KRAK\u00d3W<\/strong> \u00a0\u00a031-530, ul. Grzeg\u00f3rzecka 8<\/td>\n<td width=\"186\">Tel.\/fax.\u00a0 12 431-01-77<\/td>\n<\/tr>\n<tr>\n<td width=\"337\"><strong>KRAK\u00d3W<\/strong> \u00a031-820, os. Wysokie 20A<\/td>\n<td width=\"186\">Tel.\/fax. 12 649-93-49<\/td>\n<\/tr>\n<tr>\n<td width=\"337\"><strong>KRAK\u00d3W<\/strong> 30-006, ul. Wroc\u0142awska 1<\/td>\n<td width=\"186\">Tel.\/fax 12 631-11-30<\/td>\n<\/tr>\n<tr>\n<td width=\"337\"><strong>KROSNO<\/strong> 38-400, ul. Podwale 57<\/td>\n<td width=\"186\">Tel.\/fax 13 431-12-85<\/td>\n<\/tr>\n<tr>\n<td width=\"337\"><strong>KROTOSZYN<\/strong> 63-700, ul.\u00a0 Dr Bolewskiego 8<\/td>\n<td width=\"186\">Tel.\/fax. 62 588-03-90<\/td>\n<\/tr>\n<tr>\n<td width=\"337\"><strong>KUTNO<\/strong>\u00a0 99-300, ul. Ko\u015bciuszki 52<\/td>\n<td width=\"186\">Tel.\/fax. 24 254 31 80<\/td>\n<\/tr>\n<tr>\n<td width=\"337\"><strong>LIPSKO<\/strong> 27-300\u00a0 ul. Zwole\u0144ska 13<\/td>\n<td width=\"186\">Tel.\/fax. 532 082 245<\/td>\n<\/tr>\n<tr>\n<td width=\"337\"><strong>LUBLIN<\/strong>\u00a0\u00a0 20-092, ul. Hirszfelda3\/2<\/td>\n<td width=\"186\">Tel.\/fax. 81 442-94-30<\/td>\n<\/tr>\n<tr>\n<td width=\"337\"><strong>\u0141\u00d3D\u0179<\/strong> 91-446, ul. Zgierska 31\/33<\/td>\n<td width=\"186\">Tel.\/fax. 42 670-74-83<\/td>\n<\/tr>\n<tr>\n<td width=\"337\"><strong>\u0141\u00d3D\u0179<\/strong> 93-513, ul. Pabianicka 62<\/td>\n<td width=\"186\">Tel. 42 687 70 73<\/td>\n<\/tr>\n<tr>\n<td rowspan=\"3\" width=\"337\"><strong>\u0141\u00d3D\u0179<\/strong> 90-522, ul. W\u00f3lcza\u0144ska 114<\/td>\n<td width=\"186\">Tel. 42 670 62 47 sekretariat<\/td>\n<\/tr>\n<tr>\n<td width=\"186\">fax. 42 689-52-86<\/td>\n<\/tr>\n<tr>\n<td width=\"186\">Tel .42 633 51 81 sklep<\/td>\n<\/tr>\n<tr>\n<td width=\"337\"><strong>NAMYS\u0141\u00d3W<\/strong> 46-100, ul.Ole\u015bnicka 4<\/td>\n<td width=\"186\">Tel.\/fax. 77 40-40-268<\/td>\n<\/tr>\n<tr>\n<td width=\"337\"><strong>NOWY S\u0104CZ<\/strong> \u00a0\u00a033-300,\u00a0 ul. D\u0142ugosza 44\/3<\/td>\n<td width=\"186\">Tel.\/fax. 18 444-29-38<\/td>\n<\/tr>\n<tr>\n<td width=\"337\"><strong>OPOLE<\/strong> 45-709, ul. \u015aciegiennego 7\/1a<\/td>\n<td width=\"186\">Tel.\/fax. 77 474-72-54<\/td>\n<\/tr>\n<tr>\n<td width=\"337\"><strong>OPOLE<\/strong>\u00a0\u00a0 45-056, ul. Ko\u015bnego 28\/1<\/td>\n<td width=\"186\">Tel.\/fax. 77 453-01-14<\/td>\n<\/tr>\n<tr>\n<td width=\"337\"><strong>OSTRO\u0141\u0118KA<\/strong> 07-410, ul. Kili\u0144skiego 33<\/td>\n<td width=\"186\">Tel.\/fax. 29 764-76-00<\/td>\n<\/tr>\n<tr>\n<td width=\"337\"><strong>OSTROWIEC\u00a0 \u015aWI\u0118TOKRZYSKI<\/strong>, 27-400 ul. Szymanowskiego 11<\/td>\n<td width=\"186\">Tel.\/fax. 41 247-80-55<\/td>\n<\/tr>\n<tr>\n<td width=\"337\"><strong>OSTR\u00d3W WLKP.<\/strong>\u00a0 63-400, ul. Limanowskiego 20\/22<\/td>\n<td width=\"186\">Tel.\/fax. 62 59-51-128<\/td>\n<\/tr>\n<tr>\n<td width=\"337\"><strong>PABIANICE<\/strong> 95-200, ul. Jana Paw\u0142a II 68<\/td>\n<td width=\"186\">Tel.\/fax. 42 214-90-20<\/td>\n<\/tr>\n<tr>\n<td width=\"337\"><strong>PI\u0141A<\/strong> 64-920, ul. Wojska Polskiego 43<\/td>\n<td width=\"186\">Tel.\/fax. 67 215 22 86<\/td>\n<\/tr>\n<tr>\n<td width=\"337\"><strong>PODD\u0118BICE<\/strong> 99-200, ul. Mickiewicza 16<\/td>\n<td width=\"186\">Tel. 539 191 638<\/td>\n<\/tr>\n<tr>\n<td width=\"337\"><strong>POZNA\u0143\u00a0<\/strong> 61-527, ul. Garczy\u0144skiego 15\/17<\/td>\n<td width=\"186\">Tel. 61 834-23-09<\/td>\n<\/tr>\n<tr>\n<td width=\"337\"><strong>POZNA\u0143\u00a0<\/strong> 61-889, ul. Krakowska 2<\/td>\n<td width=\"186\">Tel.\/fax.61 853-44-41<\/td>\n<\/tr>\n<tr>\n<td width=\"337\"><strong>POZNA\u0143<\/strong>\u00a0 60-555, ul. Bukowska 45<\/td>\n<td width=\"186\">Tel. 69 445 69 78<\/td>\n<\/tr>\n<tr>\n<td width=\"337\"><strong>POZNA\u0143<\/strong> 60-479, ul. Jurasz\u00f3w 7\/19<\/td>\n<td width=\"186\">Tel. 61 821 23 73<\/td>\n<\/tr>\n<tr>\n<td width=\"337\"><strong>PU\u0141AWY<\/strong> 24-100, Al.Partyzant\u00f3w 9a<\/td>\n<td width=\"186\">Tel.\/fax. 81 888 20 82<\/td>\n<\/tr>\n<tr>\n<td width=\"337\"><strong>RAWA MAZOWIECKA<\/strong> 96-200, ul.Jerozolimska 3<\/td>\n<td width=\"186\">Tel.\/fax 46 815 41 39<\/td>\n<\/tr>\n<tr>\n<td width=\"337\"><strong>RZESZ\u00d3W<\/strong> 35-033, ul. D\u0105browskiego 1<\/td>\n<td width=\"186\">Tel. 17 853 37 78<\/td>\n<\/tr>\n<tr>\n<td width=\"337\"><strong>RZESZ\u00d3W<\/strong>\u00a0 35-310, ul. Wierzbowa 17<\/td>\n<td width=\"186\">Tel.\/fax.17 852-10-95<\/td>\n<\/tr>\n<tr>\n<td width=\"337\"><strong>SIEDLCE<\/strong> 08-110, ul. 3 Maja 38<\/td>\n<td width=\"186\">\u00a0Tel. 25 644 90 31<\/td>\n<\/tr>\n<tr>\n<td width=\"337\"><strong>SIERADZ<\/strong>\u00a0\u00a0 98-200, ul. Armii Krajowej 7<\/td>\n<td width=\"186\">Tel.\/fax. 43 822-03-61<\/td>\n<\/tr>\n<tr>\n<td width=\"337\"><strong>SIERPC<\/strong> 09-200, ul. Konstytucji 3 Maja 7e<\/td>\n<td width=\"186\">Tel. 24 231 15 07<\/td>\n<\/tr>\n<tr>\n<td width=\"337\"><strong>SOCHACZEW<\/strong> \u00a096-500, ul. Batalion\u00f3w Ch\u0142opskich 3\/7<\/td>\n<td width=\"186\">Tel.\/fax. 46 862-14-43<\/td>\n<\/tr>\n<tr>\n<td width=\"337\"><strong>SOSNOWIEC<\/strong>\u00a0 41-200, ul. Modrzejowska 20<\/td>\n<td width=\"186\">Tel.\/fax. 32 292-60-72<\/td>\n<\/tr>\n<tr>\n<td width=\"337\"><strong>STALOWA WOLA\u00a0<\/strong> 37-450,\u00a0 ul. Sztaszica 4<\/td>\n<td width=\"186\">Tel.\/fax. 15 844-39-33<\/td>\n<\/tr>\n<tr>\n<td width=\"337\"><strong>STARGARD<\/strong> 73-110, ul. Wojska Polskiego 12 B<\/td>\n<td width=\"186\">Tel.\/fax 91\/577-52-91<\/td>\n<\/tr>\n<tr>\n<td width=\"337\"><strong>SZCZECIN\u00a0<\/strong>\u00a0 I, 71-422\u00a0 ul. Piotra Skargi 15<\/td>\n<td width=\"186\">Tel.\/fax. 91 489-36-55<\/td>\n<\/tr>\n<tr>\n<td width=\"337\"><strong>SZCZECIN<\/strong>\u00a0 II, 71-730,\u00a0 ul. Strza\u0142owska 22 (pawilon)<\/td>\n<td width=\"186\">Tel.\/fax. 91 425-15-54<\/td>\n<\/tr>\n<tr>\n<td width=\"337\"><strong>SZCZECINEK<\/strong>\u00a0 78-400, ul. Koszali\u0144ska 27<\/td>\n<td width=\"186\">Tel.\/fax. 94 37-222-13<\/td>\n<\/tr>\n<tr>\n<td width=\"337\"><strong>TARN\u00d3W<\/strong> \u00a033-100, ul. Starod\u0105browska 4<\/td>\n<td width=\"186\">Tel.\/fax. 14 626-01-08<\/td>\n<\/tr>\n<tr>\n<td width=\"337\"><strong>TUREK<\/strong> 62-700, ul. 650-lecia 8a<\/td>\n<td width=\"186\">Tel.\/fax. 63 289-35-63<\/td>\n<\/tr>\n<tr>\n<td width=\"337\"><strong>WA\u0141BRZYCH<\/strong> \u00a058-300,\u00a0 Al. Wyzwolenia 42A<\/td>\n<td width=\"186\">Tel.\/fax. 74 842-33-99<\/td>\n<\/tr>\n<tr>\n<td width=\"337\"><strong>WARSZAWA<\/strong>, 01-229, ul. Wolska 75<\/td>\n<td width=\"186\">Tel.\/fax. 22 635-89-55<\/td>\n<\/tr>\n<tr>\n<td width=\"337\"><strong>WARSZAWA<\/strong> 02-793, ul. Belgradzka 52<\/td>\n<td width=\"186\">Tel. 22 641 53 85<\/td>\n<\/tr>\n<tr>\n<td width=\"337\"><strong>WARSZAWA<\/strong> 04-328, ul. Grochowska 142<\/td>\n<td width=\"186\">Tel.\/fax.\u00a0 22 610 55 72<\/td>\n<\/tr>\n<tr>\n<td width=\"337\"><strong>WIELISZEW<\/strong> 05-135, ul. Ko\u015bcielna 61\/300H<\/td>\n<td width=\"186\">Tel.\/fax. 22 732 70 50 \/ tel tymczas. 694 456 977<\/td>\n<\/tr>\n<tr>\n<td width=\"337\"><strong>WROC\u0141AW<\/strong> 53-678, ul. Ziemowita 1\/9<\/td>\n<td width=\"186\">Tel.\/fax. 71 784-58-17<\/td>\n<\/tr>\n<tr>\n<td width=\"337\"><strong>WROC\u0141AW\u00a0<\/strong>\u00a0\u00a0 50-443,\u00a0 ul. Pu\u0142askiego 42E<\/td>\n<td width=\"186\">Tel.\/fax. 71 343-93-64<\/td>\n<\/tr>\n<tr>\n<td width=\"337\"><strong>WROC\u0141AW<\/strong> 53-339, ul. Pabianicka 25\/1A<\/td>\n<td width=\"186\">Tel.\/fax. 71 342 27 02<\/td>\n<\/tr>\n<tr>\n<td width=\"337\"><strong>ZABRZE<\/strong> 41-800, ul. Krasi\u0144skiego 18<\/td>\n<td width=\"186\">Tel.\/fax. 32 370-12-95<\/td>\n<\/tr>\n<tr>\n<td width=\"337\"><strong>ZAMO\u015a\u0106<\/strong> 22-400, ul. Partyzant\u00f3w 16<\/td>\n<td width=\"186\">Tel.\/fax. 84 639-32-78<\/td>\n<\/tr>\n<tr>\n<td width=\"337\"><strong>ZIELONA G\u00d3RA<\/strong> 65-046, ul.\u00a0 Zyty\u00a0 26<\/td>\n<td width=\"186\">Tel.\/fax. 68 324 13 16<\/td>\n<\/tr>\n<tr>\n<td width=\"337\"><strong>\u017bYWIEC<\/strong> 34-300, ul. Batorego 9<\/td>\n<td width=\"186\">Tel.\/fax. 33 861-27-63<\/td>\n<\/tr>\n<tr>\n<td width=\"337\">\u00a0.<\/td>\n<td width=\"186\"><\/td>\n<\/tr>\n<tr>\n<td width=\"337\"><strong>Sklepy Medyczne\u00a0 Cezal &#8211; Bydgoszcz<\/strong><\/td>\n<td width=\"186\"><\/td>\n<\/tr>\n<tr>\n<td width=\"337\">\u00a0.<\/td>\n<td width=\"186\"><\/td>\n<\/tr>\n<tr>\n<td width=\"337\"><strong>ALEKSANDR\u00d3W KUJAWSKI<\/strong> 87-800, ul. S\u0142owackiego 67<\/td>\n<td width=\"186\">Tel.\/fax\u00a0\u00a0 54-282-27-61<\/td>\n<\/tr>\n<tr>\n<td width=\"337\"><strong>BRODNICA<\/strong> 87-300 , ul. 3 Maja 1<\/td>\n<td width=\"186\">Tel.\/fax\u00a0 56-498-34-97<\/td>\n<\/tr>\n<tr>\n<td width=\"337\"><strong>BYDGOSZCZ <\/strong>85-791 ul. L.Twardzickiego 58C<\/td>\n<td width=\"186\">Tel 52-320-03-66<\/td>\n<\/tr>\n<tr>\n<td><strong>BYDGOSZCZ<\/strong> 85-090,\u00a0 ul. KASZTANOWA 57<\/td>\n<td>Tel. 52-340-08-12<\/td>\n<\/tr>\n<tr>\n<td width=\"337\"><strong>BYDGOSZCZ<\/strong> 85-010, ul. Dworcowa 50<\/td>\n<td width=\"186\">Tel.\/fax 52-322-96-06<\/td>\n<\/tr>\n<tr>\n<td width=\"337\"><strong>BYDGOSZCZ<\/strong> 85-681, ul. Powsta\u0144c\u00f3w Warszawy 5<\/td>\n<td width=\"186\">Tel.\/fax 261-417-458<\/td>\n<\/tr>\n<tr>\n<td width=\"337\"><strong>BYDGOSZCZ<\/strong> 85-796, ul. Dr I. Romanowskiej 2<\/td>\n<td width=\"186\">Tel.\/fax 52-344-09-90<\/td>\n<\/tr>\n<tr>\n<td><strong>ELBL\u0104G<\/strong> 82-300, ul. KR\u00d3LEWIECKA 146<\/td>\n<td>Tel 55-234-12-79<\/td>\n<\/tr>\n<tr>\n<td width=\"337\"><strong>GDA\u0143SK<\/strong> 80-844, ul Podwale Staromiejskie 62\/68C<\/td>\n<td width=\"186\">Tel.\/fax 58-325-42-69<\/td>\n<\/tr>\n<tr>\n<td><strong>GDYNIA<\/strong> 81-553, ul. WROC\u0141AWSKA 59,<\/td>\n<td>Tel 55-234-12-79<\/td>\n<\/tr>\n<tr>\n<td width=\"337\"><strong>GDYNIA<\/strong> 81-366, ul. Armii Krajowej 44<\/td>\n<td width=\"186\">Tel.\/fax 58-782-03-23<\/td>\n<\/tr>\n<tr>\n<td width=\"337\"><strong>GRUDZI\u0104DZ<\/strong> 86-300, ul. Toru\u0144ska 25\/27<\/td>\n<td width=\"186\">Tel.\/fax 56-46-17-000<\/td>\n<\/tr>\n<tr>\n<td><strong>I\u0141AWA<\/strong> 14-200, ul. GEN.W\u0141. ANDERSA 3<\/td>\n<td>Tel 89-642-10-90<\/td>\n<\/tr>\n<tr>\n<td width=\"337\"><strong>INOWROC\u0141AW<\/strong> 88-100, ul. Laubitza 3<\/td>\n<td width=\"186\">Tel.\/fax 52-315-15-97<\/td>\n<\/tr>\n<tr>\n<td width=\"337\"><strong>KO\u015aCIERZYNA<\/strong> 83-400, ul. B. Prusa 1<\/td>\n<td width=\"186\">Tel.\/fax 58-686-62-26<\/td>\n<\/tr>\n<tr>\n<td width=\"337\"><strong>MOGILNO<\/strong> 88-300, ul. Ko\u015bciuszki 6<\/td>\n<td width=\"186\">Tel.\/fax\u00a0 52-315-10-21<\/td>\n<\/tr>\n<tr>\n<td width=\"337\"><strong>NAK\u0141O N\/NOTECI\u0104<\/strong> 89-100, ul. Mickiewicza 7<\/td>\n<td width=\"186\">Tel.\/fax\u00a0 52-385-27-91<\/td>\n<\/tr>\n<tr>\n<td><strong>OLSZTYN<\/strong> 10-503, Ul. KO\u015aCIUSZKI 29<\/td>\n<td>Tel. 89-533-95-17<\/td>\n<\/tr>\n<tr>\n<td><strong>OLSZTYN<\/strong> 10-686, ul. T. WILCZY\u0143SKIEGO 25B<\/td>\n<td>\u00a8Tel. 89-526-08-70<\/td>\n<\/tr>\n<tr>\n<td><strong>RYPIN<\/strong>, 87-500, ul.T. Ko\u015bciuszki 7\/9, lokal 1<\/td>\n<td>\u00a8Tel. 539-697-239<\/td>\n<\/tr>\n<tr>\n<td width=\"337\"><strong>S\u0141UPSK<\/strong> 76-200, ul. Sygiety\u0144skiego 4D<\/td>\n<td width=\"186\">Tel.\/fax 59-841-02-58<\/td>\n<\/tr>\n<tr>\n<td width=\"337\"><strong>S\u0141UPSK<\/strong> 76-200, ul. Hubalczyk\u00f3w 1<\/td>\n<td width=\"186\">Tel.\/fax 59-841-13-29<\/td>\n<\/tr>\n<tr>\n<td width=\"337\"><strong>TORU\u0143<\/strong> 87-100, ul. Szosa Che\u0142mi\u0144ska 44<\/td>\n<td width=\"186\">Tel.\/fax\u00a0\u00a0 56-654-00-20<\/td>\n<\/tr>\n<tr>\n<td width=\"337\"><strong>W\u0141OC\u0141AWEK<\/strong> 87-800, ul. Mickiewicza 5<\/td>\n<td width=\"186\">Tel.\/fax\u00a0\u00a0 54-231-19-38<\/td>\n<\/tr>\n<\/tbody>\n<\/table>\n<p>&nbsp;<\/p>\n","protected":false},"excerpt":{"rendered":"<p>&nbsp; ADRES TELEFON SKLEPY POFAM \u2013 POZNA\u0143\u00a0Sp. z.o.o. e-shop: https:\/\/sklep.pofam.pl\/ BE\u0141CHAT\u00d3W,\u00a097-400, Wojska Polskiego 51 Tel.\/fax. 44 633 18 92 BIA\u0141A PODLASKA 21-500, ul. Terebelska 60B\/20 Tel.\/fax. 83 345 04 30 BIA\u0141OGARD 78-200, ul. Chopina 29 Tel.\/fax. 94 312-00-20 BIA\u0141YSTOK 15-077, ul. Warszawska 38 Tel.\/fax. 85 732-80-70 BIELSKO BIA\u0141A 43-300, ul. 11 Listopada 34 Tel.\/fax. 33 [&hellip;]<\/p>\n","protected":false},"author":1,"featured_media":0,"parent":0,"menu_order":0,"comment_status":"closed","ping_status":"closed","template":"","meta":{"_acf_changed":false,"_exactmetrics_skip_tracking":false,"_exactmetrics_sitenote_active":false,"_exactmetrics_sitenote_note":"","_exactmetrics_sitenote_category":0,"footnotes":""},"class_list":["post-204","page","type-page","status-publish","hentry"],"acf":[],"_links":{"self":[{"href":"https:\/\/www.icepower.com\/pl\/wp-json\/wp\/v2\/pages\/204","targetHints":{"allow":["GET"]}}],"collection":[{"href":"https:\/\/www.icepower.com\/pl\/wp-json\/wp\/v2\/pages"}],"about":[{"href":"https:\/\/www.icepower.com\/pl\/wp-json\/wp\/v2\/types\/page"}],"author":[{"embeddable":true,"href":"https:\/\/www.icepower.com\/pl\/wp-json\/wp\/v2\/users\/1"}],"replies":[{"embeddable":true,"href":"https:\/\/www.icepower.com\/pl\/wp-json\/wp\/v2\/comments?post=204"}],"version-history":[{"count":20,"href":"https:\/\/www.icepower.com\/pl\/wp-json\/wp\/v2\/pages\/204\/revisions"}],"predecessor-version":[{"id":297,"href":"https:\/\/www.icepower.com\/pl\/wp-json\/wp\/v2\/pages\/204\/revisions\/297"}],"wp:attachment":[{"href":"https:\/\/www.icepower.com\/pl\/wp-json\/wp\/v2\/media?parent=204"}],"curies":[{"name":"wp","href":"https:\/\/api.w.org\/{rel}","templated":true}]}}