{"id":19,"date":"2017-05-02T15:28:12","date_gmt":"2017-05-02T12:28:12","guid":{"rendered":"https:\/\/www.icepower.com\/pl\/?page_id=19"},"modified":"2019-02-21T13:57:47","modified_gmt":"2019-02-21T11:57:47","slug":"ice-power-i-praca-przy-komputerze","status":"publish","type":"page","link":"https:\/\/www.icepower.com\/pl\/ice-power-i-praca-przy-komputerze\/","title":{"rendered":"Ice power i praca przy komputerze"},"content":{"rendered":"<h2>Ice Power pomaga z\u0142agodzi\u0107 bolesne efekty i stres mi\u0119\u015bni spowodowany prac\u0105 przy komputerze<\/h2>\n<p><a href=\"https:\/\/www.icepower.com\/wp-content\/uploads\/2015\/08\/shoulder-neck_medium.png\"><img loading=\"lazy\" decoding=\"async\" class=\" size-full wp-image-6728 alignright\" src=\"https:\/\/www.icepower.com\/wp-content\/uploads\/2015\/08\/shoulder-neck_medium.png\" alt=\"shoulder-neck_medium\" width=\"220\" height=\"188\" \/><\/a><\/p>\n<p>Zbyt d\u0142uga praca przy komputerze, za ma\u0142o aktywno\u015bci fizycznej i zbyt intensywna praca powoduje problemy z szyj\u0105 i ramionami, a tak\u017ce obszarami nadgarstk\u00f3w i kr\u0119gos\u0142upa. Nieaktywny i siedz\u0105cy tryb \u017cycia razem ze s\u0142ab\u0105 ergonomi\u0105, a tak\u017ce s\u0142ab\u0105 kondycj\u0105 fizyczn\u0105 s\u0105 najcz\u0119stszym powodem dolegliwo\u015bci wywo\u0142anych przeci\u0105\u017ceniem. Je\u017celi dolegliwo\u015bci te nie b\u0119d\u0105 leczone, a przeci\u0105\u017cenie nie b\u0119dzie ponownie zmierzone, w\u00f3wczas mo\u017cna popa\u015b\u0107 w ca\u0142kiem k\u0142opotliwy wir niemocy. Dolegliwo\u015bci powi\u0105zane z przeci\u0105\u017ceniem s\u0105 zazwyczaj wywo\u0142ane reakcj\u0105 organizmu na zbyt du\u017ce obci\u0105\u017cenie, wzgl\u0119dnie cz\u0119sto dochodzi do pewnego rodzaju reakcji zapalnej w tkankach mi\u0119kkich lub stawach. Ow\u0105 reakcj\u0119 zapaln\u0105 mo\u017cna efektywnie wyleczy\u0107 stosuj\u0105c produkty Ice Power Cold.<\/p>\n<h3>Dolegliwo\u015bci w okolicach szyi oraz ramion<\/h3>\n<p>B\u00f3l w okolicach szyi cz\u0119sto wywo\u0142any jest z\u0142\u0105 ergonomik\u0105 oraz s\u0142abymi mi\u0119\u015bniami odpowiedzialnymi za postaw\u0119 cia\u0142a. Wraz z wiekiem dolegliwo\u015bci te b\u0119d\u0105 si\u0119 nasila\u0107 w zwi\u0105zku z nadwyr\u0119\u017ceniem odcinka l\u0119d\u017awiowego kr\u0119gos\u0142upa. Nieodpowiednia postawa cia\u0142a zaburza kr\u0105\u017cenie krwi w mi\u0119\u015bniach, co z kolei powoduje napi\u0119cie w mi\u0119\u015bniach. Ci\u0105g\u0142e niedokrwienie wywo\u0142uje reakcj\u0119 zapaln\u0105 w mi\u0119\u015bniu. W celu poprawy tej sytuacji nale\u017cy poprawi\u0107 ergonomik\u0119 i stan mi\u0119\u015bni, ale przede wszystkim nale\u017cy wyleczy\u0107 zapalenie. W przypadku \u0142agodnego zapalenia dobre dzia\u0142anie lecznicze uda si\u0119 osi\u0105gn\u0105\u0107 poprzez zastosowanie miejscowej terapii zimnem, kt\u00f3ra dzi\u0119ki \u017celowi Power Cold Gel jest bardzo \u0142atwa do wykonania w domu czy w miejscu pracy. Ze wzgl\u0119du na stymulacj\u0119 kr\u0105\u017cenia krwi, Ice Power nadaje si\u0119 do zmniejszenia napi\u0119cie w mi\u0119\u015bniach jeszcze przed pojawieniem si\u0119 zapalenia.<\/p>\n<p>Staw barkowy jest najbardziej ruchomym stawem ludzkiego cia\u0142a, ale na skutek zmniejszonej ilo\u015bci \u0107wicze\u0144 fizycznych wyst\u0119puje prawdopodobie\u0144stwo pojawienia si\u0119 problem\u00f3w z barkiem. Z\u0142a ergonomia oraz s\u0142abe mi\u0119\u015bnie odpowiedzialne za postaw\u0119 cia\u0142a powoduj\u0105 problemy z ruchomo\u015bci\u0105 stawu barkowego. Pogorszenie kr\u0105\u017cenia w danym obszarze, a tak\u017ce tarcie powstaj\u0105ce na skutek ruchu wytwarza du\u017ce obci\u0105\u017cenie w organizmie. Skutkiem obci\u0105\u017cenia mo\u017ce by\u0107 zapalenie \u015bci\u0119gien mi\u0119\u015bni pier\u015bcienia rotator\u00f3w, w kaletce maziowej lub torebce maziowej obszaru. Sta\u0142e zmiany takie jak silne zwyrodnienia r\u00f3wnie\u017c s\u0105 cz\u0119ste w tych obszarach. Terapia zimnem Ice Power pomaga w zmniejszeniu obrz\u0119ku oraz w za\u0142agodzeniu zapalenia i b\u00f3lu. \u017bel Ice Power Cold zawiera sk\u0142adniki, kt\u00f3re obni\u017caj\u0105 temperatur\u0119 tkanek powierzchniowych, a w tym samym czasie mentol wp\u0142ywa na uk\u0142ad receptor\u00f3w b\u00f3lowych.<\/p>\n<p class=\" text-JUSTIFY\">\u017bel Ice Power Cold Gel jest niezawieraj\u0105c\u0105 \u015brodk\u00f3w chemicznych alternatyw\u0105 dla leczenia tkanki mi\u0119kkiej oraz w przypadku b\u00f3l\u00f3w staw\u00f3w. Mo\u017ce zosta\u0107 wykorzystany jako cz\u0119\u015b\u0107 fizjoterapii, a tak\u017ce w po\u0142\u0105czeniu ze \u015brodkami przeciwb\u00f3lowymi aby znacznie poprawi\u0107 wyniki rehabilitacji.<\/p>\n<p><a id=\"eztoc3574_0_0_2\" name=\"eztoc3574_0_0_2\"><\/a><\/p>\n<h3 class=\" text-JUSTIFY\">B\u00f3l w nadgarstkach i d\u0142oniach<\/h3>\n<p>&#8222;Zesp\u00f3\u0142 cie\u015bni nadgarstka&#8221; jest stanem przeci\u0105\u017cenia nadgarstka, wywo\u0142anym monotonnymi ruchami oraz z\u0142ym u\u0142o\u017ceniem nadgarstk\u00f3w podczas pracy z komputerami. Os\u0142abienie mi\u0119\u015bni przedramiennych jest g\u0142\u00f3wnym czynnikiem rozwoju b\u00f3lu. Ten rodzaj dolegliwo\u015bci zazwyczaj zaczyna si\u0119 \u0142agodnymi objawami, mo\u017cna go w \u0142atwy spos\u00f3b naprawi\u0107 poprzez u\u017cywanie myszki dwur\u0119cznej. Je\u017celi b\u00f3l nie b\u0119dzie leczony jego skutkiem najcz\u0119\u015bciej jest ognisko zapalenia. Najlepszymi sposobami na wyleczenie zapalenia s\u0105 zazwyczaj miejscowa terapia zimnem oraz odpoczynek. Ok\u0142ad Ice Power Cold Pack mo\u017ce zosta\u0107 u\u017cyty natychmiastowo po obci\u0105\u017ceniu w domu. \u017bel Ice Power Cold Gel mo\u017cna stosowa\u0107 na nadgarstek podczas dnia pracy, co zapewnia ci\u0105g\u0142o\u015b\u0107 leczenia i \u0142agodzi b\u00f3l bez potrzeby przerywania pracy.<\/p>\n<p>Inne dolegliwo\u015bci b\u00f3lowe w obszarach d\u0142oni i nadgarstk\u00f3w, takie jak obrz\u0119k oko\u0142ostawowy, s\u0105 wynikiem monotonnych i powtarzalnych ruch\u00f3w, kt\u00f3re obci\u0105\u017caj\u0105 ma\u0142e stawy i powoduj\u0105 \u015bcieranie tkanek. W takich sytuacjach, priorytetowym zadaniem jest wyleczenie zapalenia i poprawa ergonomiki.<\/p>\n<p><a id=\"eztoc3574_0_0_3\" name=\"eztoc3574_0_0_3\"><\/a><\/p>\n<h3>Przeci\u0105\u017cenie okolic l\u0119d\u017awi<\/h3>\n<p>Siedz\u0105ca praca, nieaktywna postawa cia\u0142a oraz z\u0142a ergonomika wywo\u0142uje sta\u0142e obci\u0105\u017cenie w kr\u0119gu l\u0119d\u017awiowym oraz mi\u0119\u015bniach obszaru l\u0119d\u017awiowego. Mo\u017ce to prowadzi\u0107 do zablokowania kr\u0105\u017cenia krwi w tym obszarze, napi\u0119\u0107 w mi\u0119\u015bniach i po\u0142\u0105czeniach nerwowych. \u017bel Ice Power Cold Gel jest \u0142atwym i efektywnym sposobem z\u0142agodzenia napi\u0119cia mi\u0119\u015bni. Terapia zimnem Ice Power jest bardzo efektywna w leczeniu b\u00f3lu korzeni nerwowych. U\u017cywanie opatrunku Ice Power Cold Pack w domu oraz \u017celu Cold Gel w miejscu pracy zapewnia ci\u0105g\u0142e leczenie b\u00f3lu w sytuacjach nag\u0142ych i w znacznym stopniu wp\u0142ywa na objawy.<\/p>\n<p><a id=\"eztoc3574_0_0_4\" name=\"eztoc3574_0_0_4\"><\/a><\/p>\n<h3>Objawy w ko\u0144czynach dolnych<\/h3>\n<p>Siedzenie upo\u015bledza przep\u0142yw krwi w ko\u0144czynach dolnych i wywo\u0142uje obrz\u0119k zwi\u0105zany z brakiem ruchu, nieodpowiedni\u0105 postaw\u0105 i wygi\u0119cie bioder. Zmiana postawy, kr\u00f3tkie przerwy na \u0107wiczenia i spacer mog\u0105 zapobiec objawom i je z\u0142agodzi\u0107. Poprzez sch\u0142odzenie tkanek powierzchniowych Ice Power Cold Gel pobudza kr\u0105\u017cenie krwi i metabolizm co przynosi ulg\u0119 w dolegliwo\u015bciach.<\/p>\n<p>Tubka roluj\u0105ca umo\u017cliwia \u0142atwe i komfortowe samodzielne leczenie plec\u00f3w i szyi &#8211; najlepsze rezultaty mo\u017cna osi\u0105gn\u0105\u0107, je\u017celi leczenie powtarzane jest regularnie.<\/p>\n<p><a id=\"eztoc3574_0_0_5\" name=\"eztoc3574_0_0_5\"><\/a><\/p>\n<h3>Dzia\u0142anie potwierdzone naukowo *<\/h3>\n<p class=\" text-JUSTIFY\">Dzia\u0142anie \u017celu Ice Power Cold Gel oparte jest na mentolu i innych olejkach eterycznych, kt\u00f3re obni\u017caj\u0105 temperatur\u0119 sk\u00f3ry przeci\u0119tnie o 7 stopni. Dzia\u0142anie to wspomagane jest przez odkryty niedawno receptor mentolowy (CMR1), kt\u00f3ry nale\u017cy do grupy termoreguluj\u0105cych receptor\u00f3w sk\u00f3ry. Receptor mentolowy po\u015bredniczy r\u00f3wnie\u017c w przekazywaniu tego dzia\u0142ania do tkanek g\u0142\u0119bszych. \u017bel zmniejsza nap\u0142yw krwi i p\u0142yn\u00f3w tkankowych co zapobiega powstawaniu opuchlizny. Im wcze\u015bniej \u017cel Power Cold Gel zostanie u\u017cyty, tym lepsze b\u0119d\u0105 efekty. Ice Power Cold Gel pozwala na du\u017co cz\u0119stsze prowadzenie terapii zimnem, co przed\u0142u\u017ca rezultaty leczenia.<\/p>\n<p>Efektywno\u015b\u0107 \u017celu Ice Power Cold Gel jest udowodniona naukowo. \u0141agodzi b\u00f3l oraz wspomaga regeneracj\u0119 po uszkodzeniu tkanki mi\u0119kkiej. Pierwsza pr\u00f3ba z u\u017cyciem \u017celu Cold Gel zosta\u0142a przeprowadzona na Uniwersytecie w Kuopio we wsp\u00f3\u0142pracy ze szpitalami uniwersyteckimi. Badanie z u\u017cyciem Ice Power Cold Gel zosta\u0142o przeprowadzone przez dr Olavi Airaksinen. Kr\u00f3tki raport z badania zosta\u0142 opublikowany w publikacji Ameryka\u0144skiej Akademi Medycyny Fizykalnej i Rehabilitacji. Badanie kliniczne wykaza\u0142o, \u017ce dzia\u0142anie Ice Power Cold Gel rozpoczyna si\u0119 natychmiastowo po aplikacji i \u0142agodzi b\u00f3l o po\u0142ow\u0119 po jednym tygodniu leczenia.<\/p>\n","protected":false},"excerpt":{"rendered":"<p>Ice Power pomaga z\u0142agodzi\u0107 bolesne efekty i stres mi\u0119\u015bni spowodowany prac\u0105 przy komputerze Zbyt d\u0142uga praca przy komputerze, za ma\u0142o aktywno\u015bci fizycznej i zbyt intensywna praca powoduje problemy z szyj\u0105 i ramionami, a tak\u017ce obszarami nadgarstk\u00f3w i kr\u0119gos\u0142upa. Nieaktywny i siedz\u0105cy tryb \u017cycia razem ze s\u0142ab\u0105 ergonomi\u0105, a tak\u017ce s\u0142ab\u0105 kondycj\u0105 fizyczn\u0105 s\u0105 najcz\u0119stszym powodem [&hellip;]<\/p>\n","protected":false},"author":1,"featured_media":0,"parent":0,"menu_order":0,"comment_status":"closed","ping_status":"closed","template":"","meta":{"_acf_changed":false,"_exactmetrics_skip_tracking":false,"_exactmetrics_sitenote_active":false,"_exactmetrics_sitenote_note":"","_exactmetrics_sitenote_category":0,"footnotes":""},"class_list":["post-19","page","type-page","status-publish","hentry"],"acf":[],"_links":{"self":[{"href":"https:\/\/www.icepower.com\/pl\/wp-json\/wp\/v2\/pages\/19","targetHints":{"allow":["GET"]}}],"collection":[{"href":"https:\/\/www.icepower.com\/pl\/wp-json\/wp\/v2\/pages"}],"about":[{"href":"https:\/\/www.icepower.com\/pl\/wp-json\/wp\/v2\/types\/page"}],"author":[{"embeddable":true,"href":"https:\/\/www.icepower.com\/pl\/wp-json\/wp\/v2\/users\/1"}],"replies":[{"embeddable":true,"href":"https:\/\/www.icepower.com\/pl\/wp-json\/wp\/v2\/comments?post=19"}],"version-history":[{"count":2,"href":"https:\/\/www.icepower.com\/pl\/wp-json\/wp\/v2\/pages\/19\/revisions"}],"predecessor-version":[{"id":125,"href":"https:\/\/www.icepower.com\/pl\/wp-json\/wp\/v2\/pages\/19\/revisions\/125"}],"wp:attachment":[{"href":"https:\/\/www.icepower.com\/pl\/wp-json\/wp\/v2\/media?parent=19"}],"curies":[{"name":"wp","href":"https:\/\/api.w.org\/{rel}","templated":true}]}}