{"id":15,"date":"2017-05-02T17:47:17","date_gmt":"2017-05-02T14:47:17","guid":{"rendered":"https:\/\/www.icepower.com\/pl\/?page_id=15"},"modified":"2019-02-21T13:57:47","modified_gmt":"2019-02-21T11:57:47","slug":"dla-profesjonalistow","status":"publish","type":"page","link":"https:\/\/www.icepower.com\/pl\/dla-profesjonalistow\/","title":{"rendered":"Dla profesjonalist\u00f3w"},"content":{"rendered":"<h3>Ice Power \u2013 Dzia\u0142anie potwierdzone naukowo!<\/h3>\n<p>Dzia\u0142anie \u017celu Ice Power Cold Gel oparte jest na mentolu i innych olejkach eterycznych, kt\u00f3re obni\u017caj\u0105 temperatur\u0119 sk\u00f3ry przeci\u0119tnie o 7 stopni. Dzia\u0142anie to wspomagane jest przez odkryty niedawno receptor mentolowy (CMR1), kt\u00f3ry nale\u017cy do grupy termoreguluj\u0105cych receptor\u00f3w sk\u00f3ry. Receptor mentolowy po\u015bredniczy r\u00f3wnie\u017c w przekazywaniu tego dzia\u0142ania do tkanek g\u0142\u0119bszych. \u017bel zmniejsza nap\u0142yw krwi i p\u0142yn\u00f3w tkankowych co zapobiega powstawaniu opuchlizny. Im wcze\u015bniej \u017cel Power Cold Gel zostanie u\u017cyty, tym lepsze b\u0119d\u0105 efekty. Ice Power Cold Gel pozwala na du\u017co cz\u0119stsze prowadzenie terapii zimnem, co przed\u0142u\u017ca rezultaty leczenia.<\/p>\n<p>Efektywno\u015b\u0107 \u017celu Ice Power Cold Gel jest udowodniona naukowo. \u0141agodzi b\u00f3l oraz wspomaga regeneracj\u0119 po uszkodzeniu tkanki mi\u0119kkiej. Pierwsza pr\u00f3ba z u\u017cyciem \u017celu Cold Gel zosta\u0142a przeprowadzona na Uniwersytecie w Kuopio we wsp\u00f3\u0142pracy ze szpitalami uniwersyteckimi. Badanie z u\u017cyciem Ice Power Cold Gel zosta\u0142o przeprowadzone przez dr Olavi Airaksinen. Kr\u00f3tki raport z badania zosta\u0142 opublikowany w publikacji Ameryka\u0144skiej Akademi Medycyny Fizykalnej i Rehabilitacji. Badanie kliniczne wykaza\u0142o, \u017ce dzia\u0142anie Ice Power Cold Gel rozpoczyna si\u0119 natychmiastowo po aplikacji i \u0142agodzi b\u00f3l o po\u0142ow\u0119 po jednym tygodniu leczenia.<\/p>\n<p>&nbsp;<\/p>\n<h2><\/h2>\n","protected":false},"excerpt":{"rendered":"<p>Ice Power \u2013 Dzia\u0142anie potwierdzone naukowo! Dzia\u0142anie \u017celu Ice Power Cold Gel oparte jest na mentolu i innych olejkach eterycznych, kt\u00f3re obni\u017caj\u0105 temperatur\u0119 sk\u00f3ry przeci\u0119tnie o 7 stopni. Dzia\u0142anie to wspomagane jest przez odkryty niedawno receptor mentolowy (CMR1), kt\u00f3ry nale\u017cy do grupy termoreguluj\u0105cych receptor\u00f3w sk\u00f3ry. Receptor mentolowy po\u015bredniczy r\u00f3wnie\u017c w przekazywaniu tego dzia\u0142ania do tkanek [&hellip;]<\/p>\n","protected":false},"author":1,"featured_media":0,"parent":0,"menu_order":0,"comment_status":"closed","ping_status":"closed","template":"","meta":{"_acf_changed":false,"_exactmetrics_skip_tracking":false,"_exactmetrics_sitenote_active":false,"_exactmetrics_sitenote_note":"","_exactmetrics_sitenote_category":0,"footnotes":""},"class_list":["post-15","page","type-page","status-publish","hentry"],"acf":[],"_links":{"self":[{"href":"https:\/\/www.icepower.com\/pl\/wp-json\/wp\/v2\/pages\/15","targetHints":{"allow":["GET"]}}],"collection":[{"href":"https:\/\/www.icepower.com\/pl\/wp-json\/wp\/v2\/pages"}],"about":[{"href":"https:\/\/www.icepower.com\/pl\/wp-json\/wp\/v2\/types\/page"}],"author":[{"embeddable":true,"href":"https:\/\/www.icepower.com\/pl\/wp-json\/wp\/v2\/users\/1"}],"replies":[{"embeddable":true,"href":"https:\/\/www.icepower.com\/pl\/wp-json\/wp\/v2\/comments?post=15"}],"version-history":[{"count":2,"href":"https:\/\/www.icepower.com\/pl\/wp-json\/wp\/v2\/pages\/15\/revisions"}],"predecessor-version":[{"id":198,"href":"https:\/\/www.icepower.com\/pl\/wp-json\/wp\/v2\/pages\/15\/revisions\/198"}],"wp:attachment":[{"href":"https:\/\/www.icepower.com\/pl\/wp-json\/wp\/v2\/media?parent=15"}],"curies":[{"name":"wp","href":"https:\/\/api.w.org\/{rel}","templated":true}]}}