{"id":102,"date":"2020-02-11T10:55:45","date_gmt":"2020-02-11T08:55:45","guid":{"rendered":"https:\/\/www.icepower.com\/hu\/?page_id=102"},"modified":"2020-02-21T10:09:52","modified_gmt":"2020-02-21T08:09:52","slug":"bizonyitott-hatekonysag","status":"publish","type":"page","link":"https:\/\/www.icepower.com\/hu\/bizonyitott-hatekonysag\/","title":{"rendered":"Bizony\u00edtott hat\u00e9konys\u00e1g"},"content":{"rendered":"","protected":false},"excerpt":{"rendered":"","protected":false},"author":1,"featured_media":0,"parent":0,"menu_order":0,"comment_status":"closed","ping_status":"closed","template":"blocks_tpl.php","meta":{"_acf_changed":false,"_exactmetrics_skip_tracking":false,"_exactmetrics_sitenote_active":false,"_exactmetrics_sitenote_note":"","_exactmetrics_sitenote_category":0,"footnotes":""},"class_list":["post-102","page","type-page","status-publish","hentry"],"acf":[],"_links":{"self":[{"href":"https:\/\/www.icepower.com\/hu\/wp-json\/wp\/v2\/pages\/102","targetHints":{"allow":["GET"]}}],"collection":[{"href":"https:\/\/www.icepower.com\/hu\/wp-json\/wp\/v2\/pages"}],"about":[{"href":"https:\/\/www.icepower.com\/hu\/wp-json\/wp\/v2\/types\/page"}],"author":[{"embeddable":true,"href":"https:\/\/www.icepower.com\/hu\/wp-json\/wp\/v2\/users\/1"}],"replies":[{"embeddable":true,"href":"https:\/\/www.icepower.com\/hu\/wp-json\/wp\/v2\/comments?post=102"}],"version-history":[{"count":3,"href":"https:\/\/www.icepower.com\/hu\/wp-json\/wp\/v2\/pages\/102\/revisions"}],"predecessor-version":[{"id":170,"href":"https:\/\/www.icepower.com\/hu\/wp-json\/wp\/v2\/pages\/102\/revisions\/170"}],"wp:attachment":[{"href":"https:\/\/www.icepower.com\/hu\/wp-json\/wp\/v2\/media?parent=102"}],"curies":[{"name":"wp","href":"https:\/\/api.w.org\/{rel}","templated":true}]}}