{"id":183,"date":"2015-08-20T16:18:19","date_gmt":"2015-08-20T13:18:19","guid":{"rendered":"https:\/\/www.icepower.com\/fi\/?page_id=183"},"modified":"2018-05-02T10:00:22","modified_gmt":"2018-05-02T07:00:22","slug":"msm","status":"publish","type":"page","link":"https:\/\/www.icepower.com\/fi\/msm\/","title":{"rendered":"MSM"},"content":{"rendered":"<h3>Mik\u00e4 on MSM?<\/h3>\n<div class=\"description clearfix\">\n<p>MSM (metyylisulfonyylimetaani) on rikkiyhdiste, jota on tietyiss\u00e4 elintarvikkeissa, kuten kahvissa, teess\u00e4 ja vihreiss\u00e4 vihanneksissa sek\u00e4 ihmisen elimist\u00f6ss\u00e4 erilaisissa proteiineissa. Rikki on yksi ihmiselle v\u00e4ltt\u00e4m\u00e4tt\u00f6mist\u00e4 kivenn\u00e4isaineista. Niveliss\u00e4 rikkipitoisuus v\u00e4henee tulehdusten my\u00f6t\u00e4. MSM:n sis\u00e4lt\u00e4m\u00e4t rikkiyhdisteet ovat helposti elimist\u00f6n hy\u00f6dynnett\u00e4viss\u00e4 ja siksi sit\u00e4 on k\u00e4ytetty pitk\u00e4\u00e4n erilaisten niveloireiden kuten nivelrikon, niveltulehdusten ja j\u00e4nnetupentulehdusten hoidossa.<\/p>\n<p><b>Kuinka MSM vaikuttaa?<\/b><\/p>\n<ul>\n<li>V\u00e4hent\u00e4\u00e4 tulehdusta, nopeuttaa lihasten palautumista ja est\u00e4\u00e4 lihasten kipeytymist\u00e4<\/li>\n<li>Lievitt\u00e4\u00e4 v\u00e4syneiden lihasten ja kipeytyneiden nivelten arkuutta<\/li>\n<\/ul>\n<p>Ice Power tuotteista <a href=\"https:\/\/www.icepower.com\/fi\/product\/ice-power-plus-geeli\/\">Ice Power Plus kylm\u00e4geeli<\/a> ja <a href=\"https:\/\/www.icepower.com\/fi\/product\/arthro-nivelvoide\/\">Arthro Nivelvoide<\/a> sis\u00e4lt\u00e4v\u00e4t MSM-yhdistett\u00e4.<\/p>\n<\/div>\n","protected":false},"excerpt":{"rendered":"<p>Mik\u00e4 on MSM? MSM (metyylisulfonyylimetaani) on rikkiyhdiste, jota on tietyiss\u00e4 elintarvikkeissa, kuten kahvissa, teess\u00e4 ja vihreiss\u00e4 vihanneksissa sek\u00e4 ihmisen elimist\u00f6ss\u00e4 erilaisissa proteiineissa. Rikki on yksi ihmiselle v\u00e4ltt\u00e4m\u00e4tt\u00f6mist\u00e4 kivenn\u00e4isaineista. Niveliss\u00e4 rikkipitoisuus v\u00e4henee tulehdusten my\u00f6t\u00e4. MSM:n sis\u00e4lt\u00e4m\u00e4t rikkiyhdisteet ovat helposti elimist\u00f6n hy\u00f6dynnett\u00e4viss\u00e4 ja siksi sit\u00e4 on k\u00e4ytetty pitk\u00e4\u00e4n erilaisten niveloireiden kuten nivelrikon, niveltulehdusten ja j\u00e4nnetupentulehdusten hoidossa. Kuinka [&hellip;]<\/p>\n","protected":false},"author":23,"featured_media":0,"parent":0,"menu_order":0,"comment_status":"closed","ping_status":"open","template":"blocks_tpl.php","meta":{"_acf_changed":false,"_exactmetrics_skip_tracking":false,"_exactmetrics_sitenote_active":false,"_exactmetrics_sitenote_note":"","_exactmetrics_sitenote_category":0,"footnotes":""},"class_list":["post-183","page","type-page","status-publish","hentry"],"acf":[],"_links":{"self":[{"href":"https:\/\/www.icepower.com\/fi\/wp-json\/wp\/v2\/pages\/183","targetHints":{"allow":["GET"]}}],"collection":[{"href":"https:\/\/www.icepower.com\/fi\/wp-json\/wp\/v2\/pages"}],"about":[{"href":"https:\/\/www.icepower.com\/fi\/wp-json\/wp\/v2\/types\/page"}],"author":[{"embeddable":true,"href":"https:\/\/www.icepower.com\/fi\/wp-json\/wp\/v2\/users\/23"}],"replies":[{"embeddable":true,"href":"https:\/\/www.icepower.com\/fi\/wp-json\/wp\/v2\/comments?post=183"}],"version-history":[{"count":5,"href":"https:\/\/www.icepower.com\/fi\/wp-json\/wp\/v2\/pages\/183\/revisions"}],"predecessor-version":[{"id":1578,"href":"https:\/\/www.icepower.com\/fi\/wp-json\/wp\/v2\/pages\/183\/revisions\/1578"}],"wp:attachment":[{"href":"https:\/\/www.icepower.com\/fi\/wp-json\/wp\/v2\/media?parent=183"}],"curies":[{"name":"wp","href":"https:\/\/api.w.org\/{rel}","templated":true}]}}