{"id":179,"date":"2015-08-20T16:16:40","date_gmt":"2015-08-20T13:16:40","guid":{"rendered":"https:\/\/www.icepower.com\/fi\/?page_id=179"},"modified":"2025-01-17T13:58:23","modified_gmt":"2025-01-17T10:58:23","slug":"ice-power-tutkittua-tietoa","status":"publish","type":"page","link":"https:\/\/www.icepower.com\/fi\/ice-power-tutkittua-tietoa\/","title":{"rendered":"Tutkittua tietoa pehmytkudosvammojen hoidossa"},"content":{"rendered":"<h3>Ice Power kylm\u00e4geeli v\u00e4hent\u00e4\u00e4 kipua ja nopeuttaa toipumista<\/h3>\n<div class=\"description clearfix\">\n<p><a href=\"https:\/\/www.icepower.com\/fi\/product\/ice-power-kylmageeli\/\">Ice Power kylm\u00e4geelin<\/a> on\u00a0tieteellisesti todettu merkitt\u00e4v\u00e4sti v\u00e4hent\u00e4v\u00e4n kipua ja nopeuttavan paranemista pehmytkudosvammoissa. Suomessa on valmistunut ensimm\u00e4isen\u00e4 maailmassa tieteellinen tutkimus kylm\u00e4geelin vaikutuksista. Lyhennelm\u00e4 tutkimuksesta on julkaistu alan arvostetussa American Academy of Physical Medicine &amp; Rehabilitation&#8217;in julkaisussa.<\/p>\n<p>Helsingiss\u00e4, Tampereella ja Kuopiossa tehdyn tutkimuksen mukaan kylm\u00e4geelin k\u00e4ytt\u00f6 puolitti jo ensimm\u00e4isen k\u00e4ytt\u00f6viikon aikana potilaiden kivun. Verrokkiryhm\u00e4ss\u00e4 kipu hellitti vastaavana aikana vain runsaat kymmenen prosenttia. My\u00f6s potilaiden toimintakyky koheni geeli\u00e4 k\u00e4ytt\u00e4neess\u00e4 ryhm\u00e4ss\u00e4 merkitt\u00e4v\u00e4sti verrokkeja nopeammin.<\/p>\n<p>Tutkimukseen osallistui 65 potilasta, joilla oli kliinisesti todettu vamma nilkassa, s\u00e4\u00e4ress\u00e4, k\u00e4dess\u00e4 tai polvessa. Tutkimusta johtanut dosentti Olavi Airaksinen Kuopion yliopistollisesta sairaalasta korostaa, ett\u00e4 potilasm\u00e4\u00e4r\u00e4 on riitt\u00e4v\u00e4 tieteellisten voimalaskelmien mukaan.<\/p>\n<p>Potilaat satunnaistettiin kahteen ryhm\u00e4\u00e4n. Toinen ryhm\u00e4 k\u00e4ytti kahden viikon ajan, nelj\u00e4 kertaa p\u00e4iv\u00e4ss\u00e4 suomalaista Ice Power -kylm\u00e4geeli\u00e4 ja verrokkiryhm\u00e4 plasebovoidetta. Erikoisl\u00e4\u00e4k\u00e4ri tutki potilaat viikon, kahden ja nelj\u00e4n viikon kuluttua. Kummassakin ryhm\u00e4ss\u00e4 potilaat saivat k\u00e4ytt\u00e4\u00e4 tulehduskipul\u00e4\u00e4kett\u00e4 sek\u00e4 sidett\u00e4, mutta muut geelihoidot olivat kiellettyj\u00e4.<\/p>\n<p>&#8211; Kivun aste m\u00e4\u00e4riteltiin sek\u00e4 levossa ett\u00e4 liikkeess\u00e4 kipujanan eli niin sanotun VAS-asteikon avulla. Muita hoidon etuja ja potilastyytyv\u00e4isyytt\u00e4 mitattiin my\u00f6s kyselylomakkeella ja l\u00e4\u00e4k\u00e4rin tutkimuksella, Olavi Airaksinen kertoo.<b>\u00a0<\/b><\/p>\n<p><a id=\"eztoc3252_0_0_1\" name=\"eztoc3252_0_0_1\"><\/a><\/p>\n<h3>Ihon verenkierto kolminkertaistuu<\/h3>\n<div class=\"\">\n<div class=\"content-view-embed\">\n<div class=\"class-image\">\n<div class=\"attribute-image highlight\"><a class=\"highslideImage\" href=\"https:\/\/www.icepower.com\/var\/nxc_general\/storage\/images\/media\/icepower\/images\/statistics\/3265-1-fin-FI\/statistics_reference.jpg\" rel=\"gallery\"><img loading=\"lazy\" decoding=\"async\" title=\"Statistics\" src=\"https:\/\/www.icepower.com\/var\/nxc_general\/storage\/images\/media\/icepower\/images\/statistics\/3265-1-fin-FI\/statistics_large.jpg\" alt=\"Statistics\" width=\"488\" height=\"263\" \/><\/a><\/div>\n<\/div>\n<\/div>\n<\/div>\n<p>Kylm\u00e4geelin vaikutus alkaa v\u00e4litt\u00f6m\u00e4sti, kun sit\u00e4 levitet\u00e4\u00e4n iholle. Tutkimuksessa kivun m\u00e4\u00e4r\u00e4\u00e4 mitattiin alkututkimuksen j\u00e4lkeen kipujanalla viikon v\u00e4lein. Ensimm\u00e4isen viikon kuluttua hoidon aloittamisesta kipu oli alentunut IcePower -ryhm\u00e4ss\u00e4 arvosta 59 l\u00e4hes puoleen eli kolmeenkymmeneen. Verrokkiryhm\u00e4ss\u00e4 se laski arvosta 58 vain 45:een. Kahden viikon j\u00e4lkeen vastaavat luvut olivat 14 ja 26 ja nelj\u00e4n viikon kuluttua 7 ja 13.<\/p>\n<p>Potilaille tehdyn kyselyn mukaan 71 prosenttia kylm\u00e4geelin k\u00e4ytt\u00e4jist\u00e4 oli hoitoon tyytyv\u00e4isi\u00e4. Verrokkiryhm\u00e4ss\u00e4 vastaava tyytyv\u00e4isyysluku oli 44. Vastaavasti kylm\u00e4geeli\u00e4 k\u00e4ytt\u00e4neet potilaat olivat muita halukkaampia turvautumaan samaan hoitoon mahdollisen uuden vamman yhteydess\u00e4.<\/p>\n<p>Tutkimuksen yhteydess\u00e4 selvitettiin 20 potilaalla my\u00f6s kylm\u00e4geelin ja muiden markkinoilla olevien hoitovoiteiden fysiologisia vaikutuksia ihon verenkiertoon. Testit tehtiin laboratorio-oloissa. Kylm\u00e4geeli poikkesi t\u00e4ss\u00e4 suhteessa muista tuotteista merkitt\u00e4v\u00e4sti. Kylm\u00e4geeli paransi iho verenkiertoa 300 prosenttia, kun muilla tuotteilla tulos j\u00e4i 20-30 prosenttiin.<b>\u00a0<\/b><\/p>\n<p><a id=\"eztoc3252_0_0_2\" name=\"eztoc3252_0_0_2\"><\/a><\/p>\n<h3>Kylm\u00e4geeli ja kipul\u00e4\u00e4ke erinomainen yhdistelm\u00e4<\/h3>\n<p>&#8211; Kylm\u00e4hoito est\u00e4\u00e4 turvotusta, v\u00e4hent\u00e4\u00e4 mahdollista verenvuotoa ja ehk\u00e4isee tulehduksen synty\u00e4. Salpaamalla kipureseptoreita ja hidastamalla hermon johtumisnopeutta, kylm\u00e4 lievitt\u00e4\u00e4 kipua. Se laukaisee my\u00f6s lihasj\u00e4nnityst\u00e4, Olavi Airaksinen sanoo ja korostaa, ett\u00e4 kipu tulee hallittavaksi, kun kylm\u00e4ll\u00e4 stimuloidaan ihmisen omien, keskushermostoon vaikuttavien opioidien erityst\u00e4 ja toisaalta salvataan kipuimpulssin kulkua hermossa.<\/p>\n<p>Kylmill\u00e4 k\u00e4\u00e4reill\u00e4 ja j\u00e4\u00e4pusseilla on perinteisesti hoidettu jo ammoisista ajoista erilaisia vammoja. Urheilul\u00e4\u00e4ketieteess\u00e4 kylm\u00e4geeli\u00e4 on k\u00e4ytetty tuloksekkaasti jo pitk\u00e4\u00e4n. Olavi Airaksinen korostaa, ett\u00e4 kylm\u00e4geelin teho on kuitenkin t\u00e4h\u00e4n asti ollut l\u00e4hinn\u00e4 olettamukseen perustuvaa mutu-tietoa.<\/p>\n<p>Kylm\u00e4geeli vaikuttaa eri tavalla kuin l\u00e4\u00e4kkeet ja fysioterapia. Olavi Airaksinen n\u00e4keekin kylm\u00e4geelin eritt\u00e4in tuloksekkaaksi my\u00f6s yhdistettyn\u00e4 uusiin kipul\u00e4\u00e4kkeisiin ja fysioterapiaan. Se sopii yht\u00e4 hyvin kuntoutukseen kuin liikuntavammojen hoitoon. Vastoin kuin \u00e4killinen ja &#8221;kova&#8221; kylm\u00e4, kylm\u00e4geeli sopii my\u00f6s jatkuvaan k\u00e4ytt\u00f6\u00f6n ilman sivuvaikutuksia tai paleltumariski\u00e4.<\/p>\n<p><i>Airaksinen et al.: Prospective Randomized Controlled Trial of the Effectiveness of Cold Gel: American Academy of Physical Medicine and Rehabilitation 9\/2001; Archives of Physical Medicine and Rehabilitation 82:1326, 2001. <\/i><\/p>\n<p><i>Airaksinen et al.: Double-blinded Trial of the Efficacy of Cold Gel with soft tissue injuries ISAP, San Diego 8\/2002.<\/i><\/p>\n<\/div>\n","protected":false},"excerpt":{"rendered":"<p>Ice Power kylm\u00e4geeli v\u00e4hent\u00e4\u00e4 kipua ja nopeuttaa toipumista Ice Power kylm\u00e4geelin on\u00a0tieteellisesti todettu merkitt\u00e4v\u00e4sti v\u00e4hent\u00e4v\u00e4n kipua ja nopeuttavan paranemista pehmytkudosvammoissa. Suomessa on valmistunut ensimm\u00e4isen\u00e4 maailmassa tieteellinen tutkimus kylm\u00e4geelin vaikutuksista. Lyhennelm\u00e4 tutkimuksesta on julkaistu alan arvostetussa American Academy of Physical Medicine &amp; Rehabilitation&#8217;in julkaisussa. Helsingiss\u00e4, Tampereella ja Kuopiossa tehdyn tutkimuksen mukaan kylm\u00e4geelin k\u00e4ytt\u00f6 puolitti jo ensimm\u00e4isen [&hellip;]<\/p>\n","protected":false},"author":23,"featured_media":0,"parent":0,"menu_order":0,"comment_status":"closed","ping_status":"open","template":"blocks_tpl.php","meta":{"_acf_changed":false,"_exactmetrics_skip_tracking":false,"_exactmetrics_sitenote_active":false,"_exactmetrics_sitenote_note":"","_exactmetrics_sitenote_category":0,"footnotes":""},"class_list":["post-179","page","type-page","status-publish","hentry"],"acf":[],"_links":{"self":[{"href":"https:\/\/www.icepower.com\/fi\/wp-json\/wp\/v2\/pages\/179","targetHints":{"allow":["GET"]}}],"collection":[{"href":"https:\/\/www.icepower.com\/fi\/wp-json\/wp\/v2\/pages"}],"about":[{"href":"https:\/\/www.icepower.com\/fi\/wp-json\/wp\/v2\/types\/page"}],"author":[{"embeddable":true,"href":"https:\/\/www.icepower.com\/fi\/wp-json\/wp\/v2\/users\/23"}],"replies":[{"embeddable":true,"href":"https:\/\/www.icepower.com\/fi\/wp-json\/wp\/v2\/comments?post=179"}],"version-history":[{"count":10,"href":"https:\/\/www.icepower.com\/fi\/wp-json\/wp\/v2\/pages\/179\/revisions"}],"predecessor-version":[{"id":2918,"href":"https:\/\/www.icepower.com\/fi\/wp-json\/wp\/v2\/pages\/179\/revisions\/2918"}],"wp:attachment":[{"href":"https:\/\/www.icepower.com\/fi\/wp-json\/wp\/v2\/media?parent=179"}],"curies":[{"name":"wp","href":"https:\/\/api.w.org\/{rel}","templated":true}]}}