{"id":1608,"date":"2018-05-25T17:58:40","date_gmt":"2018-05-25T14:58:40","guid":{"rendered":"https:\/\/www.icepower.com\/fi\/?page_id=1608"},"modified":"2018-05-25T18:00:59","modified_gmt":"2018-05-25T15:00:59","slug":"tietosuojalauseke","status":"publish","type":"page","link":"https:\/\/www.icepower.com\/fi\/tietosuojalauseke\/","title":{"rendered":"Tietosuojalauseke"},"content":{"rendered":"<div style=\"max-width:820px;\"><a name=\"YL%C3%96S\"><\/a><\/p>\n<p><h1>Ice Power, Fysioline Oy tietosuojalauseke<br \/><\/h1>\n<\/p>\n<ol>\n<li><strong><a href=\"#Millaisia%20tietoja\" style=\"text-decoration: none;\"> Millaisia tietoja minusta ker\u00e4t\u00e4\u00e4n?<\/a><\/strong><\/li>\n<li><strong> <a href=\"#Mist%C3%A4%20l%C3%A4hteist%C3%A4\" style=\"text-decoration: none;\"> Mist\u00e4 l\u00e4hteist\u00e4 tietoni ker\u00e4t\u00e4\u00e4n?<\/a><\/strong><\/li>\n<li><strong> <a href=\"#Mihin%20tarkoitukseen\" style=\"text-decoration: none;\">Mihin tarkoitukseen henkil\u00f6tietojani ker\u00e4t\u00e4\u00e4n?<\/a><\/strong><\/li>\n<li><strong><a href=\"#Miten%20tietojani\" style=\"text-decoration: none;\">Miten tietojani s\u00e4ilytet\u00e4\u00e4n ja suojataan? <\/a><\/strong><\/li>\n<li><strong><a href=\"#Kuinka%20kauan\" style=\"text-decoration: none;\">Kuinka kauan tietojani s\u00e4ilytet\u00e4\u00e4n?<\/a><\/strong><\/li>\n<li><strong> <a href=\"#Kuka%20k%C3%A4sittelee\" style=\"text-decoration: none;\">Kuka k\u00e4sittelee henkil\u00f6tietojani?<\/a><\/strong><\/li>\n<li><strong> <a href=\"#K%C3%A4ytet%C3%A4%C3%A4nk%C3%B6%20sivustoilla\" style=\"text-decoration: none;\">K\u00e4ytet\u00e4\u00e4nk\u00f6 sivustoilla ev\u00e4steit\u00e4 ja mit\u00e4 ne ovat?<\/a><\/strong><\/li>\n<li><strong> <a href=\"#Millaisia%20vaikutusmahdollisuuksia\" style=\"text-decoration: none;\">Millaisia vaikutusmahdollisuuksia minulla on?<\/a><\/strong><\/li>\n<li><strong> <a href=\"#Voidaanko%20t%C3%A4t%C3%A4\" style=\"text-decoration: none;\">Voidaanko t\u00e4t\u00e4 tietosuojalauseketta muuttaa?<\/a><\/strong><\/li>\n<li><strong> <a href=\"#Mihin%20voin\" style=\"text-decoration: none;\">Mihin voin ottaa yhteytt\u00e4 tietosuoja-asioissa?<\/a><\/strong><\/li>\n<\/ol>\n<p>\u00a0<a name=\"Millaisia%20tietoja\"><\/a><\/p>\n<p><strong>\u00a0<\/strong><\/p>\n<ol>\n<li><strong> Millaisia tietoja minusta ker\u00e4t\u00e4\u00e4n?<\/strong><\/li>\n<\/ol>\n<p>Ker\u00e4\u00e4mme k\u00e4ytt\u00e4j\u00e4st\u00e4 tietoja parantaaksemme palvelua ja asiakaskokemusta kohdentamalla k\u00e4ytt\u00e4j\u00e4lle oikeellista tietoa sek\u00e4 palvelun tarjoamiseksi.<\/p>\n<p>K\u00e4yt\u00e4mme seuraavia henkil\u00f6kohtaisesti tunnistavia tietoja:<\/p>\n<ul>\n<li><strong>Asiakassuhdetta koskevat tiedot<\/strong>: esimerkiksi laskutus- ja maksutiedot, tuote- ja tilaustiedot, asiakaspalautteet ja yhteydenotot, k\u00e4yntitiedot, luottop\u00e4\u00e4t\u00f6s, kiinnostustiedot, arvonta- ja kilpailuvastaustiedot, asiakaspalautteet sek\u00e4 peruutustiedot, ajanvaraustieto (tapahtuma\/tapaaminen)<\/li>\n<li><strong>Digitaalisen tilin tiedot<\/strong>: esimerkiksi k\u00e4ytt\u00e4j\u00e4tunnus, nimimerkki, salasana ja muu mahdollinen yksil\u00f6iv\u00e4 tunnus<\/li>\n<li><strong>Yhteystiedot<\/strong>: esimerkiksi nimi, osoite, puhelinnumero, s\u00e4hk\u00f6postiosoite<\/li>\n<li><strong>Demografiatiedot:<\/strong> esimerkiksi ik\u00e4, sukupuoli, arvo tai ammatti ja \u00e4idinkieli<\/li>\n<li><strong>Ev\u00e4steiden tiedot<\/strong>:<\/li>\n<ul>\n<li>Verkkopalvelun k\u00e4ytt\u00f6- ja selaustiedot, esimerkiksi sivu, jolta k\u00e4ytt\u00e4j\u00e4 on siirtynyt sivuillemme, laitteen malli, yksil\u00f6llinen laite- ja\/tai ev\u00e4stetunniste, tiedonkeruun kanava (internetselain, mobiiliselain, sovellus), selaimen versio, IP-osoite, istuntotunniste, istunnon aika ja kesto sek\u00e4 n\u00e4yt\u00f6n tarkkuus ja k\u00e4ytt\u00f6j\u00e4rjestelm\u00e4. Tallennetut chat-keskustelut.<\/li>\n<li>Digitaalisen tilin kautta tunnistetun k\u00e4ytt\u00e4j\u00e4n tunnisteena on tyypillisesti sattumanvaraisesti luotu numerosarja.<\/li>\n<li>Havainnoidun, ei kirjautuneen, k\u00e4ytt\u00e4j\u00e4n tunnisteena on tyypillisesti ev\u00e4ste tai muu vastaava tunniste.<\/li>\n<\/ul>\n<li>Luvat ja suostumukset<\/li>\n<li>Tarjonnanestotiedot<\/li>\n<li>Kyselyihin ja tutkimuksiin annetut tiedot<\/li>\n<li>Muut k\u00e4ytt\u00e4j\u00e4n suostumuksella ker\u00e4tyt tiedot<\/li>\n<\/ul>\n<p><a name=\"Mist%C3%A4%20l%C3%A4hteist%C3%A4\"><\/a><\/p>\n<p><a href=\"#YL%C3%96S\" style=\"text-decoration: none;\"> Sivun alkuun&#8230;<\/a>\u00a0<\/p>\n<ol start=\"2\">\n<li><strong> Mist\u00e4 l\u00e4hteist\u00e4 tietoni ker\u00e4t\u00e4\u00e4n?<\/strong><\/li>\n<\/ol>\n<p>P\u00e4\u00e4asiallisesti henkil\u00f6tiedot ker\u00e4t\u00e4\u00e4n k\u00e4ytt\u00e4j\u00e4lt\u00e4 itselt\u00e4\u00e4n sopimuksen teon, tilauksen tai rekister\u00f6itymisen yhteydess\u00e4 taikka my\u00f6hemmin asiakkuuden aikana. J\u00e4ljemp\u00e4n\u00e4 kuvattujen tekniikoiden avulla voimme my\u00f6s ker\u00e4t\u00e4 havainnoitua tietoa siit\u00e4, miten k\u00e4ytt\u00e4j\u00e4 k\u00e4ytt\u00e4\u00e4 palveluitamme.<\/p>\n<p>Lis\u00e4ksi ker\u00e4\u00e4mme tietoja v\u00e4est\u00f6tietoj\u00e4rjestelm\u00e4st\u00e4 sek\u00e4 muista vastaavista julkisista tai yksityisist\u00e4 rekistereist\u00e4 (esim. Suomen Asiakastieto Oy luottorekisteri).<\/p>\n<p><a name=\"Mihin%20tarkoitukseen\"><\/a><\/p>\n<p><strong>\u00a0 <\/strong> <a href=\"#YL%C3%96S\" style=\"text-decoration: none;\"> Sivun alkuun&#8230;<\/a><\/p>\n<ol start=\"3\">\n<li><strong> Mihin tarkoitukseen henkil\u00f6tietojani ker\u00e4t\u00e4\u00e4n?<\/strong><\/li>\n<\/ol>\n<p>K\u00e4sittelemme henkil\u00f6tietoja vain ennalta m\u00e4\u00e4riteltyihin k\u00e4ytt\u00f6tarkoituksiin, p\u00e4\u00e4s\u00e4\u00e4nt\u00f6isesti seuraaviin:<\/p>\n<ul>\n<li><strong>Asiakassuhteen hoitaminen ja kehitt\u00e4minen<\/strong>: K\u00e4sittelemme henkil\u00f6tietoja palvelun k\u00e4ytt\u00e4misen, tilausten, ostosten, varauksien hallinnan, laskutuksen, peruutusten, palautusten, maksujen valvonnan, maksuajan my\u00f6nt\u00e4misen, perinn\u00e4n sek\u00e4 reklamaatioiden hoitamisen ja rekister\u00f6innin yhteydess\u00e4.<\/li>\n<li><strong>Palvelun kehitt\u00e4minen<\/strong>: Kehit\u00e4mme jatkuvasti palveluitamme, jotta voimme tarjota asiakkaillemme parasta mahdollista palvelua. Palvelun kehitt\u00e4misen edist\u00e4miseksi teet\u00e4mme ajoittain kyselytutkimuksia, ker\u00e4\u00e4mme k\u00e4yntitietoja sek\u00e4 teemme tilastollista analyysia.<\/li>\n<li><strong>Tarjoukset, ostaminen ja asiakaspalvelu<\/strong>: Toimitamme k\u00e4ytt\u00e4j\u00e4lle h\u00e4nen ostamat tuotteet ja\/tai palvelut sek\u00e4 pyrimme tarjoamaan k\u00e4ytt\u00e4j\u00e4lle mahdollisimman henkil\u00f6kohtaista asiakaspalvelua. Lis\u00e4ksi haluamme auttaa k\u00e4ytt\u00e4j\u00e4\u00e4 l\u00f6yt\u00e4m\u00e4\u00e4n kiinnostavia tuotteita ja tarjouksia.<\/li>\n<li><strong>Kohdennettu digitaalinen mainonta<\/strong>: Kohdennamme k\u00e4ytt\u00e4j\u00e4lle mainontaa, jonka koemme olevan k\u00e4ytt\u00e4j\u00e4\u00e4 kiinnostavaa. Teemme automaattista profilointia ostos- sek\u00e4 sivustok\u00e4ytt\u00e4ytymiseen perustuen.<\/li>\n<li><strong>Automaattinen profilointi<\/strong>: Teemme automaattisen luottotietojen tarkastuksen suurien kertaostosten ja osamaksusopimusten yhteydess\u00e4. Heikentynyt maksukyky voi est\u00e4\u00e4 kaupanteon joillain maksutavoilla. Asiakkaalla on oikeus pyyt\u00e4\u00e4 luottotietojen manuaalista tarkistusta.<\/li>\n<\/ul>\n<p><a name=\"Miten%20tietojani\"><\/a><\/p>\n<p><strong>\u00a0<\/strong> <a href=\"#YL%C3%96S\" style=\"text-decoration: none;\"> Sivun alkuun&#8230;<\/a><\/p>\n<ol start=\"4\">\n<li><strong> Miten tietojani s\u00e4ilytet\u00e4\u00e4n ja suojataan? <\/strong><\/li>\n<\/ol>\n<p>K\u00e4sittelemme ja s\u00e4ilyt\u00e4mme k\u00e4ytt\u00e4j\u00e4n antamia tietoja, joiden perusteella asiakas voidaan tunnistaa (kuten profiili- ja yhteystietoja) sek\u00e4 palvelun k\u00e4yt\u00f6st\u00e4 havainnoituja ja johdettuja tietoja turvallisesti.<\/p>\n<p>K\u00e4yt\u00e4mme tarpeellisia teknisi\u00e4 ja organisatorisia tietoturvakeinoja henkil\u00f6tietojen suojaamiseksi oikeudetonta p\u00e4\u00e4sy\u00e4, luovuttamista, h\u00e4vitt\u00e4mist\u00e4 tai muuta oikeudetonta k\u00e4sittely\u00e4 vastaan. T\u00e4llaisia keinoja ovat muun muassa palomuurien, salaustekniikoiden, turvallisten laitetilojen k\u00e4ytt\u00f6, asianmukainen kulunvalvonta, hallittu k\u00e4ytt\u00f6oikeuksien my\u00f6nt\u00e4minen ja niiden k\u00e4yt\u00f6n valvonta, salaustekniikoiden k\u00e4ytt\u00f6, henkil\u00f6tietojen k\u00e4sittelyyn osallistuvan henkil\u00f6st\u00f6n ohjeistaminen sek\u00e4 alihankkijoiden huolellinen valinta.<\/p>\n<p><a name=\"Kuinka%20kauan\"><\/a><\/p>\n<p><a href=\"#YL%C3%96S\" style=\"text-decoration: none;\"> Sivun alkuun&#8230;<\/a><\/p>\n<ol start=\"5\">\n<li><strong> Kuinka kauan tietojani s\u00e4ilytet\u00e4\u00e4n?<\/strong><\/li>\n<\/ol>\n<p>S\u00e4ilyt\u00e4mme k\u00e4ytt\u00e4j\u00e4n tietoja vain niin kauan kuin on tarpeen kohdassa 3 m\u00e4\u00e4riteltyjen tarkoitusten toteuttamiseksi kulloinkin voimassaolevan lains\u00e4\u00e4d\u00e4nn\u00f6n mukaisesti. S\u00e4ilyt\u00e4mme tietoja asiakkuuden p\u00e4\u00e4tt\u00e4miseen asti ja vain niin kauan kuin se on v\u00e4ltt\u00e4m\u00e4t\u00f6nt\u00e4 lain mukaisten velvollisuuksiemme t\u00e4ytt\u00e4miseksi. Markkinointirekisteri on voimassa vuoden edellisest\u00e4 toimenpiteest\u00e4.<\/p>\n<p>Joidenkin palveluiden viestinn\u00e4llisiin osioihin, kuten keskustelupalstoille ja julkisiin palautteisiin, j\u00e4\u00e4 n\u00e4kyviin k\u00e4ytt\u00e4j\u00e4n nimimerkki ja siihen liittyv\u00e4 k\u00e4ytt\u00e4j\u00e4n tuottama sis\u00e4lt\u00f6 my\u00f6s asiakassuhteen p\u00e4\u00e4ttymisen j\u00e4lkeen. Lis\u00e4ksi voimme olla velvoitettuja s\u00e4ilytt\u00e4m\u00e4\u00e4n joitakin k\u00e4ytt\u00e4j\u00e4n henkil\u00f6tietoja noudattaaksemme kirjanpito- tai muuta pakottavaa lains\u00e4\u00e4d\u00e4nt\u00f6\u00e4 my\u00f6s asiakassuhteen tai muun henkil\u00f6tietojen k\u00e4sittelyperusteen p\u00e4\u00e4ttymisen j\u00e4lkeen.<\/p>\n<p>Useat ev\u00e4steet s\u00e4ilyv\u00e4t k\u00e4ytt\u00e4j\u00e4n koneella sivustolta poistumisen j\u00e4lkeen. Ev\u00e4steet voivat s\u00e4ily\u00e4 kuukausia viimeisen sivustolla k\u00e4ynnin j\u00e4lkeen, ellei niit\u00e4 poisteta.<\/p>\n<p><a name=\"Kuka%20k%C3%A4sittelee\"><\/a><\/p>\n<p>\u00a0 <br \/><a href=\"#YL%C3%96S\" style=\"text-decoration: none;\"> Sivun alkuun&#8230;<\/a><\/p>\n<ol start=\"6\">\n<li><strong> Kuka k\u00e4sittelee henkil\u00f6tietojani?<\/strong><\/li>\n<\/ol>\n<p>Fysioline Oy ja sen tyt\u00e4ryhti\u00f6t voivat k\u00e4sitell\u00e4 henkil\u00f6tietoja kulloinkin voimassaolevan henkil\u00f6tietolain mukaisesti. Voimme my\u00f6s ulkoistaa henkil\u00f6tietojen k\u00e4sittelyn osittain kolmannelle osapuolelle (esimerkiksi postitusta varten), jolloin takaamme sopimusj\u00e4rjestelyin, ett\u00e4 henkil\u00f6tietoja k\u00e4sitell\u00e4\u00e4n henkil\u00f6tietolain mukaisesti ja muutoin asianmukaisesti.<\/p>\n<p>Tuotteitamme ja palvelujamme voidaan tarjota k\u00e4ytt\u00e4m\u00e4ll\u00e4 eri maissa sijaitsevia resursseja ja palvelimia. Henkil\u00f6tietojasi voidaan n\u00e4in ollen luovuttaa my\u00f6s k\u00e4ytt\u00e4miesi palveluiden sijaintimaan ulkopuolelle, mukaan lukien Euroopan talousalueen (ETA) ulkopuoliset maat. T\u00e4ll\u00f6in ryhdymme toimenpiteisiin varmistaaksemme henkil\u00f6tietojesi riitt\u00e4v\u00e4n suojaamisen soveltuvan lains\u00e4\u00e4d\u00e4nn\u00f6n mukaisesti.<\/p>\n<p>Voimme luovuttaa ja k\u00e4sitell\u00e4 henkil\u00f6tietojasi soveltuvan lains\u00e4\u00e4d\u00e4nn\u00f6n asettamissa rajoissa suojataksemme Fysioline Oy :n oikeutettuja intressej\u00e4, esimerkiksi siviili- tai rikosoikeudellisissa oikeusprosesseissa.<\/p>\n<p>Voimme luovuttaa henkil\u00f6tietojasi sellaisille valtuutetuille kolmansille osapuolille, jotka k\u00e4sittelev\u00e4t henkil\u00f6tietoja Fysioline Oy :n puolesta kohdassa kolme kuvatuissa tarkoituksissa (esimerkiksi teknisten, logististen ja muiden palvelujen tarjoajat). N\u00e4m\u00e4 osapuolet saavat kuitenkin k\u00e4ytt\u00e4\u00e4 henkil\u00f6tietojasi vain alkuper\u00e4iseen k\u00e4ytt\u00f6tarkoitukseensa.<\/p>\n<p>Liiketoimintojemme myyminen, ostaminen, sulauttaminen tai muu uudelleenj\u00e4rjestely saattaa edellytt\u00e4\u00e4, ett\u00e4 luovutamme henkil\u00f6tietoja mahdollisille tai tosiasiallisille ostajille sek\u00e4 heid\u00e4n neuvonantajilleen tai ett\u00e4 vastaanotamme henkil\u00f6tietoja myyjilt\u00e4 sek\u00e4 heid\u00e4n neuvonantajiltaan.<\/p>\n<p><a name=\"K%C3%A4ytet%C3%A4%C3%A4nk%C3%B6%20sivustoilla\"><\/a><\/p>\n<p><a href=\"#YL%C3%96S\" style=\"text-decoration: none;\"> Sivun alkuun&#8230;<\/a><\/p>\n<ol start=\"7\">\n<li><strong> K\u00e4ytet\u00e4\u00e4nk\u00f6 sivustoilla ev\u00e4steit\u00e4 ja mit\u00e4 ne ovat?<\/strong><\/li>\n<\/ol>\n<p>Voimme ker\u00e4t\u00e4 k\u00e4ytt\u00e4j\u00e4n p\u00e4\u00e4telaitetta koskevia tietoja ev\u00e4steiden (\u201dcookies\u201d) ja muiden vastaavien tekniikoiden, kuten selaimen paikallisen tietovaraston avulla. Ev\u00e4ste on pieni tekstitiedosto, jonka selain tallentaa k\u00e4ytt\u00e4j\u00e4n p\u00e4\u00e4telaitteelle. Ev\u00e4steet sis\u00e4lt\u00e4v\u00e4t usein nimett\u00f6m\u00e4n, yksil\u00f6llisen tunnisteen, jonka avulla voimme tunnistaa ja laskea sivustollamme vierailevat selaimet.<\/p>\n<p>K\u00e4yt\u00e4mme sivustoillamme seuraavanlaisia ev\u00e4steit\u00e4<\/p>\n<ul>\n<li><strong>Toiminnalliset ev\u00e4steet<\/strong>: Mahdollistavat sivustojen toiminnallisuudet, kuten kirjautumisen, ostoskoriominaisuudet, chat-asiakaspalvelun, ja kieliasetukset.<\/li>\n<li><strong>Analytiikka<\/strong><strong> ja liiketoiminnan raportointi<\/strong>: Mahdollistavat sivustojen k\u00e4ytt\u00f6kokemuksen parantamisen, sek\u00e4 raportoinnin liiketoiminnan p\u00e4\u00e4t\u00f6ksenteon tueksi.<\/li>\n<li><strong>Mainonnan kohdentaminen ja markkinointi<\/strong>: Mahdollistavat k\u00e4ytt\u00e4j\u00e4lle sivustojen k\u00e4ytt\u00f6\u00f6n perustuvan kiinnostavan sis\u00e4ll\u00f6n kohdennetun tarjoamisen.<\/li>\n<\/ul>\n<p><a name=\"Millaisia%20vaikutusmahdollisuuksia\"><\/a><\/p>\n<p><a href=\"#YL%C3%96S\" style=\"text-decoration: none;\"> Sivun alkuun&#8230;<\/a><\/p>\n<ol start=\"8\">\n<li><strong> Millaisia vaikutusmahdollisuuksia minulla on?<\/strong><\/li>\n<\/ol>\n<p>Olemme sitoutuneita tarjoamaan k\u00e4ytt\u00e4jillemme valintoja ja hallintamahdollisuuksia tietosuojaan liittyen. Alla listaamme erilaisia tapoja, joilla k\u00e4ytt\u00e4j\u00e4mme voivat vaikuttaa tietojen ker\u00e4\u00e4miseen ja k\u00e4sittelyyn.<\/p>\n<ul>\n<li><strong>Tietojen tarkastaminen<\/strong>: K\u00e4ytt\u00e4j\u00e4ll\u00e4 on oikeus tarkastaa h\u00e4nest\u00e4 tallennetut henkil\u00f6tiedot. K\u00e4ytt\u00e4j\u00e4n pyynn\u00f6st\u00e4 oikaisemme, siirr\u00e4mme, poistamme tai t\u00e4ydenn\u00e4mme k\u00e4sittelyn tarkoituksen kannalta virheelliset, tarpeettomat, puutteelliset tai vanhentuneet henkil\u00f6tiedot. Poistot toteutetaan voimassa olevan lains\u00e4\u00e4d\u00e4nn\u00f6n ja palvelun k\u00e4yt\u00f6n ehdoilla.<\/li>\n<li><strong>Tietojen k\u00e4sittelyn kielt\u00e4minen<\/strong>: K\u00e4ytt\u00e4j\u00e4 voi vastustaa tietojenk\u00e4sittely\u00e4. Kiellolla voi olla vaikutuksia palveluiden tarjoamiseen ja k\u00e4ytt\u00f6\u00f6n. K\u00e4ytt\u00e4j\u00e4 voi my\u00f6s peruuttaa antamansa suostumuksen milloin tahansa.<\/li>\n<li><strong>Suoramarkkinointikielto: <\/strong>K\u00e4ytt\u00e4j\u00e4ll\u00e4 on oikeus kielt\u00e4\u00e4 tietojensa k\u00e4yt\u00f6n suoramainontaa, et\u00e4myynti\u00e4 ja muuta suoramarkkinointia varten ottamalla yhteytt\u00e4 asiakaspalveluumme.<\/li>\n<li><strong>Ev\u00e4steiden est\u00e4minen<\/strong>: K\u00e4ytt\u00e4j\u00e4ll\u00e4 on mahdollisuus est\u00e4\u00e4 ev\u00e4steiden k\u00e4ytt\u00f6 muuttamalla selaimensa asetuksia.\u00a0Ev\u00e4steiden k\u00e4yt\u00f6n est\u00e4minen saattaa vaikuttaa palveluidemme toiminnallisuuteen.<\/li>\n<\/ul>\n<ul>\n<li><strong>Uuden ev\u00e4steprofiilin luominen<\/strong>: Tyhjent\u00e4m\u00e4ll\u00e4 ev\u00e4steet selaimelta s\u00e4\u00e4nn\u00f6llisin v\u00e4liajoin k\u00e4ytt\u00e4j\u00e4 vaihtaa tunnistetta, jonka pohjalta k\u00e4ytt\u00e4j\u00e4st\u00e4 muodostuu tunnistettuun k\u00e4ytt\u00e4ytymiseen perustuva profiili. T\u00e4m\u00e4 ei kuitenkaan lopeta kokonaan tiedon keruuta eik\u00e4 digitaalisen mainonnan kohdentamista, vaan pikemminkin nollaa aikaisempiin k\u00e4ytt\u00e4ytymistietoihin pohjautuvan kohdennukseen.<\/li>\n<\/ul>\n<ul>\n<li><strong>Mainonnan kohdentamisen est\u00e4minen<\/strong>: K\u00e4ytt\u00e4j\u00e4 voi est\u00e4\u00e4 mainonnan kohdentamisen k\u00e4ytt\u00e4j\u00e4n verkkok\u00e4ytt\u00e4ytymisen perusteella alla kuvattujen valintojen kautta. Est\u00e4misen j\u00e4lkeen k\u00e4ytt\u00e4j\u00e4lle n\u00e4ytet\u00e4\u00e4n yht\u00e4 paljon mainoksia kuin aikaisemmin, mutta mainonta ei ole k\u00e4ytt\u00e4j\u00e4n kiinnostusalueiden mukaan valittua. K\u00e4ytt\u00e4j\u00e4 voi est\u00e4\u00e4 mainonnan kohdentamisen kokonaisuudessaan tai yrityskohtaisesti European Interactive Digital Advertising Alliancen (EDAA) yll\u00e4pit\u00e4m\u00e4n Your Online Choices \u2013sivuston kautta. Lis\u00e4tietoja selaink\u00e4ytt\u00f6\u00f6n perustuvasta mainonnan kohdentamisesta k\u00e4ytt\u00e4j\u00e4 saa\u00a0<a href=\"http:\/\/www.youronlinechoices.eu\/fi\/\">Your Online Choices-sivustolta<\/a>. K\u00e4ytt\u00e4j\u00e4n tulee huomioida, ett\u00e4 edell\u00e4 mainittujen keinojen kautta tehdyt estot perustuvat ev\u00e4steisiin ja p\u00e4\u00e4ttyv\u00e4t, mik\u00e4li k\u00e4ytt\u00e4j\u00e4 poistaa kaikki selaimensa ev\u00e4steet.<\/li>\n<\/ul>\n<p><a name=\"Voidaanko%20t%C3%A4t%C3%A4\"><\/a><\/p>\n<p><a href=\"#YL%C3%96S\" style=\"text-decoration: none;\"> Sivun alkuun&#8230;<\/a><\/p>\n<ol start=\"9\">\n<li><strong> Voidaanko t\u00e4t\u00e4 tietosuojalauseketta muuttaa?<\/strong><\/li>\n<\/ol>\n<p>Kehit\u00e4mme palvelujamme jatkuvasti ja pid\u00e4t\u00e4mme itsell\u00e4mme oikeuden muuttaa t\u00e4t\u00e4 tietosuojalauseketta ilmoittamalla siit\u00e4 palveluissamme. Muutokset voivat perustua my\u00f6s lains\u00e4\u00e4d\u00e4nn\u00f6n muuttumiseen. Suosittelemme tutustumaan tietosuojalausekkeen sis\u00e4lt\u00f6\u00f6n s\u00e4\u00e4nn\u00f6llisesti.<\/p>\n<p><a name=\"Mihin%20voin\"><\/a><\/p>\n<p><a href=\"#YL%C3%96S\" style=\"text-decoration: none;\"> Sivun alkuun&#8230;<\/a><\/p>\n<ol start=\"10\">\n<li><strong> Mihin voin ottaa yhteytt\u00e4 tietosuoja-asioissa?<\/strong><\/li>\n<\/ol>\n<p>K\u00e4ytt\u00e4j\u00e4 voi l\u00e4hett\u00e4\u00e4 t\u00e4h\u00e4n tietosuojalausekkeeseen liittyv\u00e4t tiedustelut sek\u00e4 mahdolliset mainonnan kohdentamiseen liittyv\u00e4t reklamaatiot osoitteeseen:<\/p>\n<p>\u00a0<\/p>\n<p>Fysioline Oy, Ice Power <br \/> Tietosuojavaltuutettu<br \/> Arvionkatu 2<br \/> 33840 Tampere<\/p>\n<p>tietosuoja(at)fysioline.fi<br \/> puh. (03) 2350 700<\/p>\n<\/div>\n","protected":false},"excerpt":{"rendered":"<p>Ice Power, Fysioline Oy tietosuojalauseke Millaisia tietoja minusta ker\u00e4t\u00e4\u00e4n? Mist\u00e4 l\u00e4hteist\u00e4 tietoni ker\u00e4t\u00e4\u00e4n? Mihin tarkoitukseen henkil\u00f6tietojani ker\u00e4t\u00e4\u00e4n? Miten tietojani s\u00e4ilytet\u00e4\u00e4n ja suojataan? Kuinka kauan tietojani s\u00e4ilytet\u00e4\u00e4n? Kuka k\u00e4sittelee henkil\u00f6tietojani? K\u00e4ytet\u00e4\u00e4nk\u00f6 sivustoilla ev\u00e4steit\u00e4 ja mit\u00e4 ne ovat? Millaisia vaikutusmahdollisuuksia minulla on? Voidaanko t\u00e4t\u00e4 tietosuojalauseketta muuttaa? Mihin voin ottaa yhteytt\u00e4 tietosuoja-asioissa? \u00a0 \u00a0 Millaisia tietoja minusta ker\u00e4t\u00e4\u00e4n? [&hellip;]<\/p>\n","protected":false},"author":248,"featured_media":0,"parent":0,"menu_order":0,"comment_status":"closed","ping_status":"closed","template":"page-fullwidth_tpl.php","meta":{"_acf_changed":false,"_exactmetrics_skip_tracking":false,"_exactmetrics_sitenote_active":false,"_exactmetrics_sitenote_note":"","_exactmetrics_sitenote_category":0,"footnotes":""},"class_list":["post-1608","page","type-page","status-publish","hentry"],"acf":[],"_links":{"self":[{"href":"https:\/\/www.icepower.com\/fi\/wp-json\/wp\/v2\/pages\/1608","targetHints":{"allow":["GET"]}}],"collection":[{"href":"https:\/\/www.icepower.com\/fi\/wp-json\/wp\/v2\/pages"}],"about":[{"href":"https:\/\/www.icepower.com\/fi\/wp-json\/wp\/v2\/types\/page"}],"author":[{"embeddable":true,"href":"https:\/\/www.icepower.com\/fi\/wp-json\/wp\/v2\/users\/248"}],"replies":[{"embeddable":true,"href":"https:\/\/www.icepower.com\/fi\/wp-json\/wp\/v2\/comments?post=1608"}],"version-history":[{"count":2,"href":"https:\/\/www.icepower.com\/fi\/wp-json\/wp\/v2\/pages\/1608\/revisions"}],"predecessor-version":[{"id":1611,"href":"https:\/\/www.icepower.com\/fi\/wp-json\/wp\/v2\/pages\/1608\/revisions\/1611"}],"wp:attachment":[{"href":"https:\/\/www.icepower.com\/fi\/wp-json\/wp\/v2\/media?parent=1608"}],"curies":[{"name":"wp","href":"https:\/\/api.w.org\/{rel}","templated":true}]}}