{"id":53,"date":"2015-10-15T16:13:39","date_gmt":"2015-10-15T14:13:39","guid":{"rendered":"https:\/\/www.icepower.com\/es\/?page_id=53"},"modified":"2019-02-21T13:58:00","modified_gmt":"2019-02-21T12:58:00","slug":"ice-power-en-el-deporte","status":"publish","type":"page","link":"https:\/\/www.icepower.com\/es\/modo-de-uso\/ice-power-en-el-deporte\/","title":{"rendered":"Ice Power en el deporte"},"content":{"rendered":"<h1>Ice Power &#8211; Alivio r\u00e1pido del dolor<\/h1>\n<p>La terapia de Fr\u00edo de los productos Ice Power est\u00e1 especialmente indicada para el tratamiento de Primer Auxilio de lesiones musculo-esquel\u00e9ticas agudas (reduciendo la inflamaci\u00f3n y aliviando el dolor) as\u00ed como para acortar el periodo de curaci\u00f3n de una lesi\u00f3n acelerando la recuperaci\u00f3n de los tejidos lesionados.<\/p>\n<p>En lo referente al deporte, los productos Ice Power son tambi\u00e9n una magn\u00edfica preparaci\u00f3n muscular antes de un esfuerzo (Ice Power Hot-Caliente) as\u00ed como un acelerador efectivo de la recuperaci\u00f3n muscular tras un entrenamiento o competici\u00f3n (Ice Power fr\u00edo).<\/p>\n<p>El efecto del fr\u00edo rebaja el proceso inflamatorio, previene la hinchaz\u00f3n de los tejidos y alivia el dolor de manera r\u00e1pida y eficaz. En deportistas y utilizado tras un esfuerzo, el gel fr\u00edo Ice Power acelera la recuperaci\u00f3n muscular, favorece el desalojo de lactato y reduce la fatiga muscular<\/p>\n<p>&nbsp;<\/p>\n","protected":false},"excerpt":{"rendered":"<p>Los productos Ice Power son ampliamente utilizados en el mundo del deporte y ofrecen una excelente ayuda antes y despu\u00e9s de realizar un ejercicio<\/p>\n","protected":false},"author":1,"featured_media":0,"parent":44,"menu_order":0,"comment_status":"closed","ping_status":"closed","template":"landingpage_tpl.php","meta":{"_acf_changed":false,"_exactmetrics_skip_tracking":false,"_exactmetrics_sitenote_active":false,"_exactmetrics_sitenote_note":"","_exactmetrics_sitenote_category":0,"footnotes":""},"class_list":["post-53","page","type-page","status-publish","hentry"],"acf":[],"_links":{"self":[{"href":"https:\/\/www.icepower.com\/es\/wp-json\/wp\/v2\/pages\/53","targetHints":{"allow":["GET"]}}],"collection":[{"href":"https:\/\/www.icepower.com\/es\/wp-json\/wp\/v2\/pages"}],"about":[{"href":"https:\/\/www.icepower.com\/es\/wp-json\/wp\/v2\/types\/page"}],"author":[{"embeddable":true,"href":"https:\/\/www.icepower.com\/es\/wp-json\/wp\/v2\/users\/1"}],"replies":[{"embeddable":true,"href":"https:\/\/www.icepower.com\/es\/wp-json\/wp\/v2\/comments?post=53"}],"version-history":[{"count":10,"href":"https:\/\/www.icepower.com\/es\/wp-json\/wp\/v2\/pages\/53\/revisions"}],"predecessor-version":[{"id":679,"href":"https:\/\/www.icepower.com\/es\/wp-json\/wp\/v2\/pages\/53\/revisions\/679"}],"up":[{"embeddable":true,"href":"https:\/\/www.icepower.com\/es\/wp-json\/wp\/v2\/pages\/44"}],"wp:attachment":[{"href":"https:\/\/www.icepower.com\/es\/wp-json\/wp\/v2\/media?parent=53"}],"curies":[{"name":"wp","href":"https:\/\/api.w.org\/{rel}","templated":true}]}}