{"id":50,"date":"2015-10-15T16:13:29","date_gmt":"2015-10-15T14:13:29","guid":{"rendered":"https:\/\/www.icepower.com\/es\/?page_id=50"},"modified":"2019-02-21T13:58:38","modified_gmt":"2019-02-21T12:58:38","slug":"ice-power-para-los-musculos","status":"publish","type":"page","link":"https:\/\/www.icepower.com\/es\/modo-de-uso\/ice-power-para-los-musculos\/","title":{"rendered":"Ice Power para los m\u00fasculos"},"content":{"rendered":"<h1>Ice Power &#8211; Alivio r\u00e1pido del dolor muscular<\/h1>\n<p>La terapia con Fr\u00edo de los productos Ice Power reduce la inflamaci\u00f3n y alivia el dolor muscular de un modo r\u00e1pido y efectivo. El Gel Fr\u00edo de Ice Power est\u00e1 cl\u00ednicamente testado y evita o reduce la toma de analg\u00e9sicos. Ice Power es un producto natural, seguro y sin contra indicaciones.<\/p>\n<p>&nbsp;<\/p>\n<p>&nbsp;<\/p>\n<p>&nbsp;<\/p>\n","protected":false},"excerpt":{"rendered":"<p>Alivio r\u00e1pido y efectivo del dolor muscular y la inflamaci\u00f3n<\/p>\n","protected":false},"author":1,"featured_media":0,"parent":44,"menu_order":0,"comment_status":"closed","ping_status":"closed","template":"landingpage_tpl.php","meta":{"_acf_changed":false,"_exactmetrics_skip_tracking":false,"_exactmetrics_sitenote_active":false,"_exactmetrics_sitenote_note":"","_exactmetrics_sitenote_category":0,"footnotes":""},"class_list":["post-50","page","type-page","status-publish","hentry"],"acf":[],"_links":{"self":[{"href":"https:\/\/www.icepower.com\/es\/wp-json\/wp\/v2\/pages\/50","targetHints":{"allow":["GET"]}}],"collection":[{"href":"https:\/\/www.icepower.com\/es\/wp-json\/wp\/v2\/pages"}],"about":[{"href":"https:\/\/www.icepower.com\/es\/wp-json\/wp\/v2\/types\/page"}],"author":[{"embeddable":true,"href":"https:\/\/www.icepower.com\/es\/wp-json\/wp\/v2\/users\/1"}],"replies":[{"embeddable":true,"href":"https:\/\/www.icepower.com\/es\/wp-json\/wp\/v2\/comments?post=50"}],"version-history":[{"count":6,"href":"https:\/\/www.icepower.com\/es\/wp-json\/wp\/v2\/pages\/50\/revisions"}],"predecessor-version":[{"id":670,"href":"https:\/\/www.icepower.com\/es\/wp-json\/wp\/v2\/pages\/50\/revisions\/670"}],"up":[{"embeddable":true,"href":"https:\/\/www.icepower.com\/es\/wp-json\/wp\/v2\/pages\/44"}],"wp:attachment":[{"href":"https:\/\/www.icepower.com\/es\/wp-json\/wp\/v2\/media?parent=50"}],"curies":[{"name":"wp","href":"https:\/\/api.w.org\/{rel}","templated":true}]}}