{"id":6637,"date":"2015-08-05T11:59:25","date_gmt":"2015-08-05T11:59:25","guid":{"rendered":"https:\/\/www.icepower.com\/?page_id=6637"},"modified":"2017-01-27T00:39:36","modified_gmt":"2017-01-26T22:39:36","slug":"anwendungsmoeglichkeiten-von-ice-power","status":"publish","type":"page","link":"https:\/\/www.icepower.com\/de\/anwendungsmoeglichkeiten-von-ice-power\/","title":{"rendered":"Anwendungsm\u00f6glichkeiten von Ice Power"},"content":{"rendered":"<p>Ice Power Produkte bieten eine schnelle und einfache\u00a0Minderung bei Muskel- und Gelenkschmerzen und k\u00f6nnen mehrmals t\u00e4glich ohne Nebenwirkungen eingenommen werden.<\/p>\n<p>&nbsp;<\/p>\n<h3>Beispiele f\u00fcr die Anwendung von Ice Power Produkte<\/h3>\n<ul>\n<li><a href=\"https:\/\/www.icepower.com\/de\/weitere-anwendungsmoeglichkeiten\/ice-power-helps-to-relieve-the-painful-effects-and-muscle-stress-caused-by-working-with-computer\/\">Ice Power hilft bei Problemen aufgrund von Computerarbeit <\/a><\/li>\n<li><a href=\"https:\/\/www.icepower.com\/de\/weitere-anwendungsmoeglichkeiten\/ice-power-helps-with-rheumatic-pain\/\">Ice Power hilft bei Rheumaschmerzen <\/a><\/li>\n<li><a href=\"https:\/\/www.icepower.com\/de\/weitere-anwendungsmoeglichkeiten\/ice-power-helps-to-relieve-growing-pains\/\">Ice Power hilft, Wachstumsschmerzen zu lindern<\/a><\/li>\n<li><a href=\"https:\/\/www.icepower.com\/de\/weitere-anwendungsmoeglichkeiten\/ice-power-in-physical-therapy\/\">Ice Power in der Physiotherapie<\/a><\/li>\n<li><a href=\"https:\/\/www.icepower.com\/de\/weitere-anwendungsmoeglichkeiten\/ice-power-cold-treatments-for-sports\/\">Ice Power beim Sport<\/a><\/li>\n<\/ul>\n","protected":false},"excerpt":{"rendered":"<p>Ice Power Produkte bieten eine schnelle und einfache\u00a0Minderung bei Muskel- und Gelenkschmerzen und k\u00f6nnen mehrmals t\u00e4glich ohne Nebenwirkungen eingenommen werden. &nbsp; Beispiele f\u00fcr die Anwendung von Ice Power Produkte Ice Power hilft bei Problemen aufgrund von Computerarbeit Ice Power hilft bei Rheumaschmerzen Ice Power hilft, Wachstumsschmerzen zu lindern Ice Power in der Physiotherapie Ice Power [&hellip;]<\/p>\n","protected":false},"author":1,"featured_media":0,"parent":0,"menu_order":0,"comment_status":"closed","ping_status":"closed","template":"","meta":{"_acf_changed":false,"_exactmetrics_skip_tracking":false,"_exactmetrics_sitenote_active":false,"_exactmetrics_sitenote_note":"","_exactmetrics_sitenote_category":0,"footnotes":""},"class_list":["post-6637","page","type-page","status-publish","hentry"],"acf":[],"_links":{"self":[{"href":"https:\/\/www.icepower.com\/de\/wp-json\/wp\/v2\/pages\/6637","targetHints":{"allow":["GET"]}}],"collection":[{"href":"https:\/\/www.icepower.com\/de\/wp-json\/wp\/v2\/pages"}],"about":[{"href":"https:\/\/www.icepower.com\/de\/wp-json\/wp\/v2\/types\/page"}],"author":[{"embeddable":true,"href":"https:\/\/www.icepower.com\/de\/wp-json\/wp\/v2\/users\/1"}],"replies":[{"embeddable":true,"href":"https:\/\/www.icepower.com\/de\/wp-json\/wp\/v2\/comments?post=6637"}],"version-history":[{"count":12,"href":"https:\/\/www.icepower.com\/de\/wp-json\/wp\/v2\/pages\/6637\/revisions"}],"predecessor-version":[{"id":8904,"href":"https:\/\/www.icepower.com\/de\/wp-json\/wp\/v2\/pages\/6637\/revisions\/8904"}],"wp:attachment":[{"href":"https:\/\/www.icepower.com\/de\/wp-json\/wp\/v2\/media?parent=6637"}],"curies":[{"name":"wp","href":"https:\/\/api.w.org\/{rel}","templated":true}]}}