{"id":94,"date":"2016-06-07T15:20:33","date_gmt":"2016-06-07T12:20:33","guid":{"rendered":"https:\/\/www.icepower.com\/bg\/?page_id=94"},"modified":"2019-02-21T13:34:09","modified_gmt":"2019-02-21T11:34:09","slug":"ice-power-%d0%b4%d0%b8%d1%81%d1%82%d1%80%d0%b8%d0%b1%d1%83%d1%82%d0%be%d1%80%d0%b8","status":"publish","type":"page","link":"https:\/\/www.icepower.com\/bg\/ice-power-%d0%b4%d0%b8%d1%81%d1%82%d1%80%d0%b8%d0%b1%d1%83%d1%82%d0%be%d1%80%d0%b8\/","title":{"rendered":"Ice Power \u0434\u0438\u0441\u0442\u0440\u0438\u0431\u0443\u0442\u043e\u0440\u0438"},"content":{"rendered":"<h3>ANDORRA<\/h3>\n<p>Global Health Services SL<br \/>\nEgiburuberri, 13 &#8211; 0U<br \/>\n20100 Errenteria<br \/>\nSPAIN<br \/>\nTel:\u00a0 +34 943 528394<br \/>\nFax: +34 943 528394<br \/>\nE-mail: info@icepower-shop.es<br \/>\nFacebook: <a href=\"https:\/\/www.facebook.com\/pages\/ICEPOWER-Espa%C3%B1a\/134883439923359?ref=ts&amp;fref=ts\" target=\"_blank\">ICEPOWER Espa\u00f1a<\/a><\/p>\n<p>Compra ON-Line:<br \/>\n<a href=\"http:\/\/www.icepower-shop.es\/\" target=\"_blank\">www.icepower-shop.es<\/a><br \/>\n<a href=\"http:\/\/www.ghssl.es\/\" target=\"_blank\">www.GHSsl.es<\/a><\/p>\n<h3><\/h3>\n<h3>ANGOLA<\/h3>\n<p>Mercafar &#8211;\u00a0 Distribui\u00e7\u00e3o Farmac\u00eautica, S.A.<br \/>\nRua Pedro Jos\u00e9 Ferreira, 200\/210<br \/>\n4420-620 Gondomar<br \/>\nPortugal<br \/>\nTel: +351 22 340 1080<br \/>\nFax: +351 22 340 1051<br \/>\nE-mail: mercafar@mercafar.pt<br \/>\nFacebook:\u00a0<a href=\"https:\/\/www.facebook.com\/icepowerportugal?fref=ts\" target=\"_blank\">Ice Power Portugal<\/a><br \/>\n<a href=\"http:\/\/www.mercafar.pt\/\" target=\"_blank\">www.mercafar.pt<\/a><\/p>\n<h3><\/h3>\n<h3>BELGIUM<\/h3>\n<p>Metra Bvba-sprl<br \/>\nJan Samijnstraat 25<br \/>\nB &#8211; 9050 Gent<br \/>\nBelgium<br \/>\nTel: +32 9 227 7174<br \/>\nFax: +32 9 227 0280<br \/>\nE-mail: info@metra.be<br \/>\n<a href=\"http:\/\/www.icepower.be\/\" target=\"_blank\">www.icepower.be<\/a><br \/>\n<a href=\"http:\/\/www.metra.be\/\" target=\"_blank\">www.metra.be<\/a><\/p>\n<h3><\/h3>\n<h3>BOSNIA AND HERZEGOVINA<\/h3>\n<p>Medicopharm Bijeljina<br \/>\nKralja Dragutina 35<br \/>\n76300 Bijeljina<br \/>\nBosnia and Herzegovina<br \/>\nTel: +387 55 203 864<br \/>\nFax: +387 55 203 865<br \/>\nE-mail:medicopharmbih@spinter.net<br \/>\n<a href=\"http:\/\/www.medicopharm.com\/\" target=\"_blank\">www.medicopharm.com<\/a><\/p>\n<h3><\/h3>\n<h3>BRUNEI<\/h3>\n<p>ZEN&#8217;YU Pacific Pte Ltd<br \/>\n160 Paya Lebar Road #02-04,<br \/>\nOrion@Paya Lebar,<br \/>\nSingapore 409022<br \/>\nTel: 65-6356 7398<br \/>\nFax: 65-6356 7079<br \/>\nE-mail: <a href=\"mailto:\" target=\"_self\">linaho@activ360.net<\/a><\/p>\n<h3><\/h3>\n<h3>BULGARIA<\/h3>\n<p>Bestamed Ltd.<br \/>\n63 Shipchenski Prohod blvd.<br \/>\n1574 Sofia, Bulgaria<br \/>\nTel: +359.2.421.0829;<br \/>\nTel: +359.2.442.6262<br \/>\nE-mail: <a href=\"mailto:sales@bestamed.com\">sales@bestamed.com<\/a><br \/>\n<a href=\"http:\/\/www.bestamed.com\">www.bestamed.com<\/a><\/p>\n<h3><\/h3>\n<h3>CANARY ISLANDS<\/h3>\n<p>Global Health Services SL<br \/>\nEgiburuberri, 13 &#8211; 0U<br \/>\n20100 Errenteria<br \/>\nSPAIN<br \/>\nTel.\u00a0 +34 943 528394<br \/>\nFax. +34 943 528394<br \/>\nE-mail: info@icepower-shop.es<\/p>\n<p>Compra ON-Line:<br \/>\n<a href=\"http:\/\/www.icepower-shop.es\/\" target=\"_blank\">www.icepower-shop.es<\/a><br \/>\n<a href=\"http:\/\/www.ghssl.es\/\" target=\"_blank\">www.GHSsl.es<\/a><\/p>\n<h3><\/h3>\n<h3>CROATIA<\/h3>\n<p>Phoenix Farmacija D.D.<br \/>\nOzaljska 95<br \/>\n10000 Zagreb,<br \/>\nCroatia<br \/>\nTel: + 385 1 3650 111<br \/>\nFax: + 385 1 3650 110<br \/>\nE-mail: info@phoenix-farmacija.hr<br \/>\n<a href=\"http:\/\/www.phoenix-farmacija.hr\/\" target=\"_blank\">www.phoenix-farmacija.hr<\/a><\/p>\n<h3><\/h3>\n<h3>CYPRUS<\/h3>\n<p>Marathon Trading<br \/>\n35 Kilkis Str.<br \/>\n2234 Latsia<br \/>\nNicosia<br \/>\nCyprus<br \/>\nTel:\u00a0+357 22 899500,<br \/>\nFax: +357 22 757173<br \/>\nE-mail: sales@marathontrading.com<br \/>\nFacebook: <a href=\"https:\/\/www.facebook.com\/IcePowerCyprus?fref=ts\" target=\"_blank\">ICE POWER Cyprus <\/a><br \/>\n<a href=\"http:\/\/www.marathontrading.com\/\" target=\"_blank\">www.marathontrading.com<\/a><\/p>\n<h3><\/h3>\n<h3>DENMARK<\/h3>\n<p>Medic Danmark<br \/>\nKorskildeeng 4<br \/>\nDK-2670 Greve<br \/>\nDenmark<br \/>\nTel: +45 4611 6669<br \/>\nFax: +45 4611 6668<br \/>\nE-mail: lisbeth@medicdanmark.dk<br \/>\n<a href=\"http:\/\/www.medicdanmark.dk\" target=\"_self\">www.medicdanmark.dk<\/a><\/p>\n<h3><\/h3>\n<h3>ESTONIA<\/h3>\n<p>Import:<br \/>\nFysioline Eesti O\u00dc<br \/>\nTartu mnt.2<br \/>\n10145 Tallinn<br \/>\nEstonia<br \/>\nTel: +372 6459 030<br \/>\nFax: +372 6459 079<br \/>\nE-mail: info@fysioline.ee<\/p>\n<p>Wholesalers:<\/p>\n<p>Magnum Medical O\u00dc<br \/>\nVae 16<br \/>\n76401 Laagri alevik<br \/>\nSaue vald<br \/>\nHarjumaa<br \/>\nEstonia<br \/>\nTel: +372 6501 901<br \/>\nFax: +372 6501 900<br \/>\nE-mail: info@magnum.ee<br \/>\n<a href=\"http:\/\/www.magnum.ee\/\" target=\"_blank\">www.magnum.ee<\/a><\/p>\n<p>Tamro Eesti O\u00fc<br \/>\nP\u00e4rnu mnt. 501<br \/>\nLaagri 76401<br \/>\nHarjumaa<br \/>\nEstonia<br \/>\nTel: +372 6503 600<br \/>\nFax: +372 6503 601<br \/>\nE-mail: tamro.est@tamro.ee<br \/>\n<a href=\"http:\/\/www.tamro.ee\/\" target=\"_blank\">www.tamro.ee<\/a><\/p>\n<h3><\/h3>\n<h3>FINLAND<\/h3>\n<p>Fysioline Oy, Pharma,<br \/>\nArvionkatu 2<br \/>\n33840 Tampere<br \/>\nFinland<br \/>\nTel: +358 3 2330 300<br \/>\nFax: +358 3 2330 333<br \/>\nE-mail: info@fysioline.fi<br \/>\nFacebook: <a href=\"https:\/\/www.facebook.com\/IcePowerSuomi?fref=ts\" target=\"_blank\">Ice Power Suomi<\/a><br \/>\n<a href=\"http:\/\/www.icepower.fi\/\" target=\"_self\">www.icepower.fi<\/a><\/p>\n<h3><\/h3>\n<h3>GERMANY<\/h3>\n<p>Fysioline Oy\u00a0 &#8211; ICE POWER Vertriebszentrum<br \/>\nMagirus-Deutz-Strasse 12<br \/>\n89077 Ulm<br \/>\nTel.: 0731-603 190 44<br \/>\nE-Mail: <a href=\"mailto:info@fysioline.fi\">info@fysioline.fi<\/a><br \/>\n<a href=\"http:\/\/www.icepower.de\" target=\"_blank\">www.icepower.de<\/a><\/p>\n<p>Hecht-Pharma<br \/>\nF\u00fcnfhausendorf 1<br \/>\nD-21772 Stinstedt<br \/>\nGermany<br \/>\nTel: +49 4756 85 10 44<br \/>\nFax: +49 4756 85 10 88<br \/>\nE-mail: info@hecht-pharma.de<br \/>\nFacebook: <a href=\"https:\/\/www.facebook.com\/icepowerdeutschland?fref=ts\" target=\"_blank\">Ice Power Deutschland<\/a><br \/>\n<a href=\"http:\/\/www.hecht-pharma.de\/\" target=\"_blank\">www.hecht-pharma.de<\/a><br \/>\n<a href=\"http:\/\/www.icepower-shop.de\/\" target=\"_blank\">www.icepower-shop.de<\/a><\/p>\n<h3><\/h3>\n<h3>GREECE<\/h3>\n<p>Pharma Center S.A.<br \/>\n114 Saki Karagiorga str.<br \/>\nGR-16675 Glyfada, Athens<br \/>\nGreece<br \/>\nTel: +30 210 9604 511<br \/>\nFax: +30 210 9634 531<br \/>\nE-mail: <a href=\"mailto:info@pharmacenter.gr\" target=\"_self\">info@pharmacenter.gr<\/a><\/p>\n<h3><\/h3>\n<h3>IRAN<\/h3>\n<p>ARMAN Pharmed (part of Pourateb Group)<br \/>\n3rd Floor, No 18, 7th st,<br \/>\nKhaled Eslamboli Ave,<br \/>\nTehran, Iran<br \/>\nTel: (+98 21) 8848 0474<br \/>\nE-mail: sale@armanpharmed.com<br \/>\n<a href=\"http:\/\/www.armanpharmed.com\" target=\"_self\">www.armanpharmed.com<\/a><\/p>\n<h3><\/h3>\n<h3>IRELAND<\/h3>\n<p>Euro Medical and First Aid<br \/>\nBracken House, Ballyorban<br \/>\nMonkstown, Co. Cork<br \/>\nIRELAND<br \/>\nTel: +353 21 4371982<br \/>\nFax: +353 21 4376085<br \/>\nE-mail: <a href=\"mailto:info@euromedical.ie\" target=\"_self\">info@euromedical.ie<\/a><br \/>\n<a href=\"http:\/\/www.euromedical.ie\" target=\"_self\">www.euromedical.ie<\/a><\/p>\n<p>First Aid Supplies Ltd.<br \/>\nUnit 7 BEAT<br \/>\nStephenstown Industrial Estate<br \/>\nBalbriggan<br \/>\nCo. Dublin<br \/>\nIreland<br \/>\nTel: +353 1 8020426<br \/>\nFax: +353 1 8020473<br \/>\nE-mail: <a href=\"mailto:sales@firstaidsupplies.org\" target=\"_self\">sales@firstaidsupplies.org<\/a><br \/>\n<a href=\"http:\/\/www.firstaidsupplies.org\" target=\"_self\">www.firstaidsupplies.org<\/a><\/p>\n<h3><\/h3>\n<h3>ISRAEL<\/h3>\n<p>GamaMed Medical Products Ltd<br \/>\n147 Ben Gurion Rd., P.O.Box 2281<br \/>\n59121 Bat-Yam<br \/>\nIsrael<br \/>\nTel:\u00a0+97 23 5522131<br \/>\nFax: +97 23 5522132<br \/>\nE-mail: uri@gamamed.co.il<br \/>\nFacebook: <a href=\"https:\/\/www.facebook.com\/icepowerisrael?fref=ts\" target=\"_blank\">ICE POWER Israel<\/a><br \/>\n<a href=\"http:\/\/www.gamamed.co.il\/\" target=\"_blank\">www.gamamed.co.il<\/a><br \/>\n<a href=\"http:\/\/www.icepower.co.il\/\" target=\"_blank\">www.icepower.co.il<\/a><\/p>\n<h3><\/h3>\n<h3>JAPAN<\/h3>\n<p>Sunmedical, Inc.<br \/>\n7-33, Mizuho-dori, Mizuho-ku<br \/>\nNagoya, 467-0806 Japan<br \/>\nTel: +81 52 841 5384<br \/>\nFax: +81 52 841 5399<br \/>\nE-mail: kimurar@sunmed.co.jp<br \/>\n<a href=\"http:\/\/www.sunmed.co.jp\/\" target=\"_blank\">www.sunmed.co.jp<\/a><\/p>\n<h3><\/h3>\n<h3>JORDAN<\/h3>\n<p>Abu Sheikha Drug Store<br \/>\n68, Omiama Complex<br \/>\nAkef El Fayez street<br \/>\nAl Rashid District<br \/>\nAmman<br \/>\nJordan<br \/>\nTel: +962 6 5162971<br \/>\nFax: +962 6 5162973<br \/>\nE-mail: taiseer@abusheikha.com<br \/>\n<a href=\"http:\/\/www.abusheikha.com\/\" target=\"_blank\">www.abusheikha.com<\/a><\/p>\n<h3><\/h3>\n<h3>LATVIA<\/h3>\n<p>Oriola Riga SIA<br \/>\nDzelzavas street 120 M<br \/>\n1021 Riga<br \/>\nLatvia<br \/>\nTel: +371 7802 450<br \/>\nFax: +371 7802 460<br \/>\nE-mail: riga@oriola.com<br \/>\n<a href=\"http:\/\/www.oriola.lv\/\" target=\"_blank\">www.oriola.lv<\/a><\/p>\n<h3><\/h3>\n<h3>LITHUANIA<\/h3>\n<p>UAB Oriola Vilnius<br \/>\nLaisv\u00e9s pr. 75<br \/>\n2022 Vilnius<br \/>\nLithuania<br \/>\nTel: +370 5 2688 424<br \/>\nFax: +370 5 2688 400<br \/>\nE-mail: vilnius@oriola.com<br \/>\n<a href=\"http:\/\/www.oriola.lt\/\" target=\"_blank\">www.oriola.lt<\/a><\/p>\n<h3><\/h3>\n<h3>LUXEMBOURG<\/h3>\n<p>Promopharm S.A<br \/>\n4, rue Nicolas Wester<br \/>\nL-5836 Alzingen<br \/>\nLuxembourg<br \/>\nTel: +352 366 39645<br \/>\nFax: +352 263 60966<br \/>\nE-mail: promopharm@pt.lu<\/p>\n<h3><\/h3>\n<h3>MACEDONIA<\/h3>\n<p>DOOEL EURO-FARM<br \/>\nul. Ognjan Prica br. 5<br \/>\n1000 Skopje,<br \/>\nMacedonia<br \/>\nTel: + 389 2 3212 700<br \/>\nFax: + 389 2 3214 292<br \/>\nE-mail: eurofarm@eurofarm.com.mk<br \/>\n<a href=\"http:\/\/www.eurofarm.com.mk\/\" target=\"_blank\">www.eurofarm.com.mk<\/a><\/p>\n<h3><\/h3>\n<h3>MALAYSIA<\/h3>\n<p>Import:<br \/>\nZEN&#8217;YU Pacific Pte Ltd\u00a0 (Head office)<br \/>\n160 Paya Lebar Road #02-04,<br \/>\nOrion@Paya Lebar,<br \/>\nSingapore 409022<br \/>\nTel: 65-6356 7398<br \/>\nFax: 65-6356 7079<br \/>\nE-mail: <a href=\"mailto:\" target=\"_self\">linaho@activ360.net<\/a><\/p>\n<p>Wholesaler:<br \/>\nSynteq Medical<br \/>\nMalaysia<br \/>\nTel: +6016-2331751<br \/>\nFacebook: <a href=\"https:\/\/www.facebook.com\/pages\/Ice-Power-Malaysia\/1420671658160946\" target=\"_blank\">Ice Power Malaysia<\/a><\/p>\n<h3><\/h3>\n<h3>THE NETHERLANDS<\/h3>\n<p>Medzorg Nederland B.V.<br \/>\nBusiness Center Treslong<br \/>\nSatellietbaan 14-B<br \/>\nNL &#8211; 2181 MH Hillegom<br \/>\nThe Netherlands<br \/>\nTel: +31 252 536 200<br \/>\nFax: +31 252 429 092<br \/>\nE-mail info@medzorg.nl<br \/>\nFacebook: <a href=\"https:\/\/www.facebook.com\/IcePowerNL?fref=ts\" target=\"_blank\">IcePower<\/a><br \/>\n<a href=\"http:\/\/www.medzorg.nl\/\" target=\"_blank\">www.medzorg.nl<\/a><br \/>\n<a href=\"http:\/\/www.icepower.nl\/\" target=\"_blank\">www.icepower.nl<\/a><\/p>\n<h3><\/h3>\n<h3>PORTUGAL<\/h3>\n<p>Mercafar &#8211;\u00a0 Distribui\u00e7\u00e3o Farmac\u00eautica, S.A.<br \/>\nRua Pedro Jos\u00e9 Ferreira, 200\/210<br \/>\n4420-620 Gondomar<br \/>\nPortugal<br \/>\nTel: +351 22 340 1080<br \/>\nFax: +351 22 340 1051<br \/>\nE-mail: mercafar@mercafar.pt<br \/>\nFacebook: <a href=\"https:\/\/www.facebook.com\/icepowerportugal?fref=ts\" target=\"_blank\">Ice Power Portugal\u00a0<\/a><br \/>\n<a href=\"http:\/\/www.mercafar.pt\/\" target=\"_blank\">www.mercafar.pt<\/a><\/p>\n<h3><\/h3>\n<h3>ROMANIA<\/h3>\n<p>S.C. Ricomed S.R.L.<br \/>\nStr. Mr. Alexandru Campeanu Nr. 43<br \/>\nSector I, Bucuresti<br \/>\nRomania<br \/>\nTel: +40 31 438 01 51<br \/>\nFax: +40 31 438\u00a001 50<br \/>\nE-mail: office@ricomed.ro<\/p>\n<h3><\/h3>\n<h3>RUSSIA<\/h3>\n<p>Akeso Pharmaceuticals, Joint Stock Company<br \/>\nIrinovsky Avenue, 1, Lit. Z<br \/>\n195248 Saint-Petersburg<br \/>\nRussia<br \/>\nTel: +7 (812) 490 76 60<br \/>\nE-mail: general@akeso.ru<br \/>\n<a href=\"http:\/\/www.akeso.ru\/\">www.akeso.ru<\/a><\/p>\n<h3><\/h3>\n<h3>SAUDI ARABIA<\/h3>\n<p>Al Awael Medical Company<br \/>\n2613 Amer Bin Salama street<br \/>\nAl Rawada District<br \/>\nRiyadh, Saudi Arabia<br \/>\nTel: +966-1-257-1411<br \/>\nFax: +966-1-257-1511<br \/>\nE-mail: tmrf200sa@yahoo.com<\/p>\n<h3><\/h3>\n<h3>SERBIA AND MONTENEGRO<\/h3>\n<p>Medico Pharm Service<br \/>\nKru\u017eni put 36,<br \/>\n11309 Le\u0161tane \u2013 Belgrade<br \/>\nRepublic of\u00a0 Serbia<br \/>\nTel: +381 11 30 41\u00a0600<br \/>\nFax: +381 11 30 41\u00a0620<br \/>\nE-mail: office@medicopharm.com<br \/>\n<a href=\"http:\/\/www.medicopharm.com\/\" target=\"_blank\">www.medicopharm.com<\/a><\/p>\n<p>Medico Pharm Bijelo Polje<br \/>\nMontenegro<br \/>\nTel: +382 50 430 504<br \/>\nFax: +382 50 430 504<br \/>\nE-mail: office@medicopharm.com<br \/>\n<a href=\"http:\/\/www.medicopharm.com\/\" target=\"_blank\">www.medicopharm.com<\/a><\/p>\n<h3><\/h3>\n<h3>SINGAPORE<\/h3>\n<p>ACTIV360 by Zen&#8217;Yu (Retail store)<br \/>\n238 Thomson Road #03-42<br \/>\nVelocity<br \/>\nSingapore 307683<br \/>\nTel: +65 6356 5989<br \/>\nMobile: +65 92704287<br \/>\nFax: +65 6356 5646<br \/>\nE-mail: <a href=\"mailto:\" target=\"_self\">linaho@activ360.net <\/a><br \/>\n<a href=\"http:\/\/www.activ360.net\/\" target=\"_blank\">www.activ360.net<\/a><\/p>\n<p>ZEN&#8217;YU Pacific Pte Ltd\u00a0 (Head office)<br \/>\n160 Paya Lebar Road #02-04,<br \/>\nOrion@Paya Lebar,<br \/>\nSingapore 409022<br \/>\nTel: 65-6356 7398<br \/>\nFax: 65-6356 7079<br \/>\nE-mail: <a href=\"mailto:\" target=\"_self\">linaho@activ360.net<\/a><\/p>\n<h3><\/h3>\n<h3>SLOVENIA<\/h3>\n<p>VPD, Bled, d.o.o.<br \/>\nPot na Lisice 4<br \/>\n4260 Bled<br \/>\nSlovenia<br \/>\nTel: +386 (0)4 574 50 70<br \/>\nE-mail: marusa.krkoc@vpd.si<br \/>\nFacebook: <a href=\"https:\/\/www.facebook.com\/IcePowerSlovenija?fref=ts\" target=\"_blank\">ICE POWER Slovenija<\/a><br \/>\n<a href=\"http:\/\/www.vpd.si\/\" target=\"_blank\">www.vpd.si<\/a><\/p>\n<h3><\/h3>\n<h3>SPAIN<\/h3>\n<p>Global Health Services SL<br \/>\nEgiburuberri, 13 &#8211; 0U<br \/>\n20100 Errenteria<br \/>\nSPAIN<br \/>\nTel:\u00a0 +34 943 528394<br \/>\nFax: +34 943 528394<br \/>\nE-mail: info@icepower-shop.es<br \/>\nFacebook: <a href=\"https:\/\/www.facebook.com\/pages\/ICEPOWER-Espa%C3%B1a\/134883439923359?fref=ts\" target=\"_blank\">ICEPOWER Espa\u00f1a<\/a><\/p>\n<p>Compra ON-Line:<br \/>\n<a href=\"http:\/\/www.icepower-shop.es\/\" target=\"_blank\">www.icepower-shop.es<\/a><br \/>\n<a href=\"http:\/\/www.ghssl.es\/\" target=\"_blank\">www.GHSsl.es<\/a><\/p>\n<h3><\/h3>\n<h3>SWEDEN<\/h3>\n<p>Fysioline Sweden AB<br \/>\nV\u00e4stberga All\u00e9 9, Plan 8<br \/>\n12630 H\u00e4gersten<br \/>\nSVERIGE<br \/>\nTel. 08-760 6100<br \/>\nFax. 08-760 6110<br \/>\nE-mail: info@fysioline.se<\/p>\n<p>Ice Power products are available at Apoteket AB&#8217;s shops all over Sweden.<\/p>\n<h3><\/h3>\n<h3>SWITZERLAND<\/h3>\n<p>Medidor Ag<br \/>\nHealth Care &#8211; Therapie<br \/>\nEichacherstrasse 5<br \/>\nCH-8904 Aesch b. Birmensdorf\/Z\u00fcrich<br \/>\nTel: 044 739 88 88<br \/>\nFax: 044 739 88 00<br \/>\nE-mail: mail@medidor.ch<br \/>\n<a href=\"http:\/\/www.sissel.ch\/\" target=\"_blank\">www.sissel.ch<\/a><\/p>\n<p>FREI SWISS AG<br \/>\nSeestrasse 115<br \/>\n8800 Thalwil ZH<br \/>\nSwitzerland<br \/>\nTel.: 043 811 47 00<br \/>\nFAX: 043 811 47 01<br \/>\nE-mail: j.sebelefsky@frei-swiss.ch<br \/>\n<a href=\"http:\/\/www.frei-swiss.ch\/\" target=\"_blank\">www.frei-swiss.ch<\/a><\/p>\n<h3><\/h3>\n<h3>TAIWAN<\/h3>\n<p>Cing-Ho International Pty Ltd<br \/>\n2F., No.210, Yongli Rd., Yonghe Dist.,<br \/>\nNew Taipei City 234,<br \/>\nTaiwan (R.O.C.)<br \/>\nTel: 886-2-28087710<br \/>\nFax: 886-2-28087710<br \/>\nCell: 886-937 548 639<br \/>\nE-mail:\u00a0altosunspray@gmail.com<\/p>\n<p><strong>\u53f0\u7063<\/strong><br \/>\n<strong>\u9752\u79be\u570b\u969b\u5f71\u50cf\u88fd\u4f5c\u6709\u9650\u516c\u53f8<\/strong><br \/>\n234-50\u65b0\u5317\u5e02\u6c38\u548c\u5340\u6c38\u5229\u8def210\u865f 2\u6a13<br \/>\nTel: 886-2-28087710<br \/>\nFax: 886-2-28087710<br \/>\nCell: 886-937 548 639<br \/>\nE-mail:\u00a0<a href=\"mailto:altosunspray@gmail.com\">altosunspray@gmail.com<\/a><\/p>\n<h3><\/h3>\n<h3>UNITED ARAB EMIRATES<\/h3>\n<p>Green Pharma Stores<br \/>\nShop no. 96,97<br \/>\nSKM building \u2013 Industrial area 13<br \/>\nP.O.Box-68959<br \/>\nSharjah<br \/>\nUAE<br \/>\nTel: +971-6-5353733<br \/>\nFax : +971-6-5353732<br \/>\nE-mail: amer@abusheikha.com<\/p>\n<h3><\/h3>\n<h3>UNITED KINGDOM<\/h3>\n<p>A.Algeo LTD<br \/>\nSheridan House<br \/>\nBridge Industrial Estate<br \/>\nSpeke Hall Road<br \/>\nLiverpool, L24 9HB<br \/>\nUnited Kingdom<br \/>\nTel: +44 (0)151 448 1228<br \/>\nFax: +44 (0)151 448 1008<br \/>\nE-mail: <a href=\"mailto:sales@algeos.com\" target=\"_self\">sales@algeos.com<\/a><br \/>\n<a href=\"http:\/\/www.algeos.com\" target=\"_self\">www.algeos.com<\/a><\/p>\n<p id=\"uk\">Physique Management Company Ltd.<br \/>\nAlexandria Park<br \/>\nPenner Road, Havant<br \/>\nHampshire, England, PO9 1QY<br \/>\nUnited Kingdom<br \/>\nTel: +44 2392 471346<br \/>\nFax: +44 2392 471352<br \/>\nE-mail: sales@physique.co.uk<br \/>\n<a href=\"http:\/\/www.physique.co.uk\/\" target=\"_blank\">www.physique.co.uk<\/a><\/p>\n<h3><\/h3>\n<h3>YEMEN<\/h3>\n<p>Abu Sheikha Drug Store<br \/>\n68, Omiama Complex<br \/>\nAkef El Fayez street<br \/>\nAl Rashid District<br \/>\nAmman<br \/>\nJordan<br \/>\nTel: +962 6 5162971<br \/>\nFax: +962 6 5162973<br \/>\nE-mail: taiseer@abusheikha.com<br \/>\n<a href=\"http:\/\/www.abusheikha.com\/\" target=\"_blank\">www.abusheikha.com<\/a><\/p>\n","protected":false},"excerpt":{"rendered":"<p>ANDORRA Global Health Services SL Egiburuberri, 13 &#8211; 0U 20100 Errenteria SPAIN Tel:\u00a0 +34 943 528394 Fax: +34 943 528394 E-mail: info@icepower-shop.es Facebook: ICEPOWER Espa\u00f1a Compra ON-Line: www.icepower-shop.es www.GHSsl.es ANGOLA Mercafar &#8211;\u00a0 Distribui\u00e7\u00e3o Farmac\u00eautica, S.A. Rua Pedro Jos\u00e9 Ferreira, 200\/210 4420-620 Gondomar Portugal Tel: +351 22 340 1080 Fax: +351 22 340 1051 E-mail: mercafar@mercafar.pt [&hellip;]<\/p>\n","protected":false},"author":1,"featured_media":0,"parent":0,"menu_order":0,"comment_status":"closed","ping_status":"closed","template":"","meta":{"_acf_changed":false,"_exactmetrics_skip_tracking":false,"_exactmetrics_sitenote_active":false,"_exactmetrics_sitenote_note":"","_exactmetrics_sitenote_category":0,"footnotes":""},"class_list":["post-94","page","type-page","status-publish","hentry"],"acf":[],"_links":{"self":[{"href":"https:\/\/www.icepower.com\/bg\/wp-json\/wp\/v2\/pages\/94","targetHints":{"allow":["GET"]}}],"collection":[{"href":"https:\/\/www.icepower.com\/bg\/wp-json\/wp\/v2\/pages"}],"about":[{"href":"https:\/\/www.icepower.com\/bg\/wp-json\/wp\/v2\/types\/page"}],"author":[{"embeddable":true,"href":"https:\/\/www.icepower.com\/bg\/wp-json\/wp\/v2\/users\/1"}],"replies":[{"embeddable":true,"href":"https:\/\/www.icepower.com\/bg\/wp-json\/wp\/v2\/comments?post=94"}],"version-history":[{"count":2,"href":"https:\/\/www.icepower.com\/bg\/wp-json\/wp\/v2\/pages\/94\/revisions"}],"predecessor-version":[{"id":635,"href":"https:\/\/www.icepower.com\/bg\/wp-json\/wp\/v2\/pages\/94\/revisions\/635"}],"wp:attachment":[{"href":"https:\/\/www.icepower.com\/bg\/wp-json\/wp\/v2\/media?parent=94"}],"curies":[{"name":"wp","href":"https:\/\/api.w.org\/{rel}","templated":true}]}}