{"id":7305,"date":"2015-06-22T13:37:57","date_gmt":"2015-06-22T13:37:57","guid":{"rendered":"https:\/\/www.icepower.com\/?page_id=45"},"modified":"2015-06-22T13:37:57","modified_gmt":"2015-06-22T13:37:57","slug":"ice-power-fuer-die-muskeln","status":"publish","type":"page","link":"https:\/\/www.icepower.com\/at\/anwendung\/ice-power-fuer-die-muskeln\/","title":{"rendered":"Ice Power f\u00fcr die Muskeln"},"content":{"rendered":"<h1>Ice Power &#8211;\u00a0Schnelle Schmerzlinderung f\u00fcr Muskeln<\/h1>\n<p>Ice Power K\u00e4ltetherapie-Produkte lindern Schmerz und Entz\u00fcndungen in den Muskeln schnell und effektiv. Ice Power K\u00fchlgel\u00a0ist ein klinisch getestetes Schmerzmittel auf der Basis von nat\u00fcrlichen Inhaltsstoffen, das sicher in der Anwendung ist. Der K\u00fchleffekt tritt schnell ein und h\u00e4lt lange an; die Hauttemperatur wird in nur wenigen Minuten um ca. 5-7 Grad gesenkt.<\/p>\n<p>&nbsp;<\/p>\n","protected":false},"excerpt":{"rendered":"<p align=\"center\"> Ice Power lindert auf Basis nat\u00fcrlicher Inhaltsstoffe schnell und effektiv Schmerzen und Entz\u00fcndungen in den Muskeln <\/p>\n","protected":false},"author":1,"featured_media":6598,"parent":43,"menu_order":0,"comment_status":"open","ping_status":"open","template":"blocks_tpl.php","meta":{"_acf_changed":false,"_exactmetrics_skip_tracking":false,"_exactmetrics_sitenote_active":false,"_exactmetrics_sitenote_note":"","_exactmetrics_sitenote_category":0,"footnotes":""},"class_list":["post-7305","page","type-page","status-publish","has-post-thumbnail","hentry"],"acf":[],"_links":{"self":[{"href":"https:\/\/www.icepower.com\/at\/wp-json\/wp\/v2\/pages\/7305","targetHints":{"allow":["GET"]}}],"collection":[{"href":"https:\/\/www.icepower.com\/at\/wp-json\/wp\/v2\/pages"}],"about":[{"href":"https:\/\/www.icepower.com\/at\/wp-json\/wp\/v2\/types\/page"}],"author":[{"embeddable":true,"href":"https:\/\/www.icepower.com\/at\/wp-json\/wp\/v2\/users\/1"}],"replies":[{"embeddable":true,"href":"https:\/\/www.icepower.com\/at\/wp-json\/wp\/v2\/comments?post=7305"}],"version-history":[{"count":0,"href":"https:\/\/www.icepower.com\/at\/wp-json\/wp\/v2\/pages\/7305\/revisions"}],"up":[{"embeddable":true,"href":"https:\/\/www.icepower.com\/at\/wp-json\/wp\/v2\/pages\/43"}],"wp:featuredmedia":[{"embeddable":true,"href":"https:\/\/www.icepower.com\/at\/wp-json\/wp\/v2\/media\/6598"}],"wp:attachment":[{"href":"https:\/\/www.icepower.com\/at\/wp-json\/wp\/v2\/media?parent=7305"}],"curies":[{"name":"wp","href":"https:\/\/api.w.org\/{rel}","templated":true}]}}