{"id":6675,"date":"2015-08-11T13:26:51","date_gmt":"2015-08-11T13:26:51","guid":{"rendered":"https:\/\/www.icepower.com\/?page_id=6675"},"modified":"2015-08-11T13:26:51","modified_gmt":"2015-08-11T13:26:51","slug":"ice-power-hilft-wachstumsschmerzen-zu-lindern","status":"publish","type":"page","link":"https:\/\/www.icepower.com\/at\/anwendungsmoeglichkeiten-von-ice-power\/ice-power-hilft-wachstumsschmerzen-zu-lindern\/","title":{"rendered":"Ice Power hilft, Wachstumsschmerzen zu lindern"},"content":{"rendered":"<h1>Ice Power\u00a0hilft, Wachstumsschmerzen zu lindern<\/h1>\n<div class=\"description clearfix\">\n<p>Ice Power K\u00fchlgel\u00a0ist ein perfektes Produkt zur Vorbeugung und Linderung von Wachstumsschmerzen bei Kindern, denn es besitzt Eigenschaften zur F\u00f6rderung der Durchblutung und zur Entspannung der Muskeln.<\/p>\n<p><a id=\"eztoc3556_0_0_1\" name=\"eztoc3556_0_0_1\"><\/a><\/p>\n<h3>Sichere Verwendung f\u00fcr Kinder<\/h3>\n<p>Es gibt eine Vielzahl von Ursachen f\u00fcr Schmerzen der unteren Gliedma\u00dfen, an denen Kinder leiden, wobei Wachstumsschmerzen zu den h\u00e4ufigsten geh\u00f6ren. Es wird angenommen, dass Wachstumsschmerzen durch verschiedene Wachstumszeiten des Knochengewebes und des umliegenden Gewebes ausgel\u00f6st werden. In der Regel treten Wachstumsschmerzen bei Kindern zwischen 3 und 12 Jahren abends und nachts auf. Wachstumsschmerz wird vor allem im Bereich des Schienbeins ausgemacht, meistens in beiden Beinen. Das Kind besitzt keine anderen Symptome, noch ist der Zustand des Kindes gef\u00e4hrlich. Jedoch ist der Schmerz stark genug, dass das Kind leidet und wach liegt, statt zu schlafen. Ice Power kann helfen, Wachstumsschmerzen vorzubeugen und zu behandeln. Seine nat\u00fcrlichen Inhaltsstoffe Menthol und \u00e4therische \u00d6le reduzieren Schmerz, verbessern die Durchblutung im betreffenden Bereich und reduzieren Muskelanspannung. Dar\u00fcber hinaus beruhigt das k\u00fchlende Gef\u00fchl auf der Haut und in tieferem Gewebe die Beine des Kindes und lindert die Not, die mit dem Schmerzgef\u00fchl einhergeht. Ice Power K\u00fchlgel\u00a0ist sicher und einfach zu verwenden.<\/p>\n<p><a id=\"eztoc3556_0_0_2\" name=\"eztoc3556_0_0_2\"><\/a><\/p>\n<h3>Vorbeugung beschleunigt die Heilung<\/h3>\n<p>K\u00f6rperliche Anstrengung eines Kindes kann mit dem Auftreten von Wachstumsschmerzen zusammenh\u00e4ngen. Aus diesem Grund sollte ein Kind, das an Wachstumsschmerzen leidet, eine angemessene Menge an k\u00f6rperlichen \u00dcbungen am Tag durchf\u00fchren. Bei Kindern, die am Wachstumsschmerz leiden, ist es eine gute Idee, Ice Power nach k\u00f6rperlicher Anstrengung vor dem Schlafengehen anzuwenden. Dadurch heilen die Muskeln schneller und m\u00f6glichen Wachstumsschmerzsymptomen in der Nacht wird vorgebeugt.<\/p>\n<p><a id=\"eztoc3556_0_0_3\" name=\"eztoc3556_0_0_3\"><\/a><\/p>\n<h3>Behandlungshinweis<\/h3>\n<p>Geben Sie Ice Power K\u00fchlgel\u00a0auf den Schienbeinbereich eines Kindes, das an Wachstumsschmerzen leidet, entweder, wenn sich bereits Symptome zeigen oder vorbeugend, bevor das Kind ins Bett geht. Sollten die Symptome nachts erneut auftreten, wiederholen Sie die Behandlung. Mit dem Ice Power Roller k\u00f6nnen Kinder selbst daran teilhaben, das K\u00fchlgel zu verteilen. Bei sehr starken Schmerzen kann eine kleine Menge an Analgetikum verwendet werden, um den Effekt des K\u00fchlgels zu erh\u00f6hen.\u00a0Ice Power K\u00fchlgel ist ein alternatives, nicht verschreibungspflichtiges Analgetikum f\u00fcr Schmerzen des Weichgewebes und der Gelenke. Die Anwendung des Gels als Teil der Physiotherapie zusammen mit Analgetika verbessert das Ergebnis deutlich.<\/p>\n<\/div>\n","protected":false},"excerpt":{"rendered":"<p>Ice Power\u00a0hilft, Wachstumsschmerzen zu lindern Ice Power K\u00fchlgel\u00a0ist ein perfektes Produkt zur Vorbeugung und Linderung von Wachstumsschmerzen bei Kindern, denn es besitzt Eigenschaften zur F\u00f6rderung der Durchblutung und zur Entspannung der Muskeln. Sichere Verwendung f\u00fcr Kinder Es gibt eine Vielzahl von Ursachen f\u00fcr Schmerzen der unteren Gliedma\u00dfen, an denen Kinder leiden, wobei Wachstumsschmerzen zu den [&hellip;]<\/p>\n","protected":false},"author":1,"featured_media":0,"parent":6637,"menu_order":0,"comment_status":"closed","ping_status":"closed","template":"","meta":{"_acf_changed":false,"_exactmetrics_skip_tracking":false,"_exactmetrics_sitenote_active":false,"_exactmetrics_sitenote_note":"","_exactmetrics_sitenote_category":0,"footnotes":""},"class_list":["post-6675","page","type-page","status-publish","hentry"],"acf":[],"_links":{"self":[{"href":"https:\/\/www.icepower.com\/at\/wp-json\/wp\/v2\/pages\/6675","targetHints":{"allow":["GET"]}}],"collection":[{"href":"https:\/\/www.icepower.com\/at\/wp-json\/wp\/v2\/pages"}],"about":[{"href":"https:\/\/www.icepower.com\/at\/wp-json\/wp\/v2\/types\/page"}],"author":[{"embeddable":true,"href":"https:\/\/www.icepower.com\/at\/wp-json\/wp\/v2\/users\/1"}],"replies":[{"embeddable":true,"href":"https:\/\/www.icepower.com\/at\/wp-json\/wp\/v2\/comments?post=6675"}],"version-history":[{"count":0,"href":"https:\/\/www.icepower.com\/at\/wp-json\/wp\/v2\/pages\/6675\/revisions"}],"up":[{"embeddable":true,"href":"https:\/\/www.icepower.com\/at\/wp-json\/wp\/v2\/pages\/6637"}],"wp:attachment":[{"href":"https:\/\/www.icepower.com\/at\/wp-json\/wp\/v2\/media?parent=6675"}],"curies":[{"name":"wp","href":"https:\/\/api.w.org\/{rel}","templated":true}]}}