{"id":6657,"date":"2015-08-11T12:01:20","date_gmt":"2015-08-11T12:01:20","guid":{"rendered":"https:\/\/www.icepower.com\/?page_id=6657"},"modified":"2015-08-11T12:01:20","modified_gmt":"2015-08-11T12:01:20","slug":"klinische-studien-ueber-ice-power-produkte","status":"publish","type":"page","link":"https:\/\/www.icepower.com\/at\/klinische-studien-ueber-ice-power-produkte\/","title":{"rendered":"Klinische Studien \u00fcber Ice Power Produkte"},"content":{"rendered":"<p>Hier k\u00f6nnen Sie Zusammenfassungen einiger Ice Power Studien herunterladen. Kontaktieren Sie f\u00fcr weitere Informationen bitte Ihren \u00f6rtlichen Ice Power Vertriebspartner<\/p>\n<ul>\n<li><a href=\"\/wp-content\/uploads\/2015\/08\/IP-study-summary-english-2.pdf\">Zusammenfassung klinische Studie Ice Power K\u00fchlgel<\/a><\/li>\n<li><a href=\"\/at\/wp-content\/uploads\/sites\/63\/2015\/08\/IP_ArthroCreme-60g_A4_2pages_nobleeds.pdf\">Zusammenfassung Nutzerstudie Arthro Creme <\/a><\/li>\n<li><a href=\"\/wp-content\/uploads\/2015\/08\/Objective_IP_study_WIP_2012_Airaksinen-2.pdf\"> Sachliche Studie der Wirksamkeit von Ice Power K\u00fchlgel<\/a><\/li>\n<li><a href=\"\/wp-content\/uploads\/2015\/08\/Ice-Power-Expert-opinion-April-2011-1.pdf\">Ice Power Expertenmeinung <\/a><\/li>\n<\/ul>\n","protected":false},"excerpt":{"rendered":"<p>Hier k\u00f6nnen Sie Zusammenfassungen einiger Ice Power Studien herunterladen. Kontaktieren Sie f\u00fcr weitere Informationen bitte Ihren \u00f6rtlichen Ice Power Vertriebspartner Zusammenfassung klinische Studie Ice Power K\u00fchlgel Zusammenfassung Nutzerstudie Arthro Creme Sachliche Studie der Wirksamkeit von Ice Power K\u00fchlgel Ice Power Expertenmeinung<\/p>\n","protected":false},"author":1,"featured_media":0,"parent":0,"menu_order":0,"comment_status":"closed","ping_status":"closed","template":"","meta":{"_acf_changed":false,"_exactmetrics_skip_tracking":false,"_exactmetrics_sitenote_active":false,"_exactmetrics_sitenote_note":"","_exactmetrics_sitenote_category":0,"footnotes":""},"class_list":["post-6657","page","type-page","status-publish","hentry"],"acf":[],"_links":{"self":[{"href":"https:\/\/www.icepower.com\/at\/wp-json\/wp\/v2\/pages\/6657","targetHints":{"allow":["GET"]}}],"collection":[{"href":"https:\/\/www.icepower.com\/at\/wp-json\/wp\/v2\/pages"}],"about":[{"href":"https:\/\/www.icepower.com\/at\/wp-json\/wp\/v2\/types\/page"}],"author":[{"embeddable":true,"href":"https:\/\/www.icepower.com\/at\/wp-json\/wp\/v2\/users\/1"}],"replies":[{"embeddable":true,"href":"https:\/\/www.icepower.com\/at\/wp-json\/wp\/v2\/comments?post=6657"}],"version-history":[{"count":0,"href":"https:\/\/www.icepower.com\/at\/wp-json\/wp\/v2\/pages\/6657\/revisions"}],"wp:attachment":[{"href":"https:\/\/www.icepower.com\/at\/wp-json\/wp\/v2\/media?parent=6657"}],"curies":[{"name":"wp","href":"https:\/\/api.w.org\/{rel}","templated":true}]}}