{"id":26,"date":"2015-06-18T11:58:25","date_gmt":"2015-06-18T11:58:25","guid":{"rendered":"https:\/\/www.icepower.com\/?page_id=26"},"modified":"2020-06-17T12:38:00","modified_gmt":"2020-06-17T10:38:00","slug":"ice-power-fuer-den-sport","status":"publish","type":"page","link":"https:\/\/www.icepower.com\/at\/anwendung\/ice-power-fuer-den-sport\/","title":{"rendered":"Ice Power f\u00fcr den Sport"},"content":{"rendered":"<h1>Ice Power &#8211;\u00a0F\u00fcr schnelle Schmerzlinderung<\/h1>\n<p>Ice Power\u00a0K\u00e4ltetherapie\u00a0eignet\u00a0sich zur\u00a0Ersten Hilfe bei akuten Verletzungen, sowie zur Beschleunigung der Heilung einer Verletzung. Sie ist\u00a0ebenfalls eine exzellente Vorbereitung f\u00fcr Athleten vor k\u00f6rperlichen Anstrengungen und danach. Die K\u00e4ltewirkung lindert den Entz\u00fcndungsprozess, verhindert Schwellungen, reduziert\u00a0die\u00a0Durchblutung\u00a0und lindert den Schmerz.<\/p>\n","protected":false},"excerpt":{"rendered":"<p align=\"center\"> Ice Power ist weit verbreitet im Sportbereich und bietet exzellente Vorbereitung vor und nach k\u00f6rperlicher Anstrengung <\/p>\n","protected":false},"author":1,"featured_media":117,"parent":43,"menu_order":0,"comment_status":"open","ping_status":"open","template":"blocks_tpl.php","meta":{"_acf_changed":false,"_exactmetrics_skip_tracking":false,"_exactmetrics_sitenote_active":false,"_exactmetrics_sitenote_note":"","_exactmetrics_sitenote_category":0,"footnotes":""},"class_list":["post-26","page","type-page","status-publish","has-post-thumbnail","hentry"],"acf":[],"_links":{"self":[{"href":"https:\/\/www.icepower.com\/at\/wp-json\/wp\/v2\/pages\/26","targetHints":{"allow":["GET"]}}],"collection":[{"href":"https:\/\/www.icepower.com\/at\/wp-json\/wp\/v2\/pages"}],"about":[{"href":"https:\/\/www.icepower.com\/at\/wp-json\/wp\/v2\/types\/page"}],"author":[{"embeddable":true,"href":"https:\/\/www.icepower.com\/at\/wp-json\/wp\/v2\/users\/1"}],"replies":[{"embeddable":true,"href":"https:\/\/www.icepower.com\/at\/wp-json\/wp\/v2\/comments?post=26"}],"version-history":[{"count":1,"href":"https:\/\/www.icepower.com\/at\/wp-json\/wp\/v2\/pages\/26\/revisions"}],"predecessor-version":[{"id":9321,"href":"https:\/\/www.icepower.com\/at\/wp-json\/wp\/v2\/pages\/26\/revisions\/9321"}],"up":[{"embeddable":true,"href":"https:\/\/www.icepower.com\/at\/wp-json\/wp\/v2\/pages\/43"}],"wp:featuredmedia":[{"embeddable":true,"href":"https:\/\/www.icepower.com\/at\/wp-json\/wp\/v2\/media\/117"}],"wp:attachment":[{"href":"https:\/\/www.icepower.com\/at\/wp-json\/wp\/v2\/media?parent=26"}],"curies":[{"name":"wp","href":"https:\/\/api.w.org\/{rel}","templated":true}]}}