{"id":11,"date":"2015-06-12T08:58:59","date_gmt":"2015-06-12T08:58:59","guid":{"rendered":"https:\/\/www.icepower.com\/?page_id=11"},"modified":"2015-06-12T08:58:59","modified_gmt":"2015-06-12T08:58:59","slug":"fuer-experten","status":"publish","type":"page","link":"https:\/\/www.icepower.com\/at\/fuer-experten\/","title":{"rendered":"F\u00fcr Experten"},"content":{"rendered":"<h3>Ice Power \u2013 wissenschaftlich bewiesene Wirkung!<\/h3>\n<p>Ice Power mindert effektiv Schmerz und Entz\u00fcndung, reduziert die Schwellung, senkt die Muskelspannung und beschleunigt die Heilung von Verletzungen und Muskelanstrengung.<\/p>\n<p class=\" text-JUSTIFY\">Der Ice Power K\u00fchlgel\u00a0Effekt basiert auf Menthol und anderen \u00e4therischen \u00d6len, die die Temperatur der Haut um etwa 5-7 Grad senken. Die Wirkung wird durch einen k\u00fcrzlich entdeckten k\u00e4lte\u00fcbermittelnden Mentholrezeptor (CMR1) gef\u00f6rdert, der in eine Gruppe von Haut-Thermoregulierungsrezeptoren geh\u00f6rt. Mentholrezeptoren \u00fcberrmitteln den Effekt auch an tieferes Gewebe. Das Gel reduziert den Einfluss von Blut und Gewebefl\u00fcssigkeiten und verhindert die Bildung von Schwellungen. Je fr\u00fcher das Ice Power K\u00fchlgel verwendet wird, desto besser die Ergebnisse. Mit Ice Power K\u00fchlgel kann die K\u00e4ltetherapie h\u00e4ufiger durchgef\u00fchrt werden, was die Wirksamkeit der Behandlung verl\u00e4ngert.<\/p>\n<p>Die Wirksamkeit des Ice Power K\u00fchlgel ist wissenschaftlich bewiesen. Es reduziert Schmerz und f\u00f6rdert die Heilung von Verletzungen von weichem Gewebe. Die erste K\u00e4ltegel-Studie auf der Welt wurde in der Kuopio Universit\u00e4t in Verbindung mit Universit\u00e4tskrankenh\u00e4usern durchgef\u00fchrt. Die Studie mit Ice Power K\u00fchlgel erfolgte\u00a0durch Dr. Olavi Airaksinen. Ein Kurzbericht der Studie wurde in der Publikation der\u00a0American Academy of Physical Medicine &amp; Rehabilitation ver\u00f6ffentlicht. Die klinische Studie zeigte, dass die Wirksamkeit des Ice Power K\u00fchlgels\u00a0sofort nach dem Auftragen beginnt und der Schmerz nach einer Woche der Behandlung um die H\u00e4lfte zur\u00fcckgeht.<\/p>\n<h2><\/h2>\n","protected":false},"excerpt":{"rendered":"<p>Ice Power \u2013 wissenschaftlich bewiesene Wirkung! Ice Power mindert effektiv Schmerz und Entz\u00fcndung, reduziert die Schwellung, senkt die Muskelspannung und beschleunigt die Heilung von Verletzungen und Muskelanstrengung. Der Ice Power K\u00fchlgel\u00a0Effekt basiert auf Menthol und anderen \u00e4therischen \u00d6len, die die Temperatur der Haut um etwa 5-7 Grad senken. Die Wirkung wird durch einen k\u00fcrzlich entdeckten [&hellip;]<\/p>\n","protected":false},"author":1,"featured_media":0,"parent":0,"menu_order":0,"comment_status":"open","ping_status":"open","template":"","meta":{"_acf_changed":false,"_exactmetrics_skip_tracking":false,"_exactmetrics_sitenote_active":false,"_exactmetrics_sitenote_note":"","_exactmetrics_sitenote_category":0,"footnotes":""},"class_list":["post-11","page","type-page","status-publish","hentry"],"acf":[],"_links":{"self":[{"href":"https:\/\/www.icepower.com\/at\/wp-json\/wp\/v2\/pages\/11","targetHints":{"allow":["GET"]}}],"collection":[{"href":"https:\/\/www.icepower.com\/at\/wp-json\/wp\/v2\/pages"}],"about":[{"href":"https:\/\/www.icepower.com\/at\/wp-json\/wp\/v2\/types\/page"}],"author":[{"embeddable":true,"href":"https:\/\/www.icepower.com\/at\/wp-json\/wp\/v2\/users\/1"}],"replies":[{"embeddable":true,"href":"https:\/\/www.icepower.com\/at\/wp-json\/wp\/v2\/comments?post=11"}],"version-history":[{"count":0,"href":"https:\/\/www.icepower.com\/at\/wp-json\/wp\/v2\/pages\/11\/revisions"}],"wp:attachment":[{"href":"https:\/\/www.icepower.com\/at\/wp-json\/wp\/v2\/media?parent=11"}],"curies":[{"name":"wp","href":"https:\/\/api.w.org\/{rel}","templated":true}]}}