{"id":7,"date":"2020-05-04T10:30:16","date_gmt":"2020-05-04T07:30:16","guid":{"rendered":"https:\/\/www.icepower.com\/al\/?page_id=7&#038;lang=fi"},"modified":"2024-07-29T15:16:41","modified_gmt":"2024-07-29T12:16:41","slug":"kontakti","status":"publish","type":"page","link":"https:\/\/www.icepower.com\/al\/kontakti\/","title":{"rendered":"Kontakti"},"content":{"rendered":"<p>P\u00ebrfaq\u00ebsues dhe distributor p\u00ebr Kosov\u00eb dhe Shqip\u00ebri:<\/p>\n<h3>BETA PHARM sh.p.k.<\/h3>\n<p>Kosov\u00eb Tel. +383 38 55 33 73<br \/>\nShqip\u00ebri Rel. +355 44 32 38 88<br \/>\n<a title=\"mailto:info@beta-pharm.com\" href=\"mailto:info@beta-pharm.com\"><span lang=\"EN-US\">info@beta-pharm.com<\/span><\/a><br \/>\n<a href=\"http:\/\/www.beta-pharm.com\" target=\"_blank\" rel=\"noopener\">www.beta-pharm.com<\/a><\/p>\n<h3>Fysioline Oy, Pharma<\/h3>\n<p>Arvionkatu 2<br \/>\nFI-33840 TAMPERE<br \/>\nFinland<br \/>\n<a href=\"http:\/\/www.fysioline.fi\/\">www.fysioline.fi<\/a><br \/>\n<a href=\"http:\/\/www.icepower.fi\/\">www.icepower.fi<\/a><\/p>\n<p>Tel. +358 (0)3 2330 300<br \/>\nFax. +358 (0)3 2350 777<br \/>\n<a href=\"mailto:info@fysioline.fi\">info@fysioline.fi<\/a><\/p>\n<h3>Forma e kontaktit<\/h3>\n\n<div class=\"wpcf7 no-js\" id=\"wpcf7-f73-o1\" lang=\"en-US\" dir=\"ltr\" data-wpcf7-id=\"73\">\n<div class=\"screen-reader-response\"><p role=\"status\" aria-live=\"polite\" aria-atomic=\"true\"><\/p> <ul><\/ul><\/div>\n<form action=\"\/al\/wp-json\/wp\/v2\/pages\/7#wpcf7-f73-o1\" method=\"post\" class=\"wpcf7-form init\" aria-label=\"Contact form\" novalidate=\"novalidate\" data-status=\"init\">\n<fieldset class=\"hidden-fields-container\"><input type=\"hidden\" name=\"_wpcf7\" value=\"73\" \/><input type=\"hidden\" name=\"_wpcf7_version\" value=\"6.1\" \/><input type=\"hidden\" name=\"_wpcf7_locale\" value=\"en_US\" \/><input type=\"hidden\" name=\"_wpcf7_unit_tag\" value=\"wpcf7-f73-o1\" \/><input type=\"hidden\" name=\"_wpcf7_container_post\" value=\"0\" \/><input type=\"hidden\" name=\"_wpcf7_posted_data_hash\" value=\"\" \/><input type=\"hidden\" name=\"_wpcf7_recaptcha_response\" value=\"\" \/>\n<\/fieldset>\n<p>Emri*\n<\/p>\n<p><span class=\"wpcf7-form-control-wrap\" data-name=\"first-name\"><input size=\"40\" maxlength=\"400\" class=\"wpcf7-form-control wpcf7-text wpcf7-validates-as-required\" aria-required=\"true\" aria-invalid=\"false\" value=\"\" type=\"text\" name=\"first-name\" \/><\/span>\n<\/p>\n<p>Mbiemri*\n<\/p>\n<p><span class=\"wpcf7-form-control-wrap\" data-name=\"last-name\"><input size=\"40\" maxlength=\"400\" class=\"wpcf7-form-control wpcf7-text wpcf7-validates-as-required\" aria-required=\"true\" aria-invalid=\"false\" value=\"\" type=\"text\" name=\"last-name\" \/><\/span>\n<\/p>\n<p>Kompania*\n<\/p>\n<p><span class=\"wpcf7-form-control-wrap\" data-name=\"company\"><input size=\"40\" maxlength=\"400\" class=\"wpcf7-form-control wpcf7-text wpcf7-validates-as-required\" aria-required=\"true\" aria-invalid=\"false\" value=\"\" type=\"text\" name=\"company\" \/><\/span>\n<\/p>\n<p>E-mail*\n<\/p>\n<p><span class=\"wpcf7-form-control-wrap\" data-name=\"your-email\"><input size=\"40\" maxlength=\"400\" class=\"wpcf7-form-control wpcf7-email wpcf7-validates-as-required wpcf7-text wpcf7-validates-as-email\" aria-required=\"true\" aria-invalid=\"false\" value=\"\" type=\"email\" name=\"your-email\" \/><\/span>\n<\/p>\n<p>Numri kontaktues\n<\/p>\n<p><span class=\"wpcf7-form-control-wrap\" data-name=\"your-phone\"><input size=\"40\" maxlength=\"400\" class=\"wpcf7-form-control wpcf7-text\" aria-invalid=\"false\" value=\"\" type=\"text\" name=\"your-phone\" \/><\/span>\n<\/p>\n<p>Subjekti*\n<\/p>\n<p><span class=\"wpcf7-form-control-wrap\" data-name=\"your-subject\"><input size=\"40\" maxlength=\"400\" class=\"wpcf7-form-control wpcf7-text\" aria-invalid=\"false\" value=\"\" type=\"text\" name=\"your-subject\" \/><\/span>\n<\/p>\n<p>Mesazhi*\n<\/p>\n<p><span class=\"wpcf7-form-control-wrap\" data-name=\"your-message\"><textarea cols=\"40\" rows=\"10\" maxlength=\"2000\" class=\"wpcf7-form-control wpcf7-textarea\" aria-invalid=\"false\" name=\"your-message\"><\/textarea><\/span>\n<\/p>\n<p><br \/>\n\n<\/p>\n<p><input class=\"wpcf7-form-control wpcf7-submit has-spinner\" type=\"submit\" value=\"D\u00ebrgo\" \/>\n<\/p><div class=\"wpcf7-response-output\" aria-hidden=\"true\"><\/div>\n<\/form>\n<\/div>\n\n","protected":false},"excerpt":{"rendered":"<p>P\u00ebrfaq\u00ebsues dhe distributor p\u00ebr Kosov\u00eb dhe Shqip\u00ebri: BETA PHARM sh.p.k. Kosov\u00eb Tel. +383 38 55 33 73 Shqip\u00ebri Rel. +355 44 32 38 88 info@beta-pharm.com www.beta-pharm.com Fysioline Oy, Pharma Arvionkatu 2 FI-33840 TAMPERE Finland www.fysioline.fi www.icepower.fi Tel. +358 (0)3 2330 300 Fax. +358 (0)3 2350 777 info@fysioline.fi Forma e kontaktit<\/p>\n","protected":false},"author":1,"featured_media":0,"parent":0,"menu_order":0,"comment_status":"closed","ping_status":"closed","template":"","meta":{"_acf_changed":false,"_exactmetrics_skip_tracking":false,"_exactmetrics_sitenote_active":false,"_exactmetrics_sitenote_note":"","_exactmetrics_sitenote_category":0,"footnotes":""},"class_list":["post-7","page","type-page","status-publish","hentry"],"acf":[],"_links":{"self":[{"href":"https:\/\/www.icepower.com\/al\/wp-json\/wp\/v2\/pages\/7","targetHints":{"allow":["GET"]}}],"collection":[{"href":"https:\/\/www.icepower.com\/al\/wp-json\/wp\/v2\/pages"}],"about":[{"href":"https:\/\/www.icepower.com\/al\/wp-json\/wp\/v2\/types\/page"}],"author":[{"embeddable":true,"href":"https:\/\/www.icepower.com\/al\/wp-json\/wp\/v2\/users\/1"}],"replies":[{"embeddable":true,"href":"https:\/\/www.icepower.com\/al\/wp-json\/wp\/v2\/comments?post=7"}],"version-history":[{"count":6,"href":"https:\/\/www.icepower.com\/al\/wp-json\/wp\/v2\/pages\/7\/revisions"}],"predecessor-version":[{"id":236,"href":"https:\/\/www.icepower.com\/al\/wp-json\/wp\/v2\/pages\/7\/revisions\/236"}],"wp:attachment":[{"href":"https:\/\/www.icepower.com\/al\/wp-json\/wp\/v2\/media?parent=7"}],"curies":[{"name":"wp","href":"https:\/\/api.w.org\/{rel}","templated":true}]}}